{"id":5084,"date":"2025-11-23T22:08:30","date_gmt":"2025-11-23T22:08:30","guid":{"rendered":"https:\/\/planitpower.com\/?post_type=product&#038;p=5084"},"modified":"2026-04-14T20:21:09","modified_gmt":"2026-04-14T20:21:09","slug":"tp-link-tapo-p115-smart-plug","status":"publish","type":"product","link":"https:\/\/planitpower.com\/fr\/boutique\/tp-link-tapo-p115-smart-plug\/","title":{"rendered":"Prise intelligente TP-Link Tapo P115"},"content":{"rendered":"<h3 class=\"wp-block-heading\">Description<\/h3>\n\n\n\n<p>La prise intelligente Tapo P115 de TP-Link offre un contr\u00f4le intelligent et une surveillance de l'\u00e9nergie en temps r\u00e9el sous une forme compacte et sans hub. Command\u00e9e via l'application Tapo, elle vous permet d'allumer ou d'\u00e9teindre des appareils \u00e0 distance, de d\u00e9finir des horaires et des minuteries, et de simuler une pr\u00e9sence \u00e0 la maison gr\u00e2ce \u00e0 un mode Absent. Compatible avec les commandes vocales Amazon Alexa et Google Assistant, il prend en charge \u00e0 la fois le r\u00e9seau local et l'acc\u00e8s \u00e0 distance, m\u00eame si votre internet est interrompu. Sa taille mini garantit que les prises adjacentes restent libres, ce qui le rend id\u00e9al pour une utilisation quotidienne dans n'importe quelle pi\u00e8ce.<\/p>\n\n\n\n<h2 class=\"wp-block-heading\">Sp\u00e9cifications techniques<\/h2>\n\n\n\n<figure class=\"wp-block-table\"><table class=\"has-fixed-layout\"><thead><tr><th><strong>Sp\u00e9cifications<\/strong><\/th><th><strong>D\u00e9tail<\/strong><\/th><\/tr><\/thead><tbody><tr><td>Protocole Wi-Fi<\/td><td>IEEE 802.11 b\/g\/n, 2,4 GHz<\/td><\/tr><tr><td>Tension nominale<\/td><td>AC 100-240 V~, 50\/60 Hz<\/td><\/tr><tr><td>Charge maximale<\/td><td>16 A \/ jusqu'\u00e0 3 680 W<\/td><\/tr><tr><td>Dimensions<\/td><td>Environ 49 \u00d7 60 mm<\/td><\/tr><tr><td>Mat\u00e9riau<\/td><td>PC ignifug\u00e9 (class\u00e9 V-0)<\/td><\/tr><tr><td>Temp\u00e9rature de fonctionnement<\/td><td>0 \u00b0C \u00e0 40 \u00b0C<\/td><\/tr><tr><td>Humidit\u00e9 de fonctionnement<\/td><td>10% \u00e0 90%, sans condensation<\/td><\/tr><tr><td>Commande vocale<\/td><td>Amazon Alexa, Google Assistant<\/td><\/tr><tr><td>Compatibilit\u00e9 des applications<\/td><td>iOS 9.0+ \/ Android 4.3+<\/td><\/tr><\/tbody><\/table><\/figure>","protected":false},"excerpt":{"rendered":"<h2 data-start=\"985\" data-end=\"1003\">Principales caract\u00e9ristiques<\/h2>\n<ul data-start=\"1004\" data-end=\"1842\">\n<li data-start=\"1004\" data-end=\"1156\">\n<p data-start=\"1006\" data-end=\"1156\"><strong data-start=\"1006\" data-end=\"1034\">Contr\u00f4le local et \u00e0 distance<\/strong> - Allumez ou \u00e9teignez vos appareils de n'importe o\u00f9 gr\u00e2ce \u00e0 l'application Tapo, avec la possibilit\u00e9 d'un contr\u00f4le local en cas de panne d'internet.<\/p>\n<\/li>\n<li data-start=\"1157\" data-end=\"1271\">\n<p data-start=\"1159\" data-end=\"1271\"><strong data-start=\"1159\" data-end=\"1180\">Contr\u00f4le de l'\u00e9nergie<\/strong> - Visualisez la consommation \u00e9lectrique en temps r\u00e9el et suivez les tendances d'utilisation pour mieux g\u00e9rer les co\u00fbts \u00e9nerg\u00e9tiques.<\/p>\n<\/li>\n<li data-start=\"1272\" data-end=\"1395\">\n<p data-start=\"1274\" data-end=\"1395\"><strong data-start=\"1274\" data-end=\"1299\">Programmation et minuterie<\/strong> - Cr\u00e9ez des routines automatiques, des minuteries et des comptes \u00e0 rebours pour optimiser la consommation d'\u00e9nergie et le confort d'utilisation.<\/p>\n<\/li>\n<li data-start=\"1396\" data-end=\"1508\">\n<p data-start=\"1398\" data-end=\"1508\"><strong data-start=\"1398\" data-end=\"1411\">Mode Absent<\/strong> - Allume et \u00e9teint de mani\u00e8re al\u00e9atoire les appareils connect\u00e9s pour simuler une pr\u00e9sence lorsque vous n'\u00eates pas \u00e0 la maison.<\/p>\n<\/li>\n<li data-start=\"1509\" data-end=\"1618\">\n<p data-start=\"1511\" data-end=\"1618\"><strong data-start=\"1511\" data-end=\"1544\">Compatibilit\u00e9 avec l'assistant vocal<\/strong> - Fonctionne avec Amazon Alexa et Google Assistant pour des commandes mains libres.<\/p>\n<\/li>\n<li data-start=\"1619\" data-end=\"1727\">\n<p data-start=\"1621\" data-end=\"1727\"><strong data-start=\"1621\" data-end=\"1649\">Conception compacte, sans moyeu<\/strong> - Facile \u00e0 installer par Wi-Fi et con\u00e7u pour \u00e9viter de bloquer les prises adjacentes.<\/p>\n<\/li>\n<li data-start=\"1728\" data-end=\"1842\">\n<p data-start=\"1730\" data-end=\"1842\"><strong data-start=\"1730\" data-end=\"1749\">S\u00e9curit\u00e9 renforc\u00e9e<\/strong> - Construit avec des mat\u00e9riaux ignifuges et une protection contre les surcharges pour un fonctionnement s\u00fbr \u00e0 long terme.<\/p>\n<\/li>\n<\/ul>","protected":false},"featured_media":5086,"comment_status":"open","ping_status":"closed","template":"","meta":{"jetpack_post_was_ever_published":false,"jetpack_publicize_message":"","jetpack_publicize_feature_enabled":false,"jetpack_social_post_already_shared":false,"jetpack_social_options":{"image_generator_settings":{"template":"highway","default_image_id":0,"font":"","enabled":false},"version":2}},"product_brand":[169],"product_cat":[99],"product_tag":[],"class_list":{"0":"post-5084","1":"product","2":"type-product","3":"status-publish","4":"has-post-thumbnail","6":"product_brand-tp-link","7":"product_cat-smart-plugs","9":"first","10":"instock","11":"taxable","12":"shipping-taxable","13":"purchasable","14":"product-type-simple"},"yoast_head":"<!-- This site is optimized with the Yoast SEO plugin v27.5 - https:\/\/yoast.com\/product\/yoast-seo-wordpress\/ -->\n<title>TP-Link Tapo P115 Smart Plug - Planitpower<\/title>\n<meta name=\"description\" content=\"TP-Link Tapo P115 Smart Plug \u2013 compact Wi-Fi smart socket with energy monitoring, scheduling, voice control and overload protection. Optimise energy use and automate your home easily.\" \/>\n<meta name=\"robots\" content=\"index, follow, max-snippet:-1, max-image-preview:large, max-video-preview:-1\" \/>\n<link rel=\"canonical\" href=\"https:\/\/planitpower.com\/fr\/boutique\/tp-link-tapo-p115-smart-plug\/\" \/>\n<meta property=\"og:locale\" content=\"fr_FR\" \/>\n<meta property=\"og:type\" content=\"article\" \/>\n<meta property=\"og:title\" content=\"TP-Link Tapo P115 Smart Plug - Planitpower\" \/>\n<meta property=\"og:description\" content=\"TP-Link Tapo P115 Smart Plug \u2013 compact Wi-Fi smart socket with energy monitoring, scheduling, voice control and overload protection. Optimise energy use and automate your home easily.\" \/>\n<meta property=\"og:url\" content=\"https:\/\/planitpower.com\/fr\/boutique\/tp-link-tapo-p115-smart-plug\/\" \/>\n<meta property=\"og:site_name\" content=\"Planitpower\" \/>\n<meta property=\"article:modified_time\" content=\"2026-04-14T20:21:09+00:00\" \/>\n<meta property=\"og:image\" content=\"https:\/\/planitpower.com\/wp-content\/uploads\/2025\/11\/TPLLTAPOP115_1.webp\" \/>\n\t<meta property=\"og:image:width\" content=\"1000\" \/>\n\t<meta property=\"og:image:height\" content=\"1000\" \/>\n\t<meta property=\"og:image:type\" content=\"image\/webp\" \/>\n<meta name=\"twitter:card\" content=\"summary_large_image\" \/>\n<meta name=\"twitter:label1\" content=\"Dur\u00e9e de lecture estim\u00e9e\" \/>\n\t<meta name=\"twitter:data1\" content=\"1 minute\" \/>\n<script type=\"application\/ld+json\" class=\"yoast-schema-graph\">{\"@context\":\"https:\\\/\\\/schema.org\",\"@graph\":[{\"@type\":\"WebPage\",\"@id\":\"https:\\\/\\\/planitpower.com\\\/shop\\\/tp-link-tapo-p115-smart-plug\\\/\",\"url\":\"https:\\\/\\\/planitpower.com\\\/shop\\\/tp-link-tapo-p115-smart-plug\\\/\",\"name\":\"TP-Link Tapo P115 Smart Plug - Planitpower\",\"isPartOf\":{\"@id\":\"https:\\\/\\\/planitpower.com\\\/#website\"},\"primaryImageOfPage\":{\"@id\":\"https:\\\/\\\/planitpower.com\\\/shop\\\/tp-link-tapo-p115-smart-plug\\\/#primaryimage\"},\"image\":{\"@id\":\"https:\\\/\\\/planitpower.com\\\/shop\\\/tp-link-tapo-p115-smart-plug\\\/#primaryimage\"},\"thumbnailUrl\":\"https:\\\/\\\/i0.wp.com\\\/planitpower.com\\\/wp-content\\\/uploads\\\/2025\\\/11\\\/TPLLTAPOP115_1.webp?fit=1000%2C1000&ssl=1\",\"datePublished\":\"2025-11-23T22:08:30+00:00\",\"dateModified\":\"2026-04-14T20:21:09+00:00\",\"description\":\"TP-Link Tapo P115 Smart Plug \u2013 compact Wi-Fi smart socket with energy monitoring, scheduling, voice control and overload protection. Optimise energy use and automate your home easily.\",\"breadcrumb\":{\"@id\":\"https:\\\/\\\/planitpower.com\\\/shop\\\/tp-link-tapo-p115-smart-plug\\\/#breadcrumb\"},\"inLanguage\":\"fr-FR\",\"potentialAction\":[{\"@type\":\"ReadAction\",\"target\":[\"https:\\\/\\\/planitpower.com\\\/shop\\\/tp-link-tapo-p115-smart-plug\\\/\"]}]},{\"@type\":\"ImageObject\",\"inLanguage\":\"fr-FR\",\"@id\":\"https:\\\/\\\/planitpower.com\\\/shop\\\/tp-link-tapo-p115-smart-plug\\\/#primaryimage\",\"url\":\"https:\\\/\\\/i0.wp.com\\\/planitpower.com\\\/wp-content\\\/uploads\\\/2025\\\/11\\\/TPLLTAPOP115_1.webp?fit=1000%2C1000&ssl=1\",\"contentUrl\":\"https:\\\/\\\/i0.wp.com\\\/planitpower.com\\\/wp-content\\\/uploads\\\/2025\\\/11\\\/TPLLTAPOP115_1.webp?fit=1000%2C1000&ssl=1\",\"width\":1000,\"height\":1000,\"caption\":\"TP-Link Tapo P115 Smart Plug - planitpower - 1\"},{\"@type\":\"BreadcrumbList\",\"@id\":\"https:\\\/\\\/planitpower.com\\\/shop\\\/tp-link-tapo-p115-smart-plug\\\/#breadcrumb\",\"itemListElement\":[{\"@type\":\"ListItem\",\"position\":1,\"name\":\"Home\",\"item\":\"https:\\\/\\\/planitpower.com\\\/\"},{\"@type\":\"ListItem\",\"position\":2,\"name\":\"SHOP\",\"item\":\"https:\\\/\\\/planitpower.com\\\/shop\\\/\"},{\"@type\":\"ListItem\",\"position\":3,\"name\":\"TP-Link Tapo P115 Smart Plug\"}]},{\"@type\":\"WebSite\",\"@id\":\"https:\\\/\\\/planitpower.com\\\/#website\",\"url\":\"https:\\\/\\\/planitpower.com\\\/\",\"name\":\"Planitpower\",\"description\":\"Inspire energy\",\"publisher\":{\"@id\":\"https:\\\/\\\/planitpower.com\\\/#\\\/schema\\\/person\\\/b531587eda267b930b04174d12de6efa\"},\"potentialAction\":[{\"@type\":\"SearchAction\",\"target\":{\"@type\":\"EntryPoint\",\"urlTemplate\":\"https:\\\/\\\/planitpower.com\\\/?s={search_term_string}\"},\"query-input\":{\"@type\":\"PropertyValueSpecification\",\"valueRequired\":true,\"valueName\":\"search_term_string\"}}],\"inLanguage\":\"fr-FR\"},{\"@type\":[\"Person\",\"Organization\"],\"@id\":\"https:\\\/\\\/planitpower.com\\\/#\\\/schema\\\/person\\\/b531587eda267b930b04174d12de6efa\",\"name\":\"Editorial Team\",\"image\":{\"@type\":\"ImageObject\",\"inLanguage\":\"fr-FR\",\"@id\":\"https:\\\/\\\/i0.wp.com\\\/planitpower.com\\\/wp-content\\\/uploads\\\/2025\\\/12\\\/cropped-planitpower_circle_375x375.png?fit=512%2C512&ssl=1\",\"url\":\"https:\\\/\\\/i0.wp.com\\\/planitpower.com\\\/wp-content\\\/uploads\\\/2025\\\/12\\\/cropped-planitpower_circle_375x375.png?fit=512%2C512&ssl=1\",\"contentUrl\":\"https:\\\/\\\/i0.wp.com\\\/planitpower.com\\\/wp-content\\\/uploads\\\/2025\\\/12\\\/cropped-planitpower_circle_375x375.png?fit=512%2C512&ssl=1\",\"width\":512,\"height\":512,\"caption\":\"Editorial Team\"},\"logo\":{\"@id\":\"https:\\\/\\\/i0.wp.com\\\/planitpower.com\\\/wp-content\\\/uploads\\\/2025\\\/12\\\/cropped-planitpower_circle_375x375.png?fit=512%2C512&ssl=1\"},\"sameAs\":[\"https:\\\/\\\/Planitpower.com\"]}]}<\/script>\n<!-- \/ Yoast SEO plugin. -->","yoast_head_json":{"title":"Prise intelligente TP-Link Tapo P115 - Planitpower","description":"TP-Link Tapo P115 Smart Plug - prise intelligente Wi-Fi compacte avec contr\u00f4le de l'\u00e9nergie, programmation, commande vocale et protection contre les surcharges. Optimisez votre consommation d'\u00e9nergie et automatisez votre maison en toute simplicit\u00e9.","robots":{"index":"index","follow":"follow","max-snippet":"max-snippet:-1","max-image-preview":"max-image-preview:large","max-video-preview":"max-video-preview:-1"},"canonical":"https:\/\/planitpower.com\/fr\/boutique\/tp-link-tapo-p115-smart-plug\/","og_locale":"fr_FR","og_type":"article","og_title":"TP-Link Tapo P115 Smart Plug - Planitpower","og_description":"TP-Link Tapo P115 Smart Plug \u2013 compact Wi-Fi smart socket with energy monitoring, scheduling, voice control and overload protection. Optimise energy use and automate your home easily.","og_url":"https:\/\/planitpower.com\/fr\/boutique\/tp-link-tapo-p115-smart-plug\/","og_site_name":"Planitpower","article_modified_time":"2026-04-14T20:21:09+00:00","og_image":[{"width":1000,"height":1000,"url":"https:\/\/planitpower.com\/wp-content\/uploads\/2025\/11\/TPLLTAPOP115_1.webp","type":"image\/webp"}],"twitter_card":"summary_large_image","twitter_misc":{"Dur\u00e9e de lecture estim\u00e9e":"1 minute"},"schema":{"@context":"https:\/\/schema.org","@graph":[{"@type":"WebPage","@id":"https:\/\/planitpower.com\/shop\/tp-link-tapo-p115-smart-plug\/","url":"https:\/\/planitpower.com\/shop\/tp-link-tapo-p115-smart-plug\/","name":"Prise intelligente TP-Link Tapo P115 - Planitpower","isPartOf":{"@id":"https:\/\/planitpower.com\/#website"},"primaryImageOfPage":{"@id":"https:\/\/planitpower.com\/shop\/tp-link-tapo-p115-smart-plug\/#primaryimage"},"image":{"@id":"https:\/\/planitpower.com\/shop\/tp-link-tapo-p115-smart-plug\/#primaryimage"},"thumbnailUrl":"https:\/\/i0.wp.com\/planitpower.com\/wp-content\/uploads\/2025\/11\/TPLLTAPOP115_1.webp?fit=1000%2C1000&ssl=1","datePublished":"2025-11-23T22:08:30+00:00","dateModified":"2026-04-14T20:21:09+00:00","description":"TP-Link Tapo P115 Smart Plug - prise intelligente Wi-Fi compacte avec contr\u00f4le de l'\u00e9nergie, programmation, commande vocale et protection contre les surcharges. Optimisez votre consommation d'\u00e9nergie et automatisez votre maison en toute simplicit\u00e9.","breadcrumb":{"@id":"https:\/\/planitpower.com\/shop\/tp-link-tapo-p115-smart-plug\/#breadcrumb"},"inLanguage":"fr-FR","potentialAction":[{"@type":"ReadAction","target":["https:\/\/planitpower.com\/shop\/tp-link-tapo-p115-smart-plug\/"]}]},{"@type":"ImageObject","inLanguage":"fr-FR","@id":"https:\/\/planitpower.com\/shop\/tp-link-tapo-p115-smart-plug\/#primaryimage","url":"https:\/\/i0.wp.com\/planitpower.com\/wp-content\/uploads\/2025\/11\/TPLLTAPOP115_1.webp?fit=1000%2C1000&ssl=1","contentUrl":"https:\/\/i0.wp.com\/planitpower.com\/wp-content\/uploads\/2025\/11\/TPLLTAPOP115_1.webp?fit=1000%2C1000&ssl=1","width":1000,"height":1000,"caption":"TP-Link Tapo P115 Smart Plug - planitpower - 1"},{"@type":"BreadcrumbList","@id":"https:\/\/planitpower.com\/shop\/tp-link-tapo-p115-smart-plug\/#breadcrumb","itemListElement":[{"@type":"ListItem","position":1,"name":"Home","item":"https:\/\/planitpower.com\/"},{"@type":"ListItem","position":2,"name":"SHOP","item":"https:\/\/planitpower.com\/shop\/"},{"@type":"ListItem","position":3,"name":"TP-Link Tapo P115 Smart Plug"}]},{"@type":"WebSite","@id":"https:\/\/planitpower.com\/#website","url":"https:\/\/planitpower.com\/","name":"Planitpower","description":"Inspirons l'\u00e9nergie!","publisher":{"@id":"https:\/\/planitpower.com\/#\/schema\/person\/b531587eda267b930b04174d12de6efa"},"potentialAction":[{"@type":"SearchAction","target":{"@type":"EntryPoint","urlTemplate":"https:\/\/planitpower.com\/?s={search_term_string}"},"query-input":{"@type":"PropertyValueSpecification","valueRequired":true,"valueName":"search_term_string"}}],"inLanguage":"fr-FR"},{"@type":["Person","Organization"],"@id":"https:\/\/planitpower.com\/#\/schema\/person\/b531587eda267b930b04174d12de6efa","name":"Equipe \u00e9ditoriale","image":{"@type":"ImageObject","inLanguage":"fr-FR","@id":"https:\/\/i0.wp.com\/planitpower.com\/wp-content\/uploads\/2025\/12\/cropped-planitpower_circle_375x375.png?fit=512%2C512&ssl=1","url":"https:\/\/i0.wp.com\/planitpower.com\/wp-content\/uploads\/2025\/12\/cropped-planitpower_circle_375x375.png?fit=512%2C512&ssl=1","contentUrl":"https:\/\/i0.wp.com\/planitpower.com\/wp-content\/uploads\/2025\/12\/cropped-planitpower_circle_375x375.png?fit=512%2C512&ssl=1","width":512,"height":512,"caption":"Editorial Team"},"logo":{"@id":"https:\/\/i0.wp.com\/planitpower.com\/wp-content\/uploads\/2025\/12\/cropped-planitpower_circle_375x375.png?fit=512%2C512&ssl=1"},"sameAs":["https:\/\/Planitpower.com"]}]}},"jetpack_publicize_connections":[],"jetpack_likes_enabled":true,"jetpack_sharing_enabled":true,"jetpack-related-posts":[{"id":5178,"url":"https:\/\/planitpower.com\/fr\/boutique\/prise-intelligente-aqara\/","url_meta":{"origin":5084,"position":0},"title":"Aqara smart plug (EU)","author":"Editorial Team","date":"24\/11\/2025","format":false,"excerpt":"Principales fonctionnalit\u00e9s\u00a0: Contr\u00f4le \u00e0 distance via application ou assistants vocaux\u00a0: Allumez ou \u00e9teignez vos appareils o\u00f9 que vous soyez ou utilisez des commandes vocales via les principales plateformes domotiques. Suivi de la consommation d\u2019\u00e9nergie\u00a0: Analyse en temps r\u00e9el la consommation \u00e9lectrique et fournit des statistiques pour une gestion \u00e9nerg\u00e9tique optimale. Connectivit\u00e9 Zigbee 3.0\u00a0: Garantit une communication stable et \u00e0 faible latence, et am\u00e9liore la fiabilit\u00e9\u2026","rel":"","context":"Article similaire","block_context":{"text":"Article similaire","link":""},"img":{"alt_text":"Aqara smart plug - planitpower - 1","src":"https:\/\/i0.wp.com\/planitpower.com\/wp-content\/uploads\/2025\/11\/ASSET_MMS_157251729.webp?fit=1200%2C1200&ssl=1&resize=350%2C200","width":350,"height":200,"srcset":"https:\/\/i0.wp.com\/planitpower.com\/wp-content\/uploads\/2025\/11\/ASSET_MMS_157251729.webp?fit=1200%2C1200&ssl=1&resize=350%2C200 1x, https:\/\/i0.wp.com\/planitpower.com\/wp-content\/uploads\/2025\/11\/ASSET_MMS_157251729.webp?fit=1200%2C1200&ssl=1&resize=525%2C300 1.5x, https:\/\/i0.wp.com\/planitpower.com\/wp-content\/uploads\/2025\/11\/ASSET_MMS_157251729.webp?fit=1200%2C1200&ssl=1&resize=700%2C400 2x, https:\/\/i0.wp.com\/planitpower.com\/wp-content\/uploads\/2025\/11\/ASSET_MMS_157251729.webp?fit=1200%2C1200&ssl=1&resize=1050%2C600 3x"},"classes":[]},{"id":3571,"url":"https:\/\/planitpower.com\/fr\/boutique\/prise-connectee-exterieure-innr-16a\/","url_meta":{"origin":5084,"position":1},"title":"Prise connect\u00e9e ext\u00e9rieure Innr \u2013 16 A","author":"Editorial Team","date":"04\/01\/2026","format":false,"excerpt":"Caract\u00e9ristiques principales : Prise ext\u00e9rieure intelligente de 16 A avec compteur de puissance int\u00e9gr\u00e9. Permet le contr\u00f4le \u00e0 distance, la programmation et le suivi de la consommation \u00e9nerg\u00e9tique des appareils \u00e9lectriques ext\u00e9rieurs. Bo\u00eetier IP44 r\u00e9sistant aux intemp\u00e9ries, con\u00e7u pour une utilisation en ext\u00e9rieur dans les jardins, sur les terrasses ou les all\u00e9es. Connectivit\u00e9 Zigbee 3.0 compatible avec Philips Hue, Amazon Alexa, Google Assistant et autres syst\u00e8mes domotiques Zigbee.","rel":"","context":"Article similaire","block_context":{"text":"Article similaire","link":""},"img":{"alt_text":"vInnr Outdoor Smart Plug - 16A - Planitpower - 6","src":"https:\/\/i0.wp.com\/planitpower.com\/wp-content\/uploads\/2025\/10\/OSP240compositionrender.webp?fit=1200%2C1200&ssl=1&resize=350%2C200","width":350,"height":200,"srcset":"https:\/\/i0.wp.com\/planitpower.com\/wp-content\/uploads\/2025\/10\/OSP240compositionrender.webp?fit=1200%2C1200&ssl=1&resize=350%2C200 1x, https:\/\/i0.wp.com\/planitpower.com\/wp-content\/uploads\/2025\/10\/OSP240compositionrender.webp?fit=1200%2C1200&ssl=1&resize=525%2C300 1.5x, https:\/\/i0.wp.com\/planitpower.com\/wp-content\/uploads\/2025\/10\/OSP240compositionrender.webp?fit=1200%2C1200&ssl=1&resize=700%2C400 2x, https:\/\/i0.wp.com\/planitpower.com\/wp-content\/uploads\/2025\/10\/OSP240compositionrender.webp?fit=1200%2C1200&ssl=1&resize=1050%2C600 3x"},"classes":[]},{"id":4856,"url":"https:\/\/planitpower.com\/fr\/boutique\/aeotec-smart-outlet-type-f-wi-fi\/","url_meta":{"origin":5084,"position":2},"title":"Aeotec Smart Outlet Type F Wi-Fi","author":"Editorial Team","date":"21\/11\/2025","format":false,"excerpt":"Main features Direct Wi-Fi connectivity \u2013 no hub required; works over standard 2.4 GHz Wi-Fi. SmartThings integration \u2013 full compatibility with the SmartThings app for automation, scenes, and remote control. Voice assistant support \u2013 works with Amazon Alexa and Google Home for hands-free control. Real-time energy monitoring \u2013 tracks instant\u2026","rel":"","context":"Article similaire","block_context":{"text":"Article similaire","link":""},"img":{"alt_text":"Aeotec Smart Outlet Type F Wi-Fi - planitpower - 1","src":"https:\/\/i0.wp.com\/planitpower.com\/wp-content\/uploads\/2025\/11\/SmartThings_Outlet_Packaging_01-scaled.webp?fit=1200%2C900&ssl=1&resize=350%2C200","width":350,"height":200,"srcset":"https:\/\/i0.wp.com\/planitpower.com\/wp-content\/uploads\/2025\/11\/SmartThings_Outlet_Packaging_01-scaled.webp?fit=1200%2C900&ssl=1&resize=350%2C200 1x, https:\/\/i0.wp.com\/planitpower.com\/wp-content\/uploads\/2025\/11\/SmartThings_Outlet_Packaging_01-scaled.webp?fit=1200%2C900&ssl=1&resize=525%2C300 1.5x, https:\/\/i0.wp.com\/planitpower.com\/wp-content\/uploads\/2025\/11\/SmartThings_Outlet_Packaging_01-scaled.webp?fit=1200%2C900&ssl=1&resize=700%2C400 2x, https:\/\/i0.wp.com\/planitpower.com\/wp-content\/uploads\/2025\/11\/SmartThings_Outlet_Packaging_01-scaled.webp?fit=1200%2C900&ssl=1&resize=1050%2C600 3x"},"classes":[]},{"id":4874,"url":"https:\/\/planitpower.com\/fr\/boutique\/prise-murale-fibaro-type-f\/","url_meta":{"origin":5084,"position":3},"title":"Prise murale FIBARO (Type F)","author":"Editorial Team","date":"21\/11\/2025","format":false,"excerpt":"Caract\u00e9ristiques principales\u00a0: Contr\u00f4le intelligent \u00e0 distance des appareils connect\u00e9s via n\u2019importe quel hub compatible Z-Wave Plus. Surveillance de la consommation d\u2019\u00e9nergie en temps r\u00e9el avec relev\u00e9s d\u00e9taill\u00e9s pour une meilleure gestion \u00e9nerg\u00e9tique. Anneau LED multicolore indiquant visuellement le niveau de consommation. Protection contre les surcharges et les surtensions pour pr\u00e9venir les dommages aux appareils et aux prises. Installation plug-and-play\u2026","rel":"","context":"Article similaire","block_context":{"text":"Article similaire","link":""},"img":{"alt_text":"FIBARO Wall Plug Type F - planitpower - 3","src":"https:\/\/i0.wp.com\/planitpower.com\/wp-content\/uploads\/2025\/11\/FIBARO-Wall-Plug-Type-F-packaginggNEu6U9EZxgxv.webp?fit=1200%2C1200&ssl=1&resize=350%2C200","width":350,"height":200,"srcset":"https:\/\/i0.wp.com\/planitpower.com\/wp-content\/uploads\/2025\/11\/FIBARO-Wall-Plug-Type-F-packaginggNEu6U9EZxgxv.webp?fit=1200%2C1200&ssl=1&resize=350%2C200 1x, https:\/\/i0.wp.com\/planitpower.com\/wp-content\/uploads\/2025\/11\/FIBARO-Wall-Plug-Type-F-packaginggNEu6U9EZxgxv.webp?fit=1200%2C1200&ssl=1&resize=525%2C300 1.5x, https:\/\/i0.wp.com\/planitpower.com\/wp-content\/uploads\/2025\/11\/FIBARO-Wall-Plug-Type-F-packaginggNEu6U9EZxgxv.webp?fit=1200%2C1200&ssl=1&resize=700%2C400 2x, https:\/\/i0.wp.com\/planitpower.com\/wp-content\/uploads\/2025\/11\/FIBARO-Wall-Plug-Type-F-packaginggNEu6U9EZxgxv.webp?fit=1200%2C1200&ssl=1&resize=1050%2C600 3x"},"classes":[]},{"id":3560,"url":"https:\/\/planitpower.com\/fr\/boutique\/prise-intelligente-innr-16a\/","url_meta":{"origin":5084,"position":4},"title":"Prise intelligente Innr \u2013 16 A","author":"Editorial Team","date":"04\/01\/2026","format":false,"excerpt":"Caract\u00e9ristiques principales : Prise connect\u00e9e permettant le contr\u00f4le \u00e0 distance et l&#039;automatisation de tout appareil connect\u00e9. Fonctionnement sans fil via Zigbee 3.0 \u2013 compatible avec Philips Hue, Amazon Alexa, Google Assistant et autres hubs Zigbee. Installation simple et rapide pour transformer vos appareils \u00e9lectrom\u00e9nagers en objets connect\u00e9s. Programmation, minuterie et commande vocale via applications compatibles.","rel":"","context":"Article similaire","block_context":{"text":"Article similaire","link":""},"img":{"alt_text":"Innr Smart Plug - 16A - Planitpower - 9","src":"https:\/\/i0.wp.com\/planitpower.com\/wp-content\/uploads\/2025\/10\/001SP240_Compositiongroot.webp?fit=1100%2C1100&ssl=1&resize=350%2C200","width":350,"height":200,"srcset":"https:\/\/i0.wp.com\/planitpower.com\/wp-content\/uploads\/2025\/10\/001SP240_Compositiongroot.webp?fit=1100%2C1100&ssl=1&resize=350%2C200 1x, https:\/\/i0.wp.com\/planitpower.com\/wp-content\/uploads\/2025\/10\/001SP240_Compositiongroot.webp?fit=1100%2C1100&ssl=1&resize=525%2C300 1.5x, https:\/\/i0.wp.com\/planitpower.com\/wp-content\/uploads\/2025\/10\/001SP240_Compositiongroot.webp?fit=1100%2C1100&ssl=1&resize=700%2C400 2x, https:\/\/i0.wp.com\/planitpower.com\/wp-content\/uploads\/2025\/10\/001SP240_Compositiongroot.webp?fit=1100%2C1100&ssl=1&resize=1050%2C600 3x"},"classes":[]},{"id":4880,"url":"https:\/\/planitpower.com\/fr\/boutique\/prise-murale-fibaro-type-e\/","url_meta":{"origin":5084,"position":5},"title":"Prise murale FIBARO (Type E)","author":"Editorial Team","date":"21\/11\/2025","format":false,"excerpt":"Caract\u00e9ristiques principales : Contr\u00f4le intelligent \u00e0 distance des appareils connect\u00e9s via Z-Wave\/Z-Wave Plus. Surveillance de la consommation d&#039;\u00e9nergie int\u00e9gr\u00e9e avec suivi pr\u00e9cis. Indicateur LED annulaire affichant la consommation en temps r\u00e9el. Protection contre les surcharges et arr\u00eat automatique des appareils pour une s\u00e9curit\u00e9 accrue. Conception ultra-compacte compatible avec la plupart des prises europ\u00e9ennes de type E. Prise en charge des sc\u00e9narios d&#039;automatisation et de la programmation via\u2026","rel":"","context":"Article similaire","block_context":{"text":"Article similaire","link":""},"img":{"alt_text":"FIBARO Wall Plug Type E smart plug - planitpower- 3","src":"https:\/\/i0.wp.com\/planitpower.com\/wp-content\/uploads\/2025\/11\/FIBARO-Wall-Plug-Typ-F.jpg?fit=1000%2C1000&ssl=1&resize=350%2C200","width":350,"height":200,"srcset":"https:\/\/i0.wp.com\/planitpower.com\/wp-content\/uploads\/2025\/11\/FIBARO-Wall-Plug-Typ-F.jpg?fit=1000%2C1000&ssl=1&resize=350%2C200 1x, https:\/\/i0.wp.com\/planitpower.com\/wp-content\/uploads\/2025\/11\/FIBARO-Wall-Plug-Typ-F.jpg?fit=1000%2C1000&ssl=1&resize=525%2C300 1.5x, https:\/\/i0.wp.com\/planitpower.com\/wp-content\/uploads\/2025\/11\/FIBARO-Wall-Plug-Typ-F.jpg?fit=1000%2C1000&ssl=1&resize=700%2C400 2x"},"classes":[]}],"_links":{"self":[{"href":"https:\/\/planitpower.com\/fr\/wp-json\/wp\/v2\/product\/5084","targetHints":{"allow":["GET"]}}],"collection":[{"href":"https:\/\/planitpower.com\/fr\/wp-json\/wp\/v2\/product"}],"about":[{"href":"https:\/\/planitpower.com\/fr\/wp-json\/wp\/v2\/types\/product"}],"replies":[{"embeddable":true,"href":"https:\/\/planitpower.com\/fr\/wp-json\/wp\/v2\/comments?post=5084"}],"version-history":[{"count":2,"href":"https:\/\/planitpower.com\/fr\/wp-json\/wp\/v2\/product\/5084\/revisions"}],"predecessor-version":[{"id":6286,"href":"https:\/\/planitpower.com\/fr\/wp-json\/wp\/v2\/product\/5084\/revisions\/6286"}],"wp:featuredmedia":[{"embeddable":true,"href":"https:\/\/planitpower.com\/fr\/wp-json\/wp\/v2\/media\/5086"}],"wp:attachment":[{"href":"https:\/\/planitpower.com\/fr\/wp-json\/wp\/v2\/media?parent=5084"}],"wp:term":[{"taxonomy":"product_brand","embeddable":true,"href":"https:\/\/planitpower.com\/fr\/wp-json\/wp\/v2\/product_brand?post=5084"},{"taxonomy":"product_cat","embeddable":true,"href":"https:\/\/planitpower.com\/fr\/wp-json\/wp\/v2\/product_cat?post=5084"},{"taxonomy":"product_tag","embeddable":true,"href":"https:\/\/planitpower.com\/fr\/wp-json\/wp\/v2\/product_tag?post=5084"}],"curies":[{"name":"wp","href":"https:\/\/api.w.org\/{rel}","templated":true}]}}