{"id":5092,"date":"2025-11-23T22:15:22","date_gmt":"2025-11-23T22:15:22","guid":{"rendered":"https:\/\/planitpower.com\/?post_type=product&#038;p=5092"},"modified":"2026-01-30T00:48:16","modified_gmt":"2026-01-30T00:48:16","slug":"frient-smart-plug-mini-2-type-f-zigbee","status":"publish","type":"product","link":"https:\/\/planitpower.com\/fr\/boutique\/frient-smart-plug-mini-2-type-f-zigbee\/","title":{"rendered":"Frient Smart Plug Mini 2 (Type F) - Schuko (Zigbee)"},"content":{"rendered":"<h1 class=\"wp-block-heading\"><strong>Description<\/strong><\/h1>\n\n\n\n<p>La Frient Smart Plug Mini 2 (Type F) est une prise intelligente Zigbee compacte et fiable con\u00e7ue pour apporter une automatisation sans effort et une sensibilisation \u00e0 l'\u00e9nergie dans votre maison. Gr\u00e2ce \u00e0 son format Schuko et \u00e0 sa petite taille, elle s'adapte parfaitement aux prises europ\u00e9ennes standard sans bloquer les prises voisines. La prise vous permet d'allumer ou d'\u00e9teindre des appareils \u00e0 distance, de suivre la consommation d'\u00e9lectricit\u00e9 et d'am\u00e9liorer l'efficacit\u00e9 \u00e9nerg\u00e9tique gr\u00e2ce \u00e0 une surveillance en temps r\u00e9el.<\/p>\n\n\n\n<p>Bas\u00e9e sur la technologie Zigbee, elle s'int\u00e8gre sans probl\u00e8me aux passerelles et \u00e9cosyst\u00e8mes domestiques intelligents les plus r\u00e9pandus. Que vous souhaitiez programmer des appareils, g\u00e9rer la consommation en veille ou am\u00e9liorer la s\u00e9curit\u00e9, la Frient Smart Plug Mini 2 fonctionne silencieusement en arri\u00e8re-plan pour que votre maison soit plus intelligente, plus s\u00fbre et plus \u00e9conome en \u00e9nergie.<\/p>\n\n\n\n<h1 class=\"wp-block-heading\"><strong>Sp\u00e9cifications techniques<\/strong><\/h1>\n\n\n\n<figure class=\"wp-block-table\"><table class=\"has-fixed-layout\"><thead><tr><th><strong>Sp\u00e9cifications<\/strong><\/th><th><strong>D\u00e9tails<\/strong><\/th><\/tr><\/thead><tbody><tr><td>Type de produit<\/td><td>Prise intelligente Zigbee (Type F - Schuko)<\/td><\/tr><tr><td>Protocole de communication<\/td><td>Zigbee 3.0<\/td><\/tr><tr><td>Charges support\u00e9es<\/td><td>Jusqu'\u00e0 2300 W \/ 10 A (selon le type d'appareil)<\/td><\/tr><tr><td>Tension<\/td><td>230 V AC \u00b110%<\/td><\/tr><tr><td>Fr\u00e9quence<\/td><td>50 Hz<\/td><\/tr><tr><td>Consommation \u00e9lectrique<\/td><td>&lt; 0,5 W (en veille)<\/td><\/tr><tr><td>Contr\u00f4le de l'\u00e9nergie<\/td><td>Oui, utilisation en temps r\u00e9el et historique<\/td><\/tr><tr><td>Gamme<\/td><td>Jusqu'\u00e0 100 m (\u00e0 l'air libre), variable \u00e0 l'int\u00e9rieur<\/td><\/tr><tr><td>Temp\u00e9rature de fonctionnement<\/td><td>0\u00b0C \u00e0 +50\u00b0C<\/td><\/tr><tr><td>Dimensions<\/td><td>Facteur de forme compact optimis\u00e9 pour les prises de courant c\u00f4te \u00e0 c\u00f4te<\/td><\/tr><tr><td>Int\u00e9gration<\/td><td>Compatible avec les passerelles Zigbee et les \u00e9cosyst\u00e8mes domestiques intelligents<\/td><\/tr><\/tbody><\/table><\/figure>","protected":false},"excerpt":{"rendered":"<h1 data-start=\"1281\" data-end=\"1300\"><strong data-start=\"1283\" data-end=\"1300\">Caract\u00e9ristiques principales<\/strong><\/h1>\n<ul data-start=\"1301\" data-end=\"2097\">\n<li data-start=\"1301\" data-end=\"1417\">\n<p data-start=\"1303\" data-end=\"1417\"><strong data-start=\"1303\" data-end=\"1333\">Prise intelligente Schuko compacte :<\/strong> Conception de type F qui s'adapte aux prises standard de l'UE sans obstruer les prises adjacentes.<\/p>\n<\/li>\n<li data-start=\"1418\" data-end=\"1519\">\n<p data-start=\"1420\" data-end=\"1519\"><strong data-start=\"1420\" data-end=\"1448\">Automatisation bas\u00e9e sur la technologie Zigbee :<\/strong> Fonctionne avec les passerelles Zigbee 3.0 pour une communication stable et \u00e0 faible consommation d'\u00e9nergie.<\/p>\n<\/li>\n<li data-start=\"1520\" data-end=\"1631\">\n<p data-start=\"1522\" data-end=\"1631\"><strong data-start=\"1522\" data-end=\"1543\">Commutation \u00e0 distance :<\/strong> Allumez ou \u00e9teignez les appareils via votre plateforme de maison intelligente, m\u00eame lorsque vous n'\u00eates pas chez vous.<\/p>\n<\/li>\n<li data-start=\"1632\" data-end=\"1756\">\n<p data-start=\"1634\" data-end=\"1756\"><strong data-start=\"1634\" data-end=\"1668\">Contr\u00f4le de la consommation d'\u00e9nergie :<\/strong> Suivi de l'utilisation de l'\u00e9nergie en temps r\u00e9el et historique pour aider \u00e0 optimiser la consommation d'\u00e9lectricit\u00e9.<\/p>\n<\/li>\n<li data-start=\"1757\" data-end=\"1873\">\n<p data-start=\"1759\" data-end=\"1873\"><strong data-start=\"1759\" data-end=\"1783\">Am\u00e9lioration de la s\u00e9curit\u00e9 :<\/strong> Permet de r\u00e9duire le gaspillage d'\u00e9nergie en veille et d'assurer une meilleure surveillance des appareils connect\u00e9s.<\/p>\n<\/li>\n<li data-start=\"1874\" data-end=\"1984\">\n<p data-start=\"1876\" data-end=\"1984\"><strong data-start=\"1876\" data-end=\"1899\">Haute compatibilit\u00e9 :<\/strong> Prend en charge les principaux \u00e9cosyst\u00e8mes domestiques intelligents utilisant Zigbee, y compris les passerelles multimarques.<\/p>\n<\/li>\n<li data-start=\"1985\" data-end=\"2097\">\n<p data-start=\"1987\" data-end=\"2097\"><strong data-start=\"1987\" data-end=\"2009\">Installation facile :<\/strong> Installation plug-and-play avec appairage automatique lorsqu'il est connect\u00e9 \u00e0 un hub Zigbee compatible.<\/p>\n<\/li>\n<\/ul>","protected":false},"featured_media":5096,"comment_status":"open","ping_status":"closed","template":"","meta":{"jetpack_post_was_ever_published":false,"jetpack_publicize_message":"","jetpack_publicize_feature_enabled":false,"jetpack_social_post_already_shared":false,"jetpack_social_options":{"image_generator_settings":{"template":"highway","default_image_id":0,"font":"","enabled":false},"version":2}},"product_brand":[163],"product_cat":[99],"product_tag":[],"class_list":{"0":"post-5092","1":"product","2":"type-product","3":"status-publish","4":"has-post-thumbnail","6":"product_brand-frient","7":"product_cat-smart-plugs","8":"product_shipping_class-free-delivery","10":"first","11":"instock","12":"taxable","13":"shipping-taxable","14":"purchasable","15":"product-type-simple"},"yoast_head":"<!-- This site is optimized with the Yoast SEO plugin v27.3 - https:\/\/yoast.com\/product\/yoast-seo-wordpress\/ -->\n<title>Frient Smart Plug Mini 2 (Type F) - Schuko (Zigbee) - Planitpower<\/title>\n<meta name=\"description\" content=\"Frient Smart Plug Mini 2 (Type F) \u2013 Schuko (Zigbee): compact smart plug for monitoring energy use and remotely controlling appliances. Ideal for smart home automation with Zigbee compatibility.\" \/>\n<meta name=\"robots\" content=\"index, follow, max-snippet:-1, max-image-preview:large, max-video-preview:-1\" \/>\n<link rel=\"canonical\" href=\"https:\/\/planitpower.com\/fr\/boutique\/frient-smart-plug-mini-2-type-f-zigbee\/\" \/>\n<meta property=\"og:locale\" content=\"fr_FR\" \/>\n<meta property=\"og:type\" content=\"article\" \/>\n<meta property=\"og:title\" content=\"Frient Smart Plug Mini 2 (Type F) - Schuko (Zigbee) - Planitpower\" \/>\n<meta property=\"og:description\" content=\"Frient Smart Plug Mini 2 (Type F) \u2013 Schuko (Zigbee): compact smart plug for monitoring energy use and remotely controlling appliances. Ideal for smart home automation with Zigbee compatibility.\" \/>\n<meta property=\"og:url\" content=\"https:\/\/planitpower.com\/fr\/boutique\/frient-smart-plug-mini-2-type-f-zigbee\/\" \/>\n<meta property=\"og:site_name\" content=\"Planitpower\" \/>\n<meta property=\"article:modified_time\" content=\"2026-01-30T00:48:16+00:00\" \/>\n<meta property=\"og:image\" content=\"https:\/\/i0.wp.com\/planitpower.com\/wp-content\/uploads\/2025\/11\/frient_Zigbee-Smart-Plug-Mini-Type-E-F-K_Main-imagetzCk9QH3rQsdW.webp?fit=2000%2C2000&ssl=1\" \/>\n\t<meta property=\"og:image:width\" content=\"2000\" \/>\n\t<meta property=\"og:image:height\" content=\"2000\" \/>\n\t<meta property=\"og:image:type\" content=\"image\/webp\" \/>\n<meta name=\"twitter:card\" content=\"summary_large_image\" \/>\n<meta name=\"twitter:label1\" content=\"Dur\u00e9e de lecture estim\u00e9e\" \/>\n\t<meta name=\"twitter:data1\" content=\"2 minutes\" \/>\n<script type=\"application\/ld+json\" class=\"yoast-schema-graph\">{\"@context\":\"https:\\\/\\\/schema.org\",\"@graph\":[{\"@type\":\"WebPage\",\"@id\":\"https:\\\/\\\/planitpower.com\\\/shop\\\/frient-smart-plug-mini-2-type-f-zigbee\\\/\",\"url\":\"https:\\\/\\\/planitpower.com\\\/shop\\\/frient-smart-plug-mini-2-type-f-zigbee\\\/\",\"name\":\"Frient Smart Plug Mini 2 (Type F) - Schuko (Zigbee) - Planitpower\",\"isPartOf\":{\"@id\":\"https:\\\/\\\/planitpower.com\\\/#website\"},\"primaryImageOfPage\":{\"@id\":\"https:\\\/\\\/planitpower.com\\\/shop\\\/frient-smart-plug-mini-2-type-f-zigbee\\\/#primaryimage\"},\"image\":{\"@id\":\"https:\\\/\\\/planitpower.com\\\/shop\\\/frient-smart-plug-mini-2-type-f-zigbee\\\/#primaryimage\"},\"thumbnailUrl\":\"https:\\\/\\\/i0.wp.com\\\/planitpower.com\\\/wp-content\\\/uploads\\\/2025\\\/11\\\/frient_Zigbee-Smart-Plug-Mini-Type-E-F-K_Main-imagetzCk9QH3rQsdW.webp?fit=2000%2C2000&ssl=1\",\"datePublished\":\"2025-11-23T22:15:22+00:00\",\"dateModified\":\"2026-01-30T00:48:16+00:00\",\"description\":\"Frient Smart Plug Mini 2 (Type F) \u2013 Schuko (Zigbee): compact smart plug for monitoring energy use and remotely controlling appliances. Ideal for smart home automation with Zigbee compatibility.\",\"breadcrumb\":{\"@id\":\"https:\\\/\\\/planitpower.com\\\/shop\\\/frient-smart-plug-mini-2-type-f-zigbee\\\/#breadcrumb\"},\"inLanguage\":\"fr-FR\",\"potentialAction\":[{\"@type\":\"ReadAction\",\"target\":[\"https:\\\/\\\/planitpower.com\\\/shop\\\/frient-smart-plug-mini-2-type-f-zigbee\\\/\"]}]},{\"@type\":\"ImageObject\",\"inLanguage\":\"fr-FR\",\"@id\":\"https:\\\/\\\/planitpower.com\\\/shop\\\/frient-smart-plug-mini-2-type-f-zigbee\\\/#primaryimage\",\"url\":\"https:\\\/\\\/i0.wp.com\\\/planitpower.com\\\/wp-content\\\/uploads\\\/2025\\\/11\\\/frient_Zigbee-Smart-Plug-Mini-Type-E-F-K_Main-imagetzCk9QH3rQsdW.webp?fit=2000%2C2000&ssl=1\",\"contentUrl\":\"https:\\\/\\\/i0.wp.com\\\/planitpower.com\\\/wp-content\\\/uploads\\\/2025\\\/11\\\/frient_Zigbee-Smart-Plug-Mini-Type-E-F-K_Main-imagetzCk9QH3rQsdW.webp?fit=2000%2C2000&ssl=1\",\"width\":2000,\"height\":2000,\"caption\":\"frient Smart Plug Mini 2 (Type F) - Schuko (Zigbee) - planitpower - 1\"},{\"@type\":\"BreadcrumbList\",\"@id\":\"https:\\\/\\\/planitpower.com\\\/shop\\\/frient-smart-plug-mini-2-type-f-zigbee\\\/#breadcrumb\",\"itemListElement\":[{\"@type\":\"ListItem\",\"position\":1,\"name\":\"Home\",\"item\":\"https:\\\/\\\/planitpower.com\\\/\"},{\"@type\":\"ListItem\",\"position\":2,\"name\":\"SHOP\",\"item\":\"https:\\\/\\\/planitpower.com\\\/shop\\\/\"},{\"@type\":\"ListItem\",\"position\":3,\"name\":\"Frient Smart Plug Mini 2 (Type F) &#8211; Schuko (Zigbee)\"}]},{\"@type\":\"WebSite\",\"@id\":\"https:\\\/\\\/planitpower.com\\\/#website\",\"url\":\"https:\\\/\\\/planitpower.com\\\/\",\"name\":\"Planitpower\",\"description\":\"Inspire energy\",\"publisher\":{\"@id\":\"https:\\\/\\\/planitpower.com\\\/#\\\/schema\\\/person\\\/b531587eda267b930b04174d12de6efa\"},\"potentialAction\":[{\"@type\":\"SearchAction\",\"target\":{\"@type\":\"EntryPoint\",\"urlTemplate\":\"https:\\\/\\\/planitpower.com\\\/?s={search_term_string}\"},\"query-input\":{\"@type\":\"PropertyValueSpecification\",\"valueRequired\":true,\"valueName\":\"search_term_string\"}}],\"inLanguage\":\"fr-FR\"},{\"@type\":[\"Person\",\"Organization\"],\"@id\":\"https:\\\/\\\/planitpower.com\\\/#\\\/schema\\\/person\\\/b531587eda267b930b04174d12de6efa\",\"name\":\"Editorial Team\",\"image\":{\"@type\":\"ImageObject\",\"inLanguage\":\"fr-FR\",\"@id\":\"https:\\\/\\\/i0.wp.com\\\/planitpower.com\\\/wp-content\\\/uploads\\\/2025\\\/12\\\/cropped-planitpower_circle_375x375.png?fit=512%2C512&ssl=1\",\"url\":\"https:\\\/\\\/i0.wp.com\\\/planitpower.com\\\/wp-content\\\/uploads\\\/2025\\\/12\\\/cropped-planitpower_circle_375x375.png?fit=512%2C512&ssl=1\",\"contentUrl\":\"https:\\\/\\\/i0.wp.com\\\/planitpower.com\\\/wp-content\\\/uploads\\\/2025\\\/12\\\/cropped-planitpower_circle_375x375.png?fit=512%2C512&ssl=1\",\"width\":512,\"height\":512,\"caption\":\"Editorial Team\"},\"logo\":{\"@id\":\"https:\\\/\\\/i0.wp.com\\\/planitpower.com\\\/wp-content\\\/uploads\\\/2025\\\/12\\\/cropped-planitpower_circle_375x375.png?fit=512%2C512&ssl=1\"},\"sameAs\":[\"https:\\\/\\\/Planitpower.com\"]}]}<\/script>\n<!-- \/ Yoast SEO plugin. -->","yoast_head_json":{"title":"Frient Smart Plug Mini 2 (Type F) - Schuko (Zigbee) - Planitpower","description":"Frient Smart Plug Mini 2 (Type F) - Schuko (Zigbee) : prise intelligente compacte pour surveiller la consommation d'\u00e9nergie et contr\u00f4ler les appareils \u00e0 distance. Id\u00e9ale pour la domotique intelligente avec la compatibilit\u00e9 Zigbee.","robots":{"index":"index","follow":"follow","max-snippet":"max-snippet:-1","max-image-preview":"max-image-preview:large","max-video-preview":"max-video-preview:-1"},"canonical":"https:\/\/planitpower.com\/fr\/boutique\/frient-smart-plug-mini-2-type-f-zigbee\/","og_locale":"fr_FR","og_type":"article","og_title":"Frient Smart Plug Mini 2 (Type F) - Schuko (Zigbee) - Planitpower","og_description":"Frient Smart Plug Mini 2 (Type F) \u2013 Schuko (Zigbee): compact smart plug for monitoring energy use and remotely controlling appliances. Ideal for smart home automation with Zigbee compatibility.","og_url":"https:\/\/planitpower.com\/fr\/boutique\/frient-smart-plug-mini-2-type-f-zigbee\/","og_site_name":"Planitpower","article_modified_time":"2026-01-30T00:48:16+00:00","og_image":[{"width":2000,"height":2000,"url":"https:\/\/i0.wp.com\/planitpower.com\/wp-content\/uploads\/2025\/11\/frient_Zigbee-Smart-Plug-Mini-Type-E-F-K_Main-imagetzCk9QH3rQsdW.webp?fit=2000%2C2000&ssl=1","type":"image\/webp"}],"twitter_card":"summary_large_image","twitter_misc":{"Dur\u00e9e de lecture estim\u00e9e":"2 minutes"},"schema":{"@context":"https:\/\/schema.org","@graph":[{"@type":"WebPage","@id":"https:\/\/planitpower.com\/shop\/frient-smart-plug-mini-2-type-f-zigbee\/","url":"https:\/\/planitpower.com\/shop\/frient-smart-plug-mini-2-type-f-zigbee\/","name":"Frient Smart Plug Mini 2 (Type F) - Schuko (Zigbee) - Planitpower","isPartOf":{"@id":"https:\/\/planitpower.com\/#website"},"primaryImageOfPage":{"@id":"https:\/\/planitpower.com\/shop\/frient-smart-plug-mini-2-type-f-zigbee\/#primaryimage"},"image":{"@id":"https:\/\/planitpower.com\/shop\/frient-smart-plug-mini-2-type-f-zigbee\/#primaryimage"},"thumbnailUrl":"https:\/\/i0.wp.com\/planitpower.com\/wp-content\/uploads\/2025\/11\/frient_Zigbee-Smart-Plug-Mini-Type-E-F-K_Main-imagetzCk9QH3rQsdW.webp?fit=2000%2C2000&ssl=1","datePublished":"2025-11-23T22:15:22+00:00","dateModified":"2026-01-30T00:48:16+00:00","description":"Frient Smart Plug Mini 2 (Type F) - Schuko (Zigbee) : prise intelligente compacte pour surveiller la consommation d'\u00e9nergie et contr\u00f4ler les appareils \u00e0 distance. Id\u00e9ale pour la domotique intelligente avec la compatibilit\u00e9 Zigbee.","breadcrumb":{"@id":"https:\/\/planitpower.com\/shop\/frient-smart-plug-mini-2-type-f-zigbee\/#breadcrumb"},"inLanguage":"fr-FR","potentialAction":[{"@type":"ReadAction","target":["https:\/\/planitpower.com\/shop\/frient-smart-plug-mini-2-type-f-zigbee\/"]}]},{"@type":"ImageObject","inLanguage":"fr-FR","@id":"https:\/\/planitpower.com\/shop\/frient-smart-plug-mini-2-type-f-zigbee\/#primaryimage","url":"https:\/\/i0.wp.com\/planitpower.com\/wp-content\/uploads\/2025\/11\/frient_Zigbee-Smart-Plug-Mini-Type-E-F-K_Main-imagetzCk9QH3rQsdW.webp?fit=2000%2C2000&ssl=1","contentUrl":"https:\/\/i0.wp.com\/planitpower.com\/wp-content\/uploads\/2025\/11\/frient_Zigbee-Smart-Plug-Mini-Type-E-F-K_Main-imagetzCk9QH3rQsdW.webp?fit=2000%2C2000&ssl=1","width":2000,"height":2000,"caption":"frient Smart Plug Mini 2 (Type F) - Schuko (Zigbee) - planitpower - 1"},{"@type":"BreadcrumbList","@id":"https:\/\/planitpower.com\/shop\/frient-smart-plug-mini-2-type-f-zigbee\/#breadcrumb","itemListElement":[{"@type":"ListItem","position":1,"name":"Home","item":"https:\/\/planitpower.com\/"},{"@type":"ListItem","position":2,"name":"SHOP","item":"https:\/\/planitpower.com\/shop\/"},{"@type":"ListItem","position":3,"name":"Frient Smart Plug Mini 2 (Type F) &#8211; Schuko (Zigbee)"}]},{"@type":"WebSite","@id":"https:\/\/planitpower.com\/#website","url":"https:\/\/planitpower.com\/","name":"Planitpower","description":"Inspirons l'\u00e9nergie!","publisher":{"@id":"https:\/\/planitpower.com\/#\/schema\/person\/b531587eda267b930b04174d12de6efa"},"potentialAction":[{"@type":"SearchAction","target":{"@type":"EntryPoint","urlTemplate":"https:\/\/planitpower.com\/?s={search_term_string}"},"query-input":{"@type":"PropertyValueSpecification","valueRequired":true,"valueName":"search_term_string"}}],"inLanguage":"fr-FR"},{"@type":["Person","Organization"],"@id":"https:\/\/planitpower.com\/#\/schema\/person\/b531587eda267b930b04174d12de6efa","name":"Equipe \u00e9ditoriale","image":{"@type":"ImageObject","inLanguage":"fr-FR","@id":"https:\/\/i0.wp.com\/planitpower.com\/wp-content\/uploads\/2025\/12\/cropped-planitpower_circle_375x375.png?fit=512%2C512&ssl=1","url":"https:\/\/i0.wp.com\/planitpower.com\/wp-content\/uploads\/2025\/12\/cropped-planitpower_circle_375x375.png?fit=512%2C512&ssl=1","contentUrl":"https:\/\/i0.wp.com\/planitpower.com\/wp-content\/uploads\/2025\/12\/cropped-planitpower_circle_375x375.png?fit=512%2C512&ssl=1","width":512,"height":512,"caption":"Editorial Team"},"logo":{"@id":"https:\/\/i0.wp.com\/planitpower.com\/wp-content\/uploads\/2025\/12\/cropped-planitpower_circle_375x375.png?fit=512%2C512&ssl=1"},"sameAs":["https:\/\/Planitpower.com"]}]}},"jetpack_publicize_connections":[],"jetpack_likes_enabled":true,"jetpack_sharing_enabled":true,"jetpack-related-posts":[{"id":5208,"url":"https:\/\/planitpower.com\/fr\/boutique\/zendure-solarflow-2400-ac\/","url_meta":{"origin":5092,"position":0},"title":"Zendure SolarFlow 2400 AC","author":"Editorial Team","date":"28\/11\/2025","format":false,"excerpt":"Main features Syst\u00e8me de gestion intelligent AC-coupl\u00e9Contr\u00f4le automatiquement la charge et la d\u00e9charge des batteries AB3000X selon la production solaire, votre consommation et les horaires tarifaires. Compatible avec les micro-onduleursFonctionne avec les installations photovolta\u00efques AC jusqu\u2019\u00e0 2000 W, sans modifier l\u2019infrastructure existante. Puissance de sortie flexible800 W en mode plug-and-play\u2026","rel":"","context":"Article similaire","block_context":{"text":"Article similaire","link":""},"img":{"alt_text":"Zendure SolarFlow 2400 AC - planitpower","src":"https:\/\/i0.wp.com\/planitpower.com\/wp-content\/uploads\/2025\/11\/zendure-solarflow-2400-ac-seul.jpg?fit=500%2C500&ssl=1&resize=350%2C200","width":350,"height":200},"classes":[]}],"_links":{"self":[{"href":"https:\/\/planitpower.com\/fr\/wp-json\/wp\/v2\/product\/5092","targetHints":{"allow":["GET"]}}],"collection":[{"href":"https:\/\/planitpower.com\/fr\/wp-json\/wp\/v2\/product"}],"about":[{"href":"https:\/\/planitpower.com\/fr\/wp-json\/wp\/v2\/types\/product"}],"replies":[{"embeddable":true,"href":"https:\/\/planitpower.com\/fr\/wp-json\/wp\/v2\/comments?post=5092"}],"version-history":[{"count":1,"href":"https:\/\/planitpower.com\/fr\/wp-json\/wp\/v2\/product\/5092\/revisions"}],"predecessor-version":[{"id":6014,"href":"https:\/\/planitpower.com\/fr\/wp-json\/wp\/v2\/product\/5092\/revisions\/6014"}],"wp:featuredmedia":[{"embeddable":true,"href":"https:\/\/planitpower.com\/fr\/wp-json\/wp\/v2\/media\/5096"}],"wp:attachment":[{"href":"https:\/\/planitpower.com\/fr\/wp-json\/wp\/v2\/media?parent=5092"}],"wp:term":[{"taxonomy":"product_brand","embeddable":true,"href":"https:\/\/planitpower.com\/fr\/wp-json\/wp\/v2\/product_brand?post=5092"},{"taxonomy":"product_cat","embeddable":true,"href":"https:\/\/planitpower.com\/fr\/wp-json\/wp\/v2\/product_cat?post=5092"},{"taxonomy":"product_tag","embeddable":true,"href":"https:\/\/planitpower.com\/fr\/wp-json\/wp\/v2\/product_tag?post=5092"}],"curies":[{"name":"wp","href":"https:\/\/api.w.org\/{rel}","templated":true}]}}