{"id":5168,"date":"2025-11-24T20:31:38","date_gmt":"2025-11-24T20:31:38","guid":{"rendered":"https:\/\/planitpower.com\/?post_type=product&#038;p=5168"},"modified":"2025-12-24T23:45:33","modified_gmt":"2025-12-24T23:45:33","slug":"capteur-de-vibrations-aqara","status":"publish","type":"product","link":"https:\/\/planitpower.com\/fr\/boutique\/capteur-de-vibrations-aqara\/","title":{"rendered":"Capteur de vibration Aqara"},"content":{"rendered":"<h2 class=\"wp-block-heading\"><strong>Description<\/strong><\/h2>\n\n\n\n<p>Le capteur de vibrations Aqara est un dispositif domestique intelligent compact et tr\u00e8s sensible con\u00e7u pour d\u00e9tecter les vibrations, les mouvements et les changements de position. Id\u00e9al pour s\u00e9curiser les objets de valeur, surveiller les portes et les fen\u00eatres ou am\u00e9liorer les sc\u00e9narios d'automatisation, il fournit des notifications instantan\u00e9es lorsqu'une activit\u00e9 inhabituelle est d\u00e9tect\u00e9e. Compatible avec les concentrateurs Aqara et les principaux \u00e9cosyst\u00e8mes domestiques intelligents, le capteur s'int\u00e8gre parfaitement dans un environnement domestique connect\u00e9. Son petit format et son fonctionnement sans fil rendent l'installation simple et polyvalente, tandis que sa faible consommation d'\u00e9nergie garantit des performances durables.<\/p>\n\n\n\n<h2 class=\"wp-block-heading\"><strong>Sp\u00e9cifications techniques<\/strong><\/h2>\n\n\n\n<figure class=\"wp-block-table\"><table class=\"has-fixed-layout\"><thead><tr><th><strong>Sp\u00e9cifications<\/strong><\/th><th><strong>D\u00e9tails<\/strong><\/th><\/tr><\/thead><tbody><tr><td>Mod\u00e8le<\/td><td>DJT11LM<\/td><\/tr><tr><td>Protocole de communication<\/td><td>Zigbee<\/td><\/tr><tr><td>Types de d\u00e9tection<\/td><td>Vibration, inclinaison et mouvement<\/td><\/tr><tr><td>Alimentation \u00e9lectrique<\/td><td>Pile CR2032<\/td><\/tr><tr><td>Dur\u00e9e de vie de la batterie<\/td><td>Longue dur\u00e9e de vie, faible consommation d'\u00e9nergie<\/td><\/tr><tr><td>Temp\u00e9rature de fonctionnement<\/td><td>0\u00b0C \u00e0 40\u00b0C<\/td><\/tr><tr><td>Humidit\u00e9 de fonctionnement<\/td><td>0% - 95% RH, sans condensation<\/td><\/tr><tr><td>Dimensions<\/td><td>Environ 36 \u00d7 36 \u00d7 9 mm<\/td><\/tr><tr><td>Compatibilit\u00e9<\/td><td>Aqara Hub, HomeKit, principaux \u00e9cosyst\u00e8mes Zigbee<\/td><\/tr><tr><td>Installation<\/td><td>Montage adh\u00e9sif<\/td><\/tr><\/tbody><\/table><\/figure>","protected":false},"excerpt":{"rendered":"<h2 data-start=\"991\" data-end=\"1013\"><strong data-start=\"994\" data-end=\"1011\">Caract\u00e9ristiques principales<\/strong><\/h2>\n<ul data-start=\"1014\" data-end=\"1907\">\n<li data-start=\"1014\" data-end=\"1133\">\n<p data-start=\"1016\" data-end=\"1133\"><strong data-start=\"1016\" data-end=\"1039\">D\u00e9tection \u00e0 trois voies<\/strong>: Surveille les vibrations, les mouvements et l'inclinaison afin d'am\u00e9liorer la protection et les possibilit\u00e9s d'automatisation.<\/p>\n<\/li>\n<li data-start=\"1134\" data-end=\"1250\">\n<p data-start=\"1136\" data-end=\"1250\"><strong data-start=\"1136\" data-end=\"1156\">Alertes en temps r\u00e9el<\/strong>: Envoie des notifications instantan\u00e9es via l'application Aqara Home lorsqu'un mouvement ou des vibrations sont d\u00e9tect\u00e9s.<\/p>\n<\/li>\n<li data-start=\"1251\" data-end=\"1369\">\n<p data-start=\"1253\" data-end=\"1369\"><strong data-start=\"1253\" data-end=\"1281\">D\u00e9clencheurs domotiques<\/strong>: Peut activer des sc\u00e8nes telles que l'allumage de lumi\u00e8res, le d\u00e9clenchement d'alarmes ou l'envoi d'avertissements.<\/p>\n<\/li>\n<li data-start=\"1370\" data-end=\"1476\">\n<p data-start=\"1372\" data-end=\"1476\"><strong data-start=\"1372\" data-end=\"1403\">Conception compacte et discr\u00e8te<\/strong>: S'adapte facilement aux surfaces, aux portes, aux tiroirs, aux coffres-forts ou aux objets m\u00e9nagers.<\/p>\n<\/li>\n<li data-start=\"1477\" data-end=\"1569\">\n<p data-start=\"1479\" data-end=\"1569\"><strong data-start=\"1479\" data-end=\"1500\">Longue dur\u00e9e de vie de la batterie<\/strong>: Con\u00e7u pour un fonctionnement \u00e0 faible consommation d'\u00e9nergie et une dur\u00e9e de vie prolong\u00e9e de la batterie.<\/p>\n<\/li>\n<li data-start=\"1570\" data-end=\"1711\">\n<p data-start=\"1572\" data-end=\"1711\"><strong data-start=\"1572\" data-end=\"1605\">Large compatibilit\u00e9 avec les maisons intelligentes<\/strong>: Fonctionne avec les hubs Aqara et prend en charge les \u00e9cosyst\u00e8mes populaires tels que Apple HomeKit, Amazon Alexa et autres.<\/p>\n<\/li>\n<li data-start=\"1712\" data-end=\"1822\">\n<p data-start=\"1714\" data-end=\"1822\"><strong data-start=\"1714\" data-end=\"1749\">Communication sans fil fiable<\/strong>: Utilise la technologie Zigbee pour une connectivit\u00e9 rapide et stable et une faible latence.<\/p>\n<\/li>\n<li data-start=\"1823\" data-end=\"1907\">\n<p data-start=\"1825\" data-end=\"1907\"><strong data-start=\"1825\" data-end=\"1846\">Installation facile<\/strong>: Se monte \u00e0 l'aide de l'adh\u00e9sif fourni, sans aucun outil.<\/p>\n<\/li>\n<\/ul>","protected":false},"featured_media":5170,"comment_status":"open","ping_status":"closed","template":"","meta":{"jetpack_post_was_ever_published":false,"jetpack_publicize_message":"","jetpack_publicize_feature_enabled":false,"jetpack_social_post_already_shared":false,"jetpack_social_options":{"image_generator_settings":{"template":"highway","default_image_id":0,"font":"","enabled":false},"version":2}},"product_brand":[103],"product_cat":[134],"product_tag":[],"class_list":{"0":"post-5168","1":"product","2":"type-product","3":"status-publish","4":"has-post-thumbnail","6":"product_brand-aqara","7":"product_cat-smart-sensors","9":"first","10":"instock","11":"taxable","12":"shipping-taxable","13":"purchasable","14":"product-type-simple"},"yoast_head":"<!-- This site is optimized with the Yoast SEO plugin v27.3 - https:\/\/yoast.com\/product\/yoast-seo-wordpress\/ -->\n<title>Aqara Vibration Sensor - Planitpower<\/title>\n<meta name=\"description\" content=\"Aqara Vibration Sensor \u2013 a compact smart home sensor that detects vibrations, movements, and tilts, offering real-time alerts and enhanced protection for your belongings and home.\" \/>\n<meta name=\"robots\" content=\"index, follow, max-snippet:-1, max-image-preview:large, max-video-preview:-1\" \/>\n<link rel=\"canonical\" href=\"https:\/\/planitpower.com\/fr\/boutique\/capteur-de-vibrations-aqara\/\" \/>\n<meta property=\"og:locale\" content=\"fr_FR\" \/>\n<meta property=\"og:type\" content=\"article\" \/>\n<meta property=\"og:title\" content=\"Aqara Vibration Sensor - Planitpower\" \/>\n<meta property=\"og:description\" content=\"Aqara Vibration Sensor \u2013 a compact smart home sensor that detects vibrations, movements, and tilts, offering real-time alerts and enhanced protection for your belongings and home.\" \/>\n<meta property=\"og:url\" content=\"https:\/\/planitpower.com\/fr\/boutique\/capteur-de-vibrations-aqara\/\" \/>\n<meta property=\"og:site_name\" content=\"Planitpower\" \/>\n<meta property=\"article:modified_time\" content=\"2025-12-24T23:45:33+00:00\" \/>\n<meta property=\"og:image\" content=\"https:\/\/i0.wp.com\/planitpower.com\/wp-content\/uploads\/2025\/11\/Aqara_Vibration_Sensor_1-1.webp?fit=1196%2C1200&ssl=1\" \/>\n\t<meta property=\"og:image:width\" content=\"1196\" \/>\n\t<meta property=\"og:image:height\" content=\"1200\" \/>\n\t<meta property=\"og:image:type\" content=\"image\/webp\" \/>\n<meta name=\"twitter:card\" content=\"summary_large_image\" \/>\n<meta name=\"twitter:label1\" content=\"Dur\u00e9e de lecture estim\u00e9e\" \/>\n\t<meta name=\"twitter:data1\" content=\"1 minute\" \/>\n<script type=\"application\/ld+json\" class=\"yoast-schema-graph\">{\"@context\":\"https:\\\/\\\/schema.org\",\"@graph\":[{\"@type\":\"WebPage\",\"@id\":\"https:\\\/\\\/planitpower.com\\\/shop\\\/aqara-vibration-sensor\\\/\",\"url\":\"https:\\\/\\\/planitpower.com\\\/shop\\\/aqara-vibration-sensor\\\/\",\"name\":\"Aqara Vibration Sensor - Planitpower\",\"isPartOf\":{\"@id\":\"https:\\\/\\\/planitpower.com\\\/#website\"},\"primaryImageOfPage\":{\"@id\":\"https:\\\/\\\/planitpower.com\\\/shop\\\/aqara-vibration-sensor\\\/#primaryimage\"},\"image\":{\"@id\":\"https:\\\/\\\/planitpower.com\\\/shop\\\/aqara-vibration-sensor\\\/#primaryimage\"},\"thumbnailUrl\":\"https:\\\/\\\/i0.wp.com\\\/planitpower.com\\\/wp-content\\\/uploads\\\/2025\\\/11\\\/Aqara_Vibration_Sensor_1-1.webp?fit=1196%2C1200&ssl=1\",\"datePublished\":\"2025-11-24T20:31:38+00:00\",\"dateModified\":\"2025-12-24T23:45:33+00:00\",\"description\":\"Aqara Vibration Sensor \u2013 a compact smart home sensor that detects vibrations, movements, and tilts, offering real-time alerts and enhanced protection for your belongings and home.\",\"breadcrumb\":{\"@id\":\"https:\\\/\\\/planitpower.com\\\/shop\\\/aqara-vibration-sensor\\\/#breadcrumb\"},\"inLanguage\":\"fr-FR\",\"potentialAction\":[{\"@type\":\"ReadAction\",\"target\":[\"https:\\\/\\\/planitpower.com\\\/shop\\\/aqara-vibration-sensor\\\/\"]}]},{\"@type\":\"ImageObject\",\"inLanguage\":\"fr-FR\",\"@id\":\"https:\\\/\\\/planitpower.com\\\/shop\\\/aqara-vibration-sensor\\\/#primaryimage\",\"url\":\"https:\\\/\\\/i0.wp.com\\\/planitpower.com\\\/wp-content\\\/uploads\\\/2025\\\/11\\\/Aqara_Vibration_Sensor_1-1.webp?fit=1196%2C1200&ssl=1\",\"contentUrl\":\"https:\\\/\\\/i0.wp.com\\\/planitpower.com\\\/wp-content\\\/uploads\\\/2025\\\/11\\\/Aqara_Vibration_Sensor_1-1.webp?fit=1196%2C1200&ssl=1\",\"width\":1196,\"height\":1200,\"caption\":\"Aqara Vibration Sensor - planitpower - 2\"},{\"@type\":\"BreadcrumbList\",\"@id\":\"https:\\\/\\\/planitpower.com\\\/shop\\\/aqara-vibration-sensor\\\/#breadcrumb\",\"itemListElement\":[{\"@type\":\"ListItem\",\"position\":1,\"name\":\"Home\",\"item\":\"https:\\\/\\\/planitpower.com\\\/\"},{\"@type\":\"ListItem\",\"position\":2,\"name\":\"SHOP\",\"item\":\"https:\\\/\\\/planitpower.com\\\/shop\\\/\"},{\"@type\":\"ListItem\",\"position\":3,\"name\":\"Aqara Vibration Sensor\"}]},{\"@type\":\"WebSite\",\"@id\":\"https:\\\/\\\/planitpower.com\\\/#website\",\"url\":\"https:\\\/\\\/planitpower.com\\\/\",\"name\":\"Planitpower\",\"description\":\"Inspire energy\",\"publisher\":{\"@id\":\"https:\\\/\\\/planitpower.com\\\/#\\\/schema\\\/person\\\/b531587eda267b930b04174d12de6efa\"},\"potentialAction\":[{\"@type\":\"SearchAction\",\"target\":{\"@type\":\"EntryPoint\",\"urlTemplate\":\"https:\\\/\\\/planitpower.com\\\/?s={search_term_string}\"},\"query-input\":{\"@type\":\"PropertyValueSpecification\",\"valueRequired\":true,\"valueName\":\"search_term_string\"}}],\"inLanguage\":\"fr-FR\"},{\"@type\":[\"Person\",\"Organization\"],\"@id\":\"https:\\\/\\\/planitpower.com\\\/#\\\/schema\\\/person\\\/b531587eda267b930b04174d12de6efa\",\"name\":\"Editorial Team\",\"image\":{\"@type\":\"ImageObject\",\"inLanguage\":\"fr-FR\",\"@id\":\"https:\\\/\\\/i0.wp.com\\\/planitpower.com\\\/wp-content\\\/uploads\\\/2025\\\/12\\\/cropped-planitpower_circle_375x375.png?fit=512%2C512&ssl=1\",\"url\":\"https:\\\/\\\/i0.wp.com\\\/planitpower.com\\\/wp-content\\\/uploads\\\/2025\\\/12\\\/cropped-planitpower_circle_375x375.png?fit=512%2C512&ssl=1\",\"contentUrl\":\"https:\\\/\\\/i0.wp.com\\\/planitpower.com\\\/wp-content\\\/uploads\\\/2025\\\/12\\\/cropped-planitpower_circle_375x375.png?fit=512%2C512&ssl=1\",\"width\":512,\"height\":512,\"caption\":\"Editorial Team\"},\"logo\":{\"@id\":\"https:\\\/\\\/i0.wp.com\\\/planitpower.com\\\/wp-content\\\/uploads\\\/2025\\\/12\\\/cropped-planitpower_circle_375x375.png?fit=512%2C512&ssl=1\"},\"sameAs\":[\"https:\\\/\\\/Planitpower.com\"]}]}<\/script>\n<!-- \/ Yoast SEO plugin. -->","yoast_head_json":{"title":"Capteur de vibration Aqara - Planitpower","description":"Capteur de vibrations Aqara - un capteur compact pour la maison intelligente qui d\u00e9tecte les vibrations, les mouvements et les inclinaisons, offrant des alertes en temps r\u00e9el et une protection accrue de vos biens et de votre maison.","robots":{"index":"index","follow":"follow","max-snippet":"max-snippet:-1","max-image-preview":"max-image-preview:large","max-video-preview":"max-video-preview:-1"},"canonical":"https:\/\/planitpower.com\/fr\/boutique\/capteur-de-vibrations-aqara\/","og_locale":"fr_FR","og_type":"article","og_title":"Aqara Vibration Sensor - Planitpower","og_description":"Aqara Vibration Sensor \u2013 a compact smart home sensor that detects vibrations, movements, and tilts, offering real-time alerts and enhanced protection for your belongings and home.","og_url":"https:\/\/planitpower.com\/fr\/boutique\/capteur-de-vibrations-aqara\/","og_site_name":"Planitpower","article_modified_time":"2025-12-24T23:45:33+00:00","og_image":[{"width":1196,"height":1200,"url":"https:\/\/i0.wp.com\/planitpower.com\/wp-content\/uploads\/2025\/11\/Aqara_Vibration_Sensor_1-1.webp?fit=1196%2C1200&ssl=1","type":"image\/webp"}],"twitter_card":"summary_large_image","twitter_misc":{"Dur\u00e9e de lecture estim\u00e9e":"1 minute"},"schema":{"@context":"https:\/\/schema.org","@graph":[{"@type":"WebPage","@id":"https:\/\/planitpower.com\/shop\/aqara-vibration-sensor\/","url":"https:\/\/planitpower.com\/shop\/aqara-vibration-sensor\/","name":"Capteur de vibration Aqara - Planitpower","isPartOf":{"@id":"https:\/\/planitpower.com\/#website"},"primaryImageOfPage":{"@id":"https:\/\/planitpower.com\/shop\/aqara-vibration-sensor\/#primaryimage"},"image":{"@id":"https:\/\/planitpower.com\/shop\/aqara-vibration-sensor\/#primaryimage"},"thumbnailUrl":"https:\/\/i0.wp.com\/planitpower.com\/wp-content\/uploads\/2025\/11\/Aqara_Vibration_Sensor_1-1.webp?fit=1196%2C1200&ssl=1","datePublished":"2025-11-24T20:31:38+00:00","dateModified":"2025-12-24T23:45:33+00:00","description":"Capteur de vibrations Aqara - un capteur compact pour la maison intelligente qui d\u00e9tecte les vibrations, les mouvements et les inclinaisons, offrant des alertes en temps r\u00e9el et une protection accrue de vos biens et de votre maison.","breadcrumb":{"@id":"https:\/\/planitpower.com\/shop\/aqara-vibration-sensor\/#breadcrumb"},"inLanguage":"fr-FR","potentialAction":[{"@type":"ReadAction","target":["https:\/\/planitpower.com\/shop\/aqara-vibration-sensor\/"]}]},{"@type":"ImageObject","inLanguage":"fr-FR","@id":"https:\/\/planitpower.com\/shop\/aqara-vibration-sensor\/#primaryimage","url":"https:\/\/i0.wp.com\/planitpower.com\/wp-content\/uploads\/2025\/11\/Aqara_Vibration_Sensor_1-1.webp?fit=1196%2C1200&ssl=1","contentUrl":"https:\/\/i0.wp.com\/planitpower.com\/wp-content\/uploads\/2025\/11\/Aqara_Vibration_Sensor_1-1.webp?fit=1196%2C1200&ssl=1","width":1196,"height":1200,"caption":"Aqara Vibration Sensor - planitpower - 2"},{"@type":"BreadcrumbList","@id":"https:\/\/planitpower.com\/shop\/aqara-vibration-sensor\/#breadcrumb","itemListElement":[{"@type":"ListItem","position":1,"name":"Home","item":"https:\/\/planitpower.com\/"},{"@type":"ListItem","position":2,"name":"SHOP","item":"https:\/\/planitpower.com\/shop\/"},{"@type":"ListItem","position":3,"name":"Aqara Vibration Sensor"}]},{"@type":"WebSite","@id":"https:\/\/planitpower.com\/#website","url":"https:\/\/planitpower.com\/","name":"Planitpower","description":"Inspirons l'\u00e9nergie!","publisher":{"@id":"https:\/\/planitpower.com\/#\/schema\/person\/b531587eda267b930b04174d12de6efa"},"potentialAction":[{"@type":"SearchAction","target":{"@type":"EntryPoint","urlTemplate":"https:\/\/planitpower.com\/?s={search_term_string}"},"query-input":{"@type":"PropertyValueSpecification","valueRequired":true,"valueName":"search_term_string"}}],"inLanguage":"fr-FR"},{"@type":["Person","Organization"],"@id":"https:\/\/planitpower.com\/#\/schema\/person\/b531587eda267b930b04174d12de6efa","name":"Equipe \u00e9ditoriale","image":{"@type":"ImageObject","inLanguage":"fr-FR","@id":"https:\/\/i0.wp.com\/planitpower.com\/wp-content\/uploads\/2025\/12\/cropped-planitpower_circle_375x375.png?fit=512%2C512&ssl=1","url":"https:\/\/i0.wp.com\/planitpower.com\/wp-content\/uploads\/2025\/12\/cropped-planitpower_circle_375x375.png?fit=512%2C512&ssl=1","contentUrl":"https:\/\/i0.wp.com\/planitpower.com\/wp-content\/uploads\/2025\/12\/cropped-planitpower_circle_375x375.png?fit=512%2C512&ssl=1","width":512,"height":512,"caption":"Editorial Team"},"logo":{"@id":"https:\/\/i0.wp.com\/planitpower.com\/wp-content\/uploads\/2025\/12\/cropped-planitpower_circle_375x375.png?fit=512%2C512&ssl=1"},"sameAs":["https:\/\/Planitpower.com"]}]}},"jetpack_publicize_connections":[],"jetpack_likes_enabled":true,"jetpack_sharing_enabled":true,"jetpack-related-posts":[{"id":4560,"url":"https:\/\/planitpower.com\/fr\/boutique\/capteur-de-vibrations-aqara-t1\/","url_meta":{"origin":5168,"position":0},"title":"Capteur de vibration Aqara T1","author":"Editorial Team","date":"15\/11\/2025","format":false,"excerpt":"Main features Vibration, tilt, and drop detection \u2013 Instantly recognises movement, tilting, or falling of the attached object. Adjustable sensitivity levels \u2013 Choose between high, medium, or low sensitivity based on the required precision and installation surface. Configurable detection interval \u2013 Set the detection interval between 1 to 10 seconds\u2026","rel":"","context":"Article similaire","block_context":{"text":"Article similaire","link":""},"img":{"alt_text":"Aqara Vibration Sensor T1 - planitpower - 4","src":"https:\/\/i0.wp.com\/planitpower.com\/wp-content\/uploads\/2025\/11\/001_Product-Package-PictureqZQLXBgiNcsxT.webp?fit=1200%2C1200&ssl=1&resize=350%2C200","width":350,"height":200,"srcset":"https:\/\/i0.wp.com\/planitpower.com\/wp-content\/uploads\/2025\/11\/001_Product-Package-PictureqZQLXBgiNcsxT.webp?fit=1200%2C1200&ssl=1&resize=350%2C200 1x, https:\/\/i0.wp.com\/planitpower.com\/wp-content\/uploads\/2025\/11\/001_Product-Package-PictureqZQLXBgiNcsxT.webp?fit=1200%2C1200&ssl=1&resize=525%2C300 1.5x, https:\/\/i0.wp.com\/planitpower.com\/wp-content\/uploads\/2025\/11\/001_Product-Package-PictureqZQLXBgiNcsxT.webp?fit=1200%2C1200&ssl=1&resize=700%2C400 2x, https:\/\/i0.wp.com\/planitpower.com\/wp-content\/uploads\/2025\/11\/001_Product-Package-PictureqZQLXBgiNcsxT.webp?fit=1200%2C1200&ssl=1&resize=1050%2C600 3x"},"classes":[]},{"id":4204,"url":"https:\/\/planitpower.com\/fr\/boutique\/capteur-de-presence-aqara-fp2\/","url_meta":{"origin":5168,"position":1},"title":"Capteur de pr\u00e9sence Aqara FP2","author":"Editorial Team","date":"25\/12\/2025","format":false,"excerpt":"Main Features Millimeter-Wave Radar Technology: Detects human presence with high precision, even in cases where the person remains still. Multi-Person Detection: Recognizes and tracks up to five individuals simultaneously within the detection area. Zone Positioning: Allows users to divide a room into up to 30 virtual zones and create specific\u2026","rel":"","context":"Article similaire","block_context":{"text":"Article similaire","link":""},"img":{"alt_text":"Presence Sensor FP2 - planitpower - 2","src":"https:\/\/i0.wp.com\/planitpower.com\/wp-content\/uploads\/2025\/11\/5Nlb7TvJa0nzbQ.png?fit=1200%2C1011&ssl=1&resize=350%2C200","width":350,"height":200,"srcset":"https:\/\/i0.wp.com\/planitpower.com\/wp-content\/uploads\/2025\/11\/5Nlb7TvJa0nzbQ.png?fit=1200%2C1011&ssl=1&resize=350%2C200 1x, https:\/\/i0.wp.com\/planitpower.com\/wp-content\/uploads\/2025\/11\/5Nlb7TvJa0nzbQ.png?fit=1200%2C1011&ssl=1&resize=525%2C300 1.5x, https:\/\/i0.wp.com\/planitpower.com\/wp-content\/uploads\/2025\/11\/5Nlb7TvJa0nzbQ.png?fit=1200%2C1011&ssl=1&resize=700%2C400 2x, https:\/\/i0.wp.com\/planitpower.com\/wp-content\/uploads\/2025\/11\/5Nlb7TvJa0nzbQ.png?fit=1200%2C1011&ssl=1&resize=1050%2C600 3x"},"classes":[]},{"id":4472,"url":"https:\/\/planitpower.com\/fr\/boutique\/capteur-de-presence-aqara-fp1e\/","url_meta":{"origin":5168,"position":2},"title":"Capteur de pr\u00e9sence Aqara FP1E","author":"Editorial Team","date":"14\/11\/2025","format":false,"excerpt":"Main Features High-precision 60GHz mmWave presence detectionDetects micro-motions such as slight hand movements or breathing, offering far greater accuracy than standard PIR sensors. Fully offline operationDesigned to run automation locally for maximum privacy and fast response times. Ethernet connectivity for stable communicationProvides a steady and reliable wired connection, ensuring consistent\u2026","rel":"","context":"Article similaire","block_context":{"text":"Article similaire","link":""},"img":{"alt_text":"Aqara Presence Sensor FP1E - planitpower - 1","src":"https:\/\/i0.wp.com\/planitpower.com\/wp-content\/uploads\/2025\/11\/FP1E_1920x1920.jpg?fit=1000%2C1000&ssl=1&resize=350%2C200","width":350,"height":200,"srcset":"https:\/\/i0.wp.com\/planitpower.com\/wp-content\/uploads\/2025\/11\/FP1E_1920x1920.jpg?fit=1000%2C1000&ssl=1&resize=350%2C200 1x, https:\/\/i0.wp.com\/planitpower.com\/wp-content\/uploads\/2025\/11\/FP1E_1920x1920.jpg?fit=1000%2C1000&ssl=1&resize=525%2C300 1.5x, https:\/\/i0.wp.com\/planitpower.com\/wp-content\/uploads\/2025\/11\/FP1E_1920x1920.jpg?fit=1000%2C1000&ssl=1&resize=700%2C400 2x"},"classes":[]},{"id":4447,"url":"https:\/\/planitpower.com\/fr\/boutique\/capteur-de-porte-et-de-fenetre-aqara-p2\/","url_meta":{"origin":5168,"position":3},"title":"Aqara Door and Window Sensor P2 [Offline]","author":"Editorial Team","date":"14\/11\/2025","format":false,"excerpt":"Main features Native Matter & Thread support \u2013 Integrates directly into Matter-enabled smart-home systems through a compatible Thread border router, offering wide compatibility and easy setup. Precise open\/close detection \u2013 Uses a high-precision Hall sensor to accurately detect door or window movement, enabling real-time notifications and smart automations. Flexible automations\u2026","rel":"","context":"Article similaire","block_context":{"text":"Article similaire","link":""},"img":{"alt_text":"Aqara Door and Window Sensor P2 - planitpower - 3","src":"https:\/\/i0.wp.com\/planitpower.com\/wp-content\/uploads\/2025\/11\/Door-and-Window-Sensor-P2%E7%BA%BF%E4%B8%8B_1920x1920.jpg?fit=1000%2C1000&ssl=1&resize=350%2C200","width":350,"height":200,"srcset":"https:\/\/i0.wp.com\/planitpower.com\/wp-content\/uploads\/2025\/11\/Door-and-Window-Sensor-P2%E7%BA%BF%E4%B8%8B_1920x1920.jpg?fit=1000%2C1000&ssl=1&resize=350%2C200 1x, https:\/\/i0.wp.com\/planitpower.com\/wp-content\/uploads\/2025\/11\/Door-and-Window-Sensor-P2%E7%BA%BF%E4%B8%8B_1920x1920.jpg?fit=1000%2C1000&ssl=1&resize=525%2C300 1.5x, https:\/\/i0.wp.com\/planitpower.com\/wp-content\/uploads\/2025\/11\/Door-and-Window-Sensor-P2%E7%BA%BF%E4%B8%8B_1920x1920.jpg?fit=1000%2C1000&ssl=1&resize=700%2C400 2x"},"classes":[]},{"id":4548,"url":"https:\/\/planitpower.com\/fr\/boutique\/capteur-de-fuite-deau-aqara-t1\/","url_meta":{"origin":5168,"position":4},"title":"Capteur de fuite d&#039;eau Aqara T1","author":"Editorial Team","date":"15\/11\/2025","format":false,"excerpt":"Main features Instant water leak detection: Senses even small amounts of water to alert you before damage occurs. IP67 dust and water resistance: Designed for challenging environments and long-lasting durability. Zigbee 3.0 + Matter compatibility: Offers a reliable wireless connection and broad smart home integration. Smart automation support: Works with\u2026","rel":"","context":"Article similaire","block_context":{"text":"Article similaire","link":""},"img":{"alt_text":"Aqara Water Leak Sensor T1 - planitpower - 1","src":"https:\/\/i0.wp.com\/planitpower.com\/wp-content\/uploads\/2025\/11\/Water-Leak-Sensor-T1_1920x1920.jpg?fit=1000%2C1000&ssl=1&resize=350%2C200","width":350,"height":200,"srcset":"https:\/\/i0.wp.com\/planitpower.com\/wp-content\/uploads\/2025\/11\/Water-Leak-Sensor-T1_1920x1920.jpg?fit=1000%2C1000&ssl=1&resize=350%2C200 1x, https:\/\/i0.wp.com\/planitpower.com\/wp-content\/uploads\/2025\/11\/Water-Leak-Sensor-T1_1920x1920.jpg?fit=1000%2C1000&ssl=1&resize=525%2C300 1.5x, https:\/\/i0.wp.com\/planitpower.com\/wp-content\/uploads\/2025\/11\/Water-Leak-Sensor-T1_1920x1920.jpg?fit=1000%2C1000&ssl=1&resize=700%2C400 2x"},"classes":[]},{"id":4543,"url":"https:\/\/planitpower.com\/fr\/boutique\/capteur-de-porte-et-de-fenetre-aqara-t1\/","url_meta":{"origin":5168,"position":5},"title":"Capteur de porte et fen\u00eatre Aqara T1","author":"Editorial Team","date":"15\/11\/2025","format":false,"excerpt":"Main Features Supports Zigbee 3.0 for reliable wireless communication and compatibility with modern smart home hubs. Detects the open\/closed status of doors or windows via magnet distance measurement, enabling precise monitoring and smart-automation triggers. Long battery life: uses a CR1632 coin cell battery and is energy-efficient, lasting over two years\u2026","rel":"","context":"Article similaire","block_context":{"text":"Article similaire","link":""},"img":{"alt_text":"Aqara Door and Window Sensor T1 - planitpower - 1","src":"https:\/\/i0.wp.com\/planitpower.com\/wp-content\/uploads\/2025\/11\/Door-and-window-Sensor-T1_1920x1920.jpg?fit=1000%2C1000&ssl=1&resize=350%2C200","width":350,"height":200,"srcset":"https:\/\/i0.wp.com\/planitpower.com\/wp-content\/uploads\/2025\/11\/Door-and-window-Sensor-T1_1920x1920.jpg?fit=1000%2C1000&ssl=1&resize=350%2C200 1x, https:\/\/i0.wp.com\/planitpower.com\/wp-content\/uploads\/2025\/11\/Door-and-window-Sensor-T1_1920x1920.jpg?fit=1000%2C1000&ssl=1&resize=525%2C300 1.5x, https:\/\/i0.wp.com\/planitpower.com\/wp-content\/uploads\/2025\/11\/Door-and-window-Sensor-T1_1920x1920.jpg?fit=1000%2C1000&ssl=1&resize=700%2C400 2x"},"classes":[]}],"_links":{"self":[{"href":"https:\/\/planitpower.com\/fr\/wp-json\/wp\/v2\/product\/5168","targetHints":{"allow":["GET"]}}],"collection":[{"href":"https:\/\/planitpower.com\/fr\/wp-json\/wp\/v2\/product"}],"about":[{"href":"https:\/\/planitpower.com\/fr\/wp-json\/wp\/v2\/types\/product"}],"replies":[{"embeddable":true,"href":"https:\/\/planitpower.com\/fr\/wp-json\/wp\/v2\/comments?post=5168"}],"version-history":[{"count":0,"href":"https:\/\/planitpower.com\/fr\/wp-json\/wp\/v2\/product\/5168\/revisions"}],"wp:featuredmedia":[{"embeddable":true,"href":"https:\/\/planitpower.com\/fr\/wp-json\/wp\/v2\/media\/5170"}],"wp:attachment":[{"href":"https:\/\/planitpower.com\/fr\/wp-json\/wp\/v2\/media?parent=5168"}],"wp:term":[{"taxonomy":"product_brand","embeddable":true,"href":"https:\/\/planitpower.com\/fr\/wp-json\/wp\/v2\/product_brand?post=5168"},{"taxonomy":"product_cat","embeddable":true,"href":"https:\/\/planitpower.com\/fr\/wp-json\/wp\/v2\/product_cat?post=5168"},{"taxonomy":"product_tag","embeddable":true,"href":"https:\/\/planitpower.com\/fr\/wp-json\/wp\/v2\/product_tag?post=5168"}],"curies":[{"name":"wp","href":"https:\/\/api.w.org\/{rel}","templated":true}]}}