{"id":5178,"date":"2025-11-24T20:44:40","date_gmt":"2025-11-24T20:44:40","guid":{"rendered":"https:\/\/planitpower.com\/?post_type=product&#038;p=5178"},"modified":"2026-04-13T21:19:07","modified_gmt":"2026-04-13T21:19:07","slug":"prise-intelligente-aqara","status":"publish","type":"product","link":"https:\/\/planitpower.com\/fr\/boutique\/prise-intelligente-aqara\/","title":{"rendered":"Aqara smart plug (EU)"},"content":{"rendered":"<h2 class=\"wp-block-heading\">Description<\/h2>\n\n\n\n<p>L'Aqara Smart Plug est un adaptateur de prise de courant \u00e9l\u00e9gant et intelligent con\u00e7u pour apporter le contr\u00f4le de la maison intelligente \u00e0 vos appareils de tous les jours. En branchant cette prise intelligente sur une prise murale standard de l'UE et en l'associant \u00e0 un hub Aqara, vous pouvez allumer ou \u00e9teindre des appareils \u00e0 distance, programmer des op\u00e9rations programm\u00e9es et les int\u00e9grer dans des sc\u00e8nes automatis\u00e9es. Elle prend en charge les principaux \u00e9cosyst\u00e8mes, notamment Apple Home Kit, Google Home et Amazon Alexa, ce qui vous permet de contr\u00f4ler vos appareils \u00e0 la voix et de les g\u00e9rer \u00e0 l'aide d'une application. Con\u00e7ue dans un souci de s\u00e9curit\u00e9 et de commodit\u00e9, la prise assure \u00e9galement le suivi de la consommation d'\u00e9nergie, ce qui vous permet de contr\u00f4ler la quantit\u00e9 d'\u00e9nergie r\u00e9ellement consomm\u00e9e par votre appareil. Dot\u00e9e d'un design blanc minimaliste, elle s'int\u00e8gre parfaitement dans les int\u00e9rieurs modernes et offre des performances fiables gr\u00e2ce au protocole Zigbee 3.0 pour une communication sans fil rapide et stable. Que vous souhaitiez simplifier le contr\u00f4le de l'\u00e9clairage, automatiser un ventilateur ou programmer une cafeti\u00e8re, la prise intelligente Aqara vous offre cette flexibilit\u00e9 avec l'assurance d'une protection int\u00e9gr\u00e9e contre les surcharges et les surchauffes.<\/p>\n\n\n\n<h2 class=\"wp-block-heading\"><strong>Sp\u00e9cifications techniques<\/strong><\/h2>\n\n\n\n<figure class=\"wp-block-table\"><table class=\"has-fixed-layout\"><thead><tr><th><strong>Sp\u00e9cifications<\/strong><\/th><th><strong>D\u00e9tail<\/strong><\/th><\/tr><\/thead><tbody><tr><td>Mod\u00e8le<\/td><td>SP-EUC01<\/td><\/tr><tr><td>Protocole sans fil<\/td><td>Zigbee 3.0<\/td><\/tr><tr><td>Caract\u00e9ristiques \u00e9lectriques<\/td><td>250 V AC, 50\/60 Hz, 10 A, Max 2300 W<\/td><\/tr><tr><td>Temp\u00e9rature de fonctionnement<\/td><td>0 \u00b0C \u00e0 35 \u00b0C<\/td><\/tr><tr><td>Humidit\u00e9 de fonctionnement<\/td><td>0-95% RH, sans condensation<\/td><\/tr><tr><td>Dimensions<\/td><td>62 \u00d7 77,5 mm<\/td><\/tr><tr><td>Poids net<\/td><td>Environ 110 g<\/td><\/tr><tr><td>Type de fiche<\/td><td>UE Type F (Schuko)<\/td><\/tr><tr><td>Protection de la s\u00e9curit\u00e9<\/td><td>Protection contre la surcharge, protection contre la surchauffe, corps ignifug\u00e9<\/td><\/tr><tr><td>Exigence de la plaque tournante<\/td><td>N\u00e9cessite un hub Aqara pour fonctionner<\/td><\/tr><\/tbody><\/table><\/figure>","protected":false},"excerpt":{"rendered":"<h2 data-start=\"1199\" data-end=\"1221\"><strong data-start=\"1202\" data-end=\"1219\">Caract\u00e9ristiques principales<\/strong><\/h2>\n<ul data-start=\"1222\" data-end=\"2120\">\n<li data-start=\"1222\" data-end=\"1373\">\n<p data-start=\"1224\" data-end=\"1373\"><strong data-start=\"1224\" data-end=\"1271\">Contr\u00f4le \u00e0 distance via une application ou des assistants vocaux :<\/strong> Allumez ou \u00e9teignez vos appareils de n'importe o\u00f9 ou utilisez des commandes vocales par l'interm\u00e9diaire des principales plateformes de maison intelligente.<\/p>\n<\/li>\n<li data-start=\"1374\" data-end=\"1506\">\n<p data-start=\"1376\" data-end=\"1506\"><strong data-start=\"1376\" data-end=\"1398\">Surveillance de l'\u00e9nergie :<\/strong> Il suit en temps r\u00e9el la consommation d'\u00e9lectricit\u00e9 et fournit des statistiques de consommation pour aider \u00e0 g\u00e9rer l'\u00e9nergie de mani\u00e8re efficace.<\/p>\n<\/li>\n<li data-start=\"1507\" data-end=\"1626\">\n<p data-start=\"1509\" data-end=\"1626\"><strong data-start=\"1509\" data-end=\"1537\">Zigbee 3.0 Connectivit\u00e9 :<\/strong> Assure une communication stable et \u00e0 faible latence et am\u00e9liore la fiabilit\u00e9 des automatismes.<\/p>\n<\/li>\n<li data-start=\"1627\" data-end=\"1757\">\n<p data-start=\"1629\" data-end=\"1757\"><strong data-start=\"1629\" data-end=\"1649\">S\u00e9curit\u00e9 renforc\u00e9e :<\/strong> Fabriqu\u00e9 en mat\u00e9riaux ignifuges et \u00e9quip\u00e9 d'une protection contre la surcharge et la surchauffe pour un fonctionnement plus s\u00fbr.<\/p>\n<\/li>\n<li data-start=\"1758\" data-end=\"1889\">\n<p data-start=\"1760\" data-end=\"1889\"><strong data-start=\"1760\" data-end=\"1782\">Automatismes intelligents :<\/strong> Fonctionne avec les concentrateurs Aqara pour activer des sc\u00e8nes, des programmes et des routines en fonction de l'heure, de capteurs ou d'autres d\u00e9clencheurs.<\/p>\n<\/li>\n<li data-start=\"1890\" data-end=\"2006\">\n<p data-start=\"1892\" data-end=\"2006\"><strong data-start=\"1892\" data-end=\"1911\">Conception compacte :<\/strong> Format minimaliste et discret qui s'int\u00e8gre dans n'importe quelle pi\u00e8ce sans bloquer les prises de courant situ\u00e9es \u00e0 proximit\u00e9.<\/p>\n<\/li>\n<li data-start=\"2007\" data-end=\"2120\">\n<p data-start=\"2009\" data-end=\"2120\"><strong data-start=\"2009\" data-end=\"2031\">Automatisations locales :<\/strong> Les automatismes continuent de fonctionner m\u00eame si le WiFi tombe en panne, tant que le concentrateur reste aliment\u00e9.<\/p>\n<\/li>\n<\/ul>","protected":false},"featured_media":5179,"comment_status":"open","ping_status":"closed","template":"","meta":{"jetpack_post_was_ever_published":false,"jetpack_publicize_message":"","jetpack_publicize_feature_enabled":false,"jetpack_social_post_already_shared":false,"jetpack_social_options":{"image_generator_settings":{"template":"highway","default_image_id":0,"font":"","enabled":false},"version":2}},"product_brand":[103],"product_cat":[99],"product_tag":[],"class_list":{"0":"post-5178","1":"product","2":"type-product","3":"status-publish","4":"has-post-thumbnail","6":"product_brand-aqara","7":"product_cat-smart-plugs","9":"first","10":"instock","11":"taxable","12":"shipping-taxable","13":"purchasable","14":"product-type-simple"},"yoast_head":"<!-- This site is optimized with the Yoast SEO plugin v27.3 - https:\/\/yoast.com\/product\/yoast-seo-wordpress\/ -->\n<title>Aqara smart plug (EU) - Planitpower<\/title>\n<meta name=\"description\" content=\"Discover the Aqara Smart Plug \u2014 connect, monitor and automate your appliances effortlessly. With Zigbee 3.0 compatibility, energy-monitoring and full voice assistant support, this smart plug gives you smarter control and safety at home.\" \/>\n<meta name=\"robots\" content=\"index, follow, max-snippet:-1, max-image-preview:large, max-video-preview:-1\" \/>\n<link rel=\"canonical\" href=\"https:\/\/planitpower.com\/fr\/boutique\/prise-intelligente-aqara\/\" \/>\n<meta property=\"og:locale\" content=\"fr_FR\" \/>\n<meta property=\"og:type\" content=\"article\" \/>\n<meta property=\"og:title\" content=\"Aqara smart plug (EU) - Planitpower\" \/>\n<meta property=\"og:description\" content=\"Discover the Aqara Smart Plug \u2014 connect, monitor and automate your appliances effortlessly. With Zigbee 3.0 compatibility, energy-monitoring and full voice assistant support, this smart plug gives you smarter control and safety at home.\" \/>\n<meta property=\"og:url\" content=\"https:\/\/planitpower.com\/fr\/boutique\/prise-intelligente-aqara\/\" \/>\n<meta property=\"og:site_name\" content=\"Planitpower\" \/>\n<meta property=\"article:modified_time\" content=\"2026-04-13T21:19:07+00:00\" \/>\n<meta property=\"og:image\" content=\"https:\/\/planitpower.com\/wp-content\/uploads\/2025\/11\/ASSET_MMS_157251729.webp\" \/>\n\t<meta property=\"og:image:width\" content=\"1800\" \/>\n\t<meta property=\"og:image:height\" content=\"1800\" \/>\n\t<meta property=\"og:image:type\" content=\"image\/webp\" \/>\n<meta name=\"twitter:card\" content=\"summary_large_image\" \/>\n<meta name=\"twitter:label1\" content=\"Dur\u00e9e de lecture estim\u00e9e\" \/>\n\t<meta name=\"twitter:data1\" content=\"2 minutes\" \/>\n<script type=\"application\/ld+json\" class=\"yoast-schema-graph\">{\"@context\":\"https:\\\/\\\/schema.org\",\"@graph\":[{\"@type\":\"WebPage\",\"@id\":\"https:\\\/\\\/planitpower.com\\\/shop\\\/aqara-smart-plug\\\/\",\"url\":\"https:\\\/\\\/planitpower.com\\\/shop\\\/aqara-smart-plug\\\/\",\"name\":\"Aqara smart plug (EU) - Planitpower\",\"isPartOf\":{\"@id\":\"https:\\\/\\\/planitpower.com\\\/#website\"},\"primaryImageOfPage\":{\"@id\":\"https:\\\/\\\/planitpower.com\\\/shop\\\/aqara-smart-plug\\\/#primaryimage\"},\"image\":{\"@id\":\"https:\\\/\\\/planitpower.com\\\/shop\\\/aqara-smart-plug\\\/#primaryimage\"},\"thumbnailUrl\":\"https:\\\/\\\/i0.wp.com\\\/planitpower.com\\\/wp-content\\\/uploads\\\/2025\\\/11\\\/ASSET_MMS_157251729.webp?fit=1800%2C1800&ssl=1\",\"datePublished\":\"2025-11-24T20:44:40+00:00\",\"dateModified\":\"2026-04-13T21:19:07+00:00\",\"description\":\"Discover the Aqara Smart Plug \u2014 connect, monitor and automate your appliances effortlessly. With Zigbee 3.0 compatibility, energy-monitoring and full voice assistant support, this smart plug gives you smarter control and safety at home.\",\"breadcrumb\":{\"@id\":\"https:\\\/\\\/planitpower.com\\\/shop\\\/aqara-smart-plug\\\/#breadcrumb\"},\"inLanguage\":\"fr-FR\",\"potentialAction\":[{\"@type\":\"ReadAction\",\"target\":[\"https:\\\/\\\/planitpower.com\\\/shop\\\/aqara-smart-plug\\\/\"]}]},{\"@type\":\"ImageObject\",\"inLanguage\":\"fr-FR\",\"@id\":\"https:\\\/\\\/planitpower.com\\\/shop\\\/aqara-smart-plug\\\/#primaryimage\",\"url\":\"https:\\\/\\\/i0.wp.com\\\/planitpower.com\\\/wp-content\\\/uploads\\\/2025\\\/11\\\/ASSET_MMS_157251729.webp?fit=1800%2C1800&ssl=1\",\"contentUrl\":\"https:\\\/\\\/i0.wp.com\\\/planitpower.com\\\/wp-content\\\/uploads\\\/2025\\\/11\\\/ASSET_MMS_157251729.webp?fit=1800%2C1800&ssl=1\",\"width\":1800,\"height\":1800,\"caption\":\"Aqara smart plug - planitpower - 1\"},{\"@type\":\"BreadcrumbList\",\"@id\":\"https:\\\/\\\/planitpower.com\\\/shop\\\/aqara-smart-plug\\\/#breadcrumb\",\"itemListElement\":[{\"@type\":\"ListItem\",\"position\":1,\"name\":\"Home\",\"item\":\"https:\\\/\\\/planitpower.com\\\/\"},{\"@type\":\"ListItem\",\"position\":2,\"name\":\"SHOP\",\"item\":\"https:\\\/\\\/planitpower.com\\\/shop\\\/\"},{\"@type\":\"ListItem\",\"position\":3,\"name\":\"Aqara smart plug (EU)\"}]},{\"@type\":\"WebSite\",\"@id\":\"https:\\\/\\\/planitpower.com\\\/#website\",\"url\":\"https:\\\/\\\/planitpower.com\\\/\",\"name\":\"Planitpower\",\"description\":\"Inspire energy\",\"publisher\":{\"@id\":\"https:\\\/\\\/planitpower.com\\\/#\\\/schema\\\/person\\\/b531587eda267b930b04174d12de6efa\"},\"potentialAction\":[{\"@type\":\"SearchAction\",\"target\":{\"@type\":\"EntryPoint\",\"urlTemplate\":\"https:\\\/\\\/planitpower.com\\\/?s={search_term_string}\"},\"query-input\":{\"@type\":\"PropertyValueSpecification\",\"valueRequired\":true,\"valueName\":\"search_term_string\"}}],\"inLanguage\":\"fr-FR\"},{\"@type\":[\"Person\",\"Organization\"],\"@id\":\"https:\\\/\\\/planitpower.com\\\/#\\\/schema\\\/person\\\/b531587eda267b930b04174d12de6efa\",\"name\":\"Editorial Team\",\"image\":{\"@type\":\"ImageObject\",\"inLanguage\":\"fr-FR\",\"@id\":\"https:\\\/\\\/i0.wp.com\\\/planitpower.com\\\/wp-content\\\/uploads\\\/2025\\\/12\\\/cropped-planitpower_circle_375x375.png?fit=512%2C512&ssl=1\",\"url\":\"https:\\\/\\\/i0.wp.com\\\/planitpower.com\\\/wp-content\\\/uploads\\\/2025\\\/12\\\/cropped-planitpower_circle_375x375.png?fit=512%2C512&ssl=1\",\"contentUrl\":\"https:\\\/\\\/i0.wp.com\\\/planitpower.com\\\/wp-content\\\/uploads\\\/2025\\\/12\\\/cropped-planitpower_circle_375x375.png?fit=512%2C512&ssl=1\",\"width\":512,\"height\":512,\"caption\":\"Editorial Team\"},\"logo\":{\"@id\":\"https:\\\/\\\/i0.wp.com\\\/planitpower.com\\\/wp-content\\\/uploads\\\/2025\\\/12\\\/cropped-planitpower_circle_375x375.png?fit=512%2C512&ssl=1\"},\"sameAs\":[\"https:\\\/\\\/Planitpower.com\"]}]}<\/script>\n<!-- \/ Yoast SEO plugin. -->","yoast_head_json":{"title":"Aqara smart plug (EU) - Planitpower","description":"D\u00e9couvrez la prise intelligente Aqara - connectez, contr\u00f4lez et automatisez vos appareils sans effort. Gr\u00e2ce \u00e0 sa compatibilit\u00e9 Zigbee 3.0, \u00e0 sa surveillance de l'\u00e9nergie et \u00e0 la prise en charge compl\u00e8te de l'assistant vocal, cette prise intelligente vous offre un contr\u00f4le plus intelligent et une plus grande s\u00e9curit\u00e9 \u00e0 la maison.","robots":{"index":"index","follow":"follow","max-snippet":"max-snippet:-1","max-image-preview":"max-image-preview:large","max-video-preview":"max-video-preview:-1"},"canonical":"https:\/\/planitpower.com\/fr\/boutique\/prise-intelligente-aqara\/","og_locale":"fr_FR","og_type":"article","og_title":"Aqara smart plug (EU) - Planitpower","og_description":"Discover the Aqara Smart Plug \u2014 connect, monitor and automate your appliances effortlessly. With Zigbee 3.0 compatibility, energy-monitoring and full voice assistant support, this smart plug gives you smarter control and safety at home.","og_url":"https:\/\/planitpower.com\/fr\/boutique\/prise-intelligente-aqara\/","og_site_name":"Planitpower","article_modified_time":"2026-04-13T21:19:07+00:00","og_image":[{"width":1800,"height":1800,"url":"https:\/\/planitpower.com\/wp-content\/uploads\/2025\/11\/ASSET_MMS_157251729.webp","type":"image\/webp"}],"twitter_card":"summary_large_image","twitter_misc":{"Dur\u00e9e de lecture estim\u00e9e":"2 minutes"},"schema":{"@context":"https:\/\/schema.org","@graph":[{"@type":"WebPage","@id":"https:\/\/planitpower.com\/shop\/aqara-smart-plug\/","url":"https:\/\/planitpower.com\/shop\/aqara-smart-plug\/","name":"Aqara smart plug (EU) - Planitpower","isPartOf":{"@id":"https:\/\/planitpower.com\/#website"},"primaryImageOfPage":{"@id":"https:\/\/planitpower.com\/shop\/aqara-smart-plug\/#primaryimage"},"image":{"@id":"https:\/\/planitpower.com\/shop\/aqara-smart-plug\/#primaryimage"},"thumbnailUrl":"https:\/\/i0.wp.com\/planitpower.com\/wp-content\/uploads\/2025\/11\/ASSET_MMS_157251729.webp?fit=1800%2C1800&ssl=1","datePublished":"2025-11-24T20:44:40+00:00","dateModified":"2026-04-13T21:19:07+00:00","description":"D\u00e9couvrez la prise intelligente Aqara - connectez, contr\u00f4lez et automatisez vos appareils sans effort. Gr\u00e2ce \u00e0 sa compatibilit\u00e9 Zigbee 3.0, \u00e0 sa surveillance de l'\u00e9nergie et \u00e0 la prise en charge compl\u00e8te de l'assistant vocal, cette prise intelligente vous offre un contr\u00f4le plus intelligent et une plus grande s\u00e9curit\u00e9 \u00e0 la maison.","breadcrumb":{"@id":"https:\/\/planitpower.com\/shop\/aqara-smart-plug\/#breadcrumb"},"inLanguage":"fr-FR","potentialAction":[{"@type":"ReadAction","target":["https:\/\/planitpower.com\/shop\/aqara-smart-plug\/"]}]},{"@type":"ImageObject","inLanguage":"fr-FR","@id":"https:\/\/planitpower.com\/shop\/aqara-smart-plug\/#primaryimage","url":"https:\/\/i0.wp.com\/planitpower.com\/wp-content\/uploads\/2025\/11\/ASSET_MMS_157251729.webp?fit=1800%2C1800&ssl=1","contentUrl":"https:\/\/i0.wp.com\/planitpower.com\/wp-content\/uploads\/2025\/11\/ASSET_MMS_157251729.webp?fit=1800%2C1800&ssl=1","width":1800,"height":1800,"caption":"Aqara smart plug - planitpower - 1"},{"@type":"BreadcrumbList","@id":"https:\/\/planitpower.com\/shop\/aqara-smart-plug\/#breadcrumb","itemListElement":[{"@type":"ListItem","position":1,"name":"Home","item":"https:\/\/planitpower.com\/"},{"@type":"ListItem","position":2,"name":"SHOP","item":"https:\/\/planitpower.com\/shop\/"},{"@type":"ListItem","position":3,"name":"Aqara smart plug (EU)"}]},{"@type":"WebSite","@id":"https:\/\/planitpower.com\/#website","url":"https:\/\/planitpower.com\/","name":"Planitpower","description":"Inspirons l'\u00e9nergie!","publisher":{"@id":"https:\/\/planitpower.com\/#\/schema\/person\/b531587eda267b930b04174d12de6efa"},"potentialAction":[{"@type":"SearchAction","target":{"@type":"EntryPoint","urlTemplate":"https:\/\/planitpower.com\/?s={search_term_string}"},"query-input":{"@type":"PropertyValueSpecification","valueRequired":true,"valueName":"search_term_string"}}],"inLanguage":"fr-FR"},{"@type":["Person","Organization"],"@id":"https:\/\/planitpower.com\/#\/schema\/person\/b531587eda267b930b04174d12de6efa","name":"Equipe \u00e9ditoriale","image":{"@type":"ImageObject","inLanguage":"fr-FR","@id":"https:\/\/i0.wp.com\/planitpower.com\/wp-content\/uploads\/2025\/12\/cropped-planitpower_circle_375x375.png?fit=512%2C512&ssl=1","url":"https:\/\/i0.wp.com\/planitpower.com\/wp-content\/uploads\/2025\/12\/cropped-planitpower_circle_375x375.png?fit=512%2C512&ssl=1","contentUrl":"https:\/\/i0.wp.com\/planitpower.com\/wp-content\/uploads\/2025\/12\/cropped-planitpower_circle_375x375.png?fit=512%2C512&ssl=1","width":512,"height":512,"caption":"Editorial Team"},"logo":{"@id":"https:\/\/i0.wp.com\/planitpower.com\/wp-content\/uploads\/2025\/12\/cropped-planitpower_circle_375x375.png?fit=512%2C512&ssl=1"},"sameAs":["https:\/\/Planitpower.com"]}]}},"jetpack_publicize_connections":[],"jetpack_likes_enabled":true,"jetpack_sharing_enabled":true,"jetpack-related-posts":[{"id":4253,"url":"https:\/\/planitpower.com\/fr\/boutique\/hub-aqara-m1s-gen2\/","url_meta":{"origin":5178,"position":0},"title":"Hub Aqara M1S Gen2","author":"Editorial Team","date":"25\/12\/2025","format":false,"excerpt":"Main Features Zigbee 3.0 Connectivity \u2013 Offers faster, more reliable, and energy-efficient communication for up to 128 Aqara devices. Multi-Platform Compatibility \u2013 Works seamlessly with Apple HomeKit, Amazon Alexa, Google Assistant, and IFTTT for flexible smart home control. Enhanced Security \u2013 Features local alarm notifications and HomeKit Secure Video compatibility\u2026","rel":"","context":"Article similaire","block_context":{"text":"Article similaire","link":""},"img":{"alt_text":"Aqara Hub M1S Gen2 - planitpower - 1","src":"https:\/\/i0.wp.com\/planitpower.com\/wp-content\/uploads\/2025\/11\/M1S-Gen-2_1920x1920.jpg?fit=1000%2C1000&ssl=1&resize=350%2C200","width":350,"height":200,"srcset":"https:\/\/i0.wp.com\/planitpower.com\/wp-content\/uploads\/2025\/11\/M1S-Gen-2_1920x1920.jpg?fit=1000%2C1000&ssl=1&resize=350%2C200 1x, https:\/\/i0.wp.com\/planitpower.com\/wp-content\/uploads\/2025\/11\/M1S-Gen-2_1920x1920.jpg?fit=1000%2C1000&ssl=1&resize=525%2C300 1.5x, https:\/\/i0.wp.com\/planitpower.com\/wp-content\/uploads\/2025\/11\/M1S-Gen-2_1920x1920.jpg?fit=1000%2C1000&ssl=1&resize=700%2C400 2x"},"classes":[]},{"id":4574,"url":"https:\/\/planitpower.com\/fr\/boutique\/hub-aqara-e1\/","url_meta":{"origin":5178,"position":1},"title":"Aqara Hub E1","author":"Editorial Team","date":"15\/11\/2025","format":false,"excerpt":"Caract\u00e9ristiques principales : Compatibilit\u00e9 \u00e9tendue avec les \u00e9cosyst\u00e8mes : Le hub E1 permet \u00e0 vos appareils Aqara pour enfants de s&#039;int\u00e9grer aux principales plateformes, notamment Apple HomeKit, Amazon Alexa, Google Assistant et IFTTT, vous offrant ainsi un contr\u00f4le vocal et via application gr\u00e2ce \u00e0 des syst\u00e8mes familiers. Prise en charge de jusqu&#039;\u00e0 128 appareils Zigbee : Utilisant la technologie Zigbee 3.0, ce hub prend en charge\u2026","rel":"","context":"Article similaire","block_context":{"text":"Article similaire","link":""},"img":{"alt_text":"Aqara Hub E1 - planitpower - 1","src":"https:\/\/i0.wp.com\/planitpower.com\/wp-content\/uploads\/2025\/11\/Aqara-Hub-E1-packshot_1920x1920.jpg?fit=1000%2C1000&ssl=1&resize=350%2C200","width":350,"height":200,"srcset":"https:\/\/i0.wp.com\/planitpower.com\/wp-content\/uploads\/2025\/11\/Aqara-Hub-E1-packshot_1920x1920.jpg?fit=1000%2C1000&ssl=1&resize=350%2C200 1x, https:\/\/i0.wp.com\/planitpower.com\/wp-content\/uploads\/2025\/11\/Aqara-Hub-E1-packshot_1920x1920.jpg?fit=1000%2C1000&ssl=1&resize=525%2C300 1.5x, https:\/\/i0.wp.com\/planitpower.com\/wp-content\/uploads\/2025\/11\/Aqara-Hub-E1-packshot_1920x1920.jpg?fit=1000%2C1000&ssl=1&resize=700%2C400 2x"},"classes":[]},{"id":4237,"url":"https:\/\/planitpower.com\/fr\/boutique\/interrupteur-daffichage-aqara-v1-eu\/","url_meta":{"origin":5178,"position":2},"title":"Aqara Display Switch V1 UE","author":"Editorial Team","date":"25\/12\/2025","format":false,"excerpt":"Main Features Smart Touchscreen Control: Full-color display for easy control of lighting, scenes, and smart home devices. Multi-Functional Interface: Customizable widgets allow quick access to frequently used functions like lights, sensors, or scenes. Wide Compatibility: Works with Apple HomeKit, Amazon Alexa, Google Assistant, and Matter (via compatible Aqara Hub). Energy\u2026","rel":"","context":"Article similaire","block_context":{"text":"Article similaire","link":""},"img":{"alt_text":"Aqara Display Switch V1 EU - planitpower - 1","src":"https:\/\/i0.wp.com\/planitpower.com\/wp-content\/uploads\/2025\/11\/display-switch-v1.jpg?fit=1000%2C1000&ssl=1&resize=350%2C200","width":350,"height":200,"srcset":"https:\/\/i0.wp.com\/planitpower.com\/wp-content\/uploads\/2025\/11\/display-switch-v1.jpg?fit=1000%2C1000&ssl=1&resize=350%2C200 1x, https:\/\/i0.wp.com\/planitpower.com\/wp-content\/uploads\/2025\/11\/display-switch-v1.jpg?fit=1000%2C1000&ssl=1&resize=525%2C300 1.5x, https:\/\/i0.wp.com\/planitpower.com\/wp-content\/uploads\/2025\/11\/display-switch-v1.jpg?fit=1000%2C1000&ssl=1&resize=700%2C400 2x"},"classes":[]},{"id":4466,"url":"https:\/\/planitpower.com\/fr\/boutique\/prise-murale-aqara-h2\/","url_meta":{"origin":5178,"position":3},"title":"Prise murale Aqara H2","author":"Editorial Team","date":"14\/11\/2025","format":false,"excerpt":"Caract\u00e9ristiques principales : Commande murale intelligente : Elle remplace une prise classique et permet de la contr\u00f4ler par un bouton physique, une application mobile ou un assistant vocal. Suivi et automatisation de la consommation d&#039;\u00e9nergie : Elle suit la consommation \u00e9lectrique des appareils en temps r\u00e9el et permet d&#039;automatiser les t\u00e2ches en fonction des seuils de consommation (par exemple, recevoir une notification lorsque le linge est lav\u00e9 ou \u00e9teindre un appareil en veille).","rel":"","context":"Article similaire","block_context":{"text":"Article similaire","link":""},"img":{"alt_text":"Aqara Wall Outlet H2 - planitpower -1","src":"https:\/\/i0.wp.com\/planitpower.com\/wp-content\/uploads\/2025\/11\/H2_Packshot.jpg?fit=1000%2C1000&ssl=1&resize=350%2C200","width":350,"height":200,"srcset":"https:\/\/i0.wp.com\/planitpower.com\/wp-content\/uploads\/2025\/11\/H2_Packshot.jpg?fit=1000%2C1000&ssl=1&resize=350%2C200 1x, https:\/\/i0.wp.com\/planitpower.com\/wp-content\/uploads\/2025\/11\/H2_Packshot.jpg?fit=1000%2C1000&ssl=1&resize=525%2C300 1.5x, https:\/\/i0.wp.com\/planitpower.com\/wp-content\/uploads\/2025\/11\/H2_Packshot.jpg?fit=1000%2C1000&ssl=1&resize=700%2C400 2x"},"classes":[]},{"id":4209,"url":"https:\/\/planitpower.com\/fr\/boutique\/bande-led-aqara-t1\/","url_meta":{"origin":5178,"position":4},"title":"Bande LED Aqara T1","author":"Editorial Team","date":"25\/12\/2025","format":false,"excerpt":"Main Features Dual White + RGB Lighting: Offers full-spectrum RGB lighting with adjustable color temperature from warm to cool white (2700K\u20136500K). Matter and Multi-Platform Support: Works seamlessly with Matter, Apple HomeKit, Google Assistant, Amazon Alexa, and Aqara Home for unified smart home integration. Dynamic Effects & Scene Customization: Create unique\u2026","rel":"","context":"Article similaire","block_context":{"text":"Article similaire","link":""},"img":{"alt_text":"LED Strip T1 - planitpower - 1","src":"https:\/\/i0.wp.com\/planitpower.com\/wp-content\/uploads\/2025\/11\/LED-Strip-T1-%E7%BA%BF%E4%B8%8B_1920x1920.jpg?fit=1000%2C1000&ssl=1&resize=350%2C200","width":350,"height":200,"srcset":"https:\/\/i0.wp.com\/planitpower.com\/wp-content\/uploads\/2025\/11\/LED-Strip-T1-%E7%BA%BF%E4%B8%8B_1920x1920.jpg?fit=1000%2C1000&ssl=1&resize=350%2C200 1x, https:\/\/i0.wp.com\/planitpower.com\/wp-content\/uploads\/2025\/11\/LED-Strip-T1-%E7%BA%BF%E4%B8%8B_1920x1920.jpg?fit=1000%2C1000&ssl=1&resize=525%2C300 1.5x, https:\/\/i0.wp.com\/planitpower.com\/wp-content\/uploads\/2025\/11\/LED-Strip-T1-%E7%BA%BF%E4%B8%8B_1920x1920.jpg?fit=1000%2C1000&ssl=1&resize=700%2C400 2x"},"classes":[]},{"id":4297,"url":"https:\/\/planitpower.com\/fr\/boutique\/cadran-tactile-aqara-v1-eu\/","url_meta":{"origin":5178,"position":5},"title":"Cadran tactile Aqara V1 UE","author":"Editorial Team","date":"25\/12\/2025","format":false,"excerpt":"Main Features Touch & Dial Control \u2013 Combines a high-quality rotary dial and a responsive touchscreen for easy, tactile, and visual interaction. Multi-Mode Functionality \u2013 Customize the screen to control different smart devices such as lights, thermostats, blinds, or scenes. Smart Ecosystem Integration \u2013 Fully compatible with Aqara Home, Apple\u2026","rel":"","context":"Article similaire","block_context":{"text":"Article similaire","link":""},"img":{"alt_text":"aqara Touchscreen Dial V1 EU - planitpower - 2","src":"https:\/\/i0.wp.com\/planitpower.com\/wp-content\/uploads\/2025\/11\/ASSET_MMS_162380036.webp?fit=1200%2C1200&ssl=1&resize=350%2C200","width":350,"height":200,"srcset":"https:\/\/i0.wp.com\/planitpower.com\/wp-content\/uploads\/2025\/11\/ASSET_MMS_162380036.webp?fit=1200%2C1200&ssl=1&resize=350%2C200 1x, https:\/\/i0.wp.com\/planitpower.com\/wp-content\/uploads\/2025\/11\/ASSET_MMS_162380036.webp?fit=1200%2C1200&ssl=1&resize=525%2C300 1.5x, https:\/\/i0.wp.com\/planitpower.com\/wp-content\/uploads\/2025\/11\/ASSET_MMS_162380036.webp?fit=1200%2C1200&ssl=1&resize=700%2C400 2x, https:\/\/i0.wp.com\/planitpower.com\/wp-content\/uploads\/2025\/11\/ASSET_MMS_162380036.webp?fit=1200%2C1200&ssl=1&resize=1050%2C600 3x"},"classes":[]}],"_links":{"self":[{"href":"https:\/\/planitpower.com\/fr\/wp-json\/wp\/v2\/product\/5178","targetHints":{"allow":["GET"]}}],"collection":[{"href":"https:\/\/planitpower.com\/fr\/wp-json\/wp\/v2\/product"}],"about":[{"href":"https:\/\/planitpower.com\/fr\/wp-json\/wp\/v2\/types\/product"}],"replies":[{"embeddable":true,"href":"https:\/\/planitpower.com\/fr\/wp-json\/wp\/v2\/comments?post=5178"}],"version-history":[{"count":1,"href":"https:\/\/planitpower.com\/fr\/wp-json\/wp\/v2\/product\/5178\/revisions"}],"predecessor-version":[{"id":6263,"href":"https:\/\/planitpower.com\/fr\/wp-json\/wp\/v2\/product\/5178\/revisions\/6263"}],"wp:featuredmedia":[{"embeddable":true,"href":"https:\/\/planitpower.com\/fr\/wp-json\/wp\/v2\/media\/5179"}],"wp:attachment":[{"href":"https:\/\/planitpower.com\/fr\/wp-json\/wp\/v2\/media?parent=5178"}],"wp:term":[{"taxonomy":"product_brand","embeddable":true,"href":"https:\/\/planitpower.com\/fr\/wp-json\/wp\/v2\/product_brand?post=5178"},{"taxonomy":"product_cat","embeddable":true,"href":"https:\/\/planitpower.com\/fr\/wp-json\/wp\/v2\/product_cat?post=5178"},{"taxonomy":"product_tag","embeddable":true,"href":"https:\/\/planitpower.com\/fr\/wp-json\/wp\/v2\/product_tag?post=5178"}],"curies":[{"name":"wp","href":"https:\/\/api.w.org\/{rel}","templated":true}]}}