{"id":5766,"date":"2025-12-25T21:37:45","date_gmt":"2025-12-25T21:37:45","guid":{"rendered":"https:\/\/planitpower.com\/?post_type=product&#038;p=5766"},"modified":"2025-12-25T21:37:47","modified_gmt":"2025-12-25T21:37:47","slug":"capteur-de-presence-multi-capteur-aqara-fp300","status":"publish","type":"product","link":"https:\/\/planitpower.com\/fr\/boutique\/capteur-de-presence-multi-capteur-aqara-fp300\/","title":{"rendered":"Capteur multi-positions Aqara Presence FP300"},"content":{"rendered":"<h2 class=\"wp-block-heading\">Description<\/h2>\n\n\n\n<p>Le <strong>Capteur multi-positions Aqara Presence FP300<\/strong> Ce capteur domotique nouvelle g\u00e9n\u00e9ration est con\u00e7u pour une d\u00e9tection de pr\u00e9sence humaine et une surveillance environnementale d&#039;une grande pr\u00e9cision. Contrairement aux d\u00e9tecteurs de mouvement traditionnels, il combine la d\u00e9tection de mouvement PIR et une technologie radar mmWave 60 GHz avanc\u00e9e, associ\u00e9e \u00e0 des algorithmes d&#039;IA, pour d\u00e9tecter une pr\u00e9sence m\u00eame lorsqu&#039;une personne est immobile, assise ou debout.<\/p>\n\n\n\n<p>En plus de la d\u00e9tection de pr\u00e9sence, le FP300 int\u00e8gre des capteurs de luminosit\u00e9 ambiante, de temp\u00e9rature et d&#039;humidit\u00e9, pour une domotique plus intelligente et r\u00e9active. Son format compact, sa longue autonomie et sa compatibilit\u00e9 avec deux protocoles sans fil en font la solution id\u00e9ale pour les maisons connect\u00e9es modernes, ax\u00e9es sur le confort, l&#039;efficacit\u00e9 \u00e9nerg\u00e9tique et la fiabilit\u00e9 de l&#039;automatisation.<\/p>\n\n\n\n<h2 class=\"wp-block-heading\">Sp\u00e9cifications techniques<\/h2>\n\n\n\n<figure class=\"wp-block-table\"><table class=\"has-fixed-layout\"><thead><tr><th>Sp\u00e9cifications<\/th><th>D\u00e9tails<\/th><\/tr><\/thead><tbody><tr><td><strong>Nom du produit<\/strong><\/td><td>Capteur multi-positions Aqara Presence FP300<\/td><\/tr><tr><td><strong>Mod\u00e8le<\/strong><\/td><td>PS-S04E \/ PS-S04D<\/td><\/tr><tr><td><strong>Technologies de d\u00e9tection<\/strong><\/td><td>D\u00e9tecteur de mouvement PIR, radar \u00e0 ondes millim\u00e9triques de 60 GHz<\/td><\/tr><tr><td><strong>Capteurs suppl\u00e9mentaires<\/strong><\/td><td>Lumi\u00e8re ambiante, temp\u00e9rature, humidit\u00e9<\/td><\/tr><tr><td><strong>Protocoles sans fil<\/strong><\/td><td>Fil, Zigbee, Bluetooth<\/td><\/tr><tr><td><strong>Assistance aux affaires<\/strong><\/td><td>Oui (via Thread)<\/td><\/tr><tr><td><strong>Port\u00e9e de d\u00e9tection<\/strong><\/td><td>Jusqu&#039;\u00e0 environ 6 m<\/td><\/tr><tr><td><strong>Champ de vision<\/strong><\/td><td>Environ 120\u00b0.<\/td><\/tr><tr><td><strong>Alimentation \u00e9lectrique<\/strong><\/td><td>2 piles rempla\u00e7ables CR2450<\/td><\/tr><tr><td><strong>Autonomie de la batterie<\/strong><\/td><td>Jusqu&#039;\u00e0 environ 3 ans (Zigbee) \/ environ 2 ans (Thread)<\/td><\/tr><tr><td><strong>Temp\u00e9rature de fonctionnement<\/strong><\/td><td>\u201310 \u00b0C \u00e0 50 \u00b0C<\/td><\/tr><tr><td><strong>Humidit\u00e9 de fonctionnement<\/strong><\/td><td>0\u201395 % HR (sans condensation)<\/td><\/tr><tr><td><strong>Dimensions<\/strong><\/td><td>Environ 42 \u00d7 42 \u00d7 50 mm<\/td><\/tr><tr><td><strong>M\u00e9thodes d&#039;installation<\/strong><\/td><td>Fixation magn\u00e9tique murale, au plafond ou en angle<\/td><\/tr><tr><td><strong>Compatibilit\u00e9 avec les maisons intelligentes<\/strong><\/td><td>Aqara Home, Apple Home, Google Home, Amazon Alexa, SmartThings, Assistant Domicile<\/td><\/tr><\/tbody><\/table><\/figure>","protected":false},"excerpt":{"rendered":"<p>&nbsp;<\/p>\n<h3 data-start=\"1294\" data-end=\"1310\">Caract\u00e9ristiques principales<\/h3>\n<ul data-start=\"1312\" data-end=\"2522\">\n<li data-start=\"1312\" data-end=\"1482\">\n<p data-start=\"1314\" data-end=\"1482\"><strong data-start=\"1314\" data-end=\"1346\">D\u00e9tection de pr\u00e9sence avanc\u00e9e\u00a0:<\/strong> Combine la d\u00e9tection de mouvement PIR avec un radar mmWave de 60 GHz et un traitement par IA pour d\u00e9tecter avec pr\u00e9cision la pr\u00e9sence humaine, m\u00eame en cas de mouvement minimal.<\/p>\n<\/li>\n<li data-start=\"1483\" data-end=\"1619\">\n<p data-start=\"1485\" data-end=\"1619\"><strong data-start=\"1485\" data-end=\"1517\">Fonctionnalit\u00e9s du capteur 5 en 1\u00a0:<\/strong> D\u00e9tecte la pr\u00e9sence, le mouvement, le niveau de luminosit\u00e9 ambiante, la temp\u00e9rature et l&#039;humidit\u00e9 dans un seul appareil compact.<\/p>\n<\/li>\n<li data-start=\"1620\" data-end=\"1766\">\n<p data-start=\"1622\" data-end=\"1766\"><strong data-start=\"1622\" data-end=\"1657\">Prise en charge de deux protocoles sans fil\u00a0:<\/strong> Compatible avec les r\u00e9seaux Thread et Zigbee, permettant une large int\u00e9gration domotique et une connectivit\u00e9 \u00e0 l&#039;\u00e9preuve du temps.<\/p>\n<\/li>\n<li data-start=\"1767\" data-end=\"1886\">\n<p data-start=\"1769\" data-end=\"1886\"><strong data-start=\"1769\" data-end=\"1794\">Compatibilit\u00e9 des mat\u00e9riaux :<\/strong> Prend en charge Matter plut\u00f4t que Thread pour une interop\u00e9rabilit\u00e9 transparente avec les principaux \u00e9cosyst\u00e8mes de maison intelligente.<\/p>\n<\/li>\n<li data-start=\"1887\" data-end=\"2043\">\n<p data-start=\"1889\" data-end=\"2043\"><strong data-start=\"1889\" data-end=\"1911\">Longue dur\u00e9e de vie de la batterie\u00a0:<\/strong> Aliment\u00e9 par deux piles CR2450 rempla\u00e7ables, offrant jusqu&#039;\u00e0 environ trois ans de fonctionnement selon le protocole et l&#039;utilisation.<\/p>\n<\/li>\n<li data-start=\"2044\" data-end=\"2210\">\n<p data-start=\"2046\" data-end=\"2210\"><strong data-start=\"2046\" data-end=\"2074\">Couverture de d\u00e9tection \u00e9tendue\u00a0:<\/strong> Offre une couverture fiable avec un large champ de vision et une distance de d\u00e9tection adapt\u00e9e aux salons, chambres, bureaux et couloirs.<\/p>\n<\/li>\n<li data-start=\"2211\" data-end=\"2356\">\n<p data-start=\"2213\" data-end=\"2356\"><strong data-start=\"2213\" data-end=\"2247\">Options d&#039;installation flexibles\u00a0:<\/strong> Gr\u00e2ce \u00e0 sa conception compacte et polyvalente, il peut \u00eatre fix\u00e9 aux murs, aux plafonds, dans les angles ou sur des surfaces magn\u00e9tiques.<\/p>\n<\/li>\n<li data-start=\"2357\" data-end=\"2522\">\n<p data-start=\"2359\" data-end=\"2522\"><strong data-start=\"2359\" data-end=\"2396\">Param\u00e8tres d&#039;automatisation personnalisables\u00a0:<\/strong> La sensibilit\u00e9 de d\u00e9tection, le comportement de signalement et les d\u00e9clencheurs d&#039;automatisation peuvent \u00eatre ajust\u00e9s avec pr\u00e9cision via des plateformes domotiques compatibles.<\/p>\n<\/li>\n<\/ul>","protected":false},"featured_media":5767,"comment_status":"open","ping_status":"closed","template":"","meta":{"jetpack_post_was_ever_published":false,"jetpack_publicize_message":"","jetpack_publicize_feature_enabled":true,"jetpack_social_post_already_shared":true,"jetpack_social_options":{"image_generator_settings":{"template":"highway","default_image_id":0,"font":"","enabled":false},"version":2}},"product_brand":[103],"product_cat":[134],"product_tag":[],"class_list":{"0":"post-5766","1":"product","2":"type-product","3":"status-publish","4":"has-post-thumbnail","6":"product_brand-aqara","7":"product_cat-smart-sensors","9":"first","10":"instock","11":"taxable","12":"shipping-taxable","13":"purchasable","14":"product-type-simple"},"yoast_head":"<!-- This site is optimized with the Yoast SEO plugin v27.3 - https:\/\/yoast.com\/product\/yoast-seo-wordpress\/ -->\n<title>Aqara Presence Multi-Sensor FP300 - Planitpower<\/title>\n<meta name=\"description\" content=\"The Aqara Presence Multi-Sensor FP300 is an advanced 5-in-1 smart home sensor combining mmWave radar, PIR motion, light, temperature, and humidity detection for precise presence sensing and intelligent automations.\" \/>\n<meta name=\"robots\" content=\"index, follow, max-snippet:-1, max-image-preview:large, max-video-preview:-1\" \/>\n<link rel=\"canonical\" href=\"https:\/\/planitpower.com\/fr\/boutique\/capteur-de-presence-multi-capteur-aqara-fp300\/\" \/>\n<meta property=\"og:locale\" content=\"fr_FR\" \/>\n<meta property=\"og:type\" content=\"article\" \/>\n<meta property=\"og:title\" content=\"Aqara Presence Multi-Sensor FP300 - Planitpower\" \/>\n<meta property=\"og:description\" content=\"The Aqara Presence Multi-Sensor FP300 is an advanced 5-in-1 smart home sensor combining mmWave radar, PIR motion, light, temperature, and humidity detection for precise presence sensing and intelligent automations.\" \/>\n<meta property=\"og:url\" content=\"https:\/\/planitpower.com\/fr\/boutique\/capteur-de-presence-multi-capteur-aqara-fp300\/\" \/>\n<meta property=\"og:site_name\" content=\"Planitpower\" \/>\n<meta property=\"article:modified_time\" content=\"2025-12-25T21:37:47+00:00\" \/>\n<meta property=\"og:image\" content=\"https:\/\/i0.wp.com\/planitpower.com\/wp-content\/uploads\/2025\/12\/aqara-presence-multi-sensor-fp300-ps-s04d-2-1762438580923.webp?fit=1000%2C1000&ssl=1\" \/>\n\t<meta property=\"og:image:width\" content=\"1000\" \/>\n\t<meta property=\"og:image:height\" content=\"1000\" \/>\n\t<meta property=\"og:image:type\" content=\"image\/webp\" \/>\n<meta name=\"twitter:card\" content=\"summary_large_image\" \/>\n<meta name=\"twitter:label1\" content=\"Dur\u00e9e de lecture estim\u00e9e\" \/>\n\t<meta name=\"twitter:data1\" content=\"2 minutes\" \/>\n<script type=\"application\/ld+json\" class=\"yoast-schema-graph\">{\"@context\":\"https:\\\/\\\/schema.org\",\"@graph\":[{\"@type\":\"WebPage\",\"@id\":\"https:\\\/\\\/planitpower.com\\\/shop\\\/aqara-presence-multi-sensor-fp300\\\/\",\"url\":\"https:\\\/\\\/planitpower.com\\\/shop\\\/aqara-presence-multi-sensor-fp300\\\/\",\"name\":\"Aqara Presence Multi-Sensor FP300 - Planitpower\",\"isPartOf\":{\"@id\":\"https:\\\/\\\/planitpower.com\\\/#website\"},\"primaryImageOfPage\":{\"@id\":\"https:\\\/\\\/planitpower.com\\\/shop\\\/aqara-presence-multi-sensor-fp300\\\/#primaryimage\"},\"image\":{\"@id\":\"https:\\\/\\\/planitpower.com\\\/shop\\\/aqara-presence-multi-sensor-fp300\\\/#primaryimage\"},\"thumbnailUrl\":\"https:\\\/\\\/i0.wp.com\\\/planitpower.com\\\/wp-content\\\/uploads\\\/2025\\\/12\\\/aqara-presence-multi-sensor-fp300-ps-s04d-2-1762438580923.webp?fit=1000%2C1000&ssl=1\",\"datePublished\":\"2025-12-25T21:37:45+00:00\",\"dateModified\":\"2025-12-25T21:37:47+00:00\",\"description\":\"The Aqara Presence Multi-Sensor FP300 is an advanced 5-in-1 smart home sensor combining mmWave radar, PIR motion, light, temperature, and humidity detection for precise presence sensing and intelligent automations.\",\"breadcrumb\":{\"@id\":\"https:\\\/\\\/planitpower.com\\\/shop\\\/aqara-presence-multi-sensor-fp300\\\/#breadcrumb\"},\"inLanguage\":\"fr-FR\",\"potentialAction\":[{\"@type\":\"ReadAction\",\"target\":[\"https:\\\/\\\/planitpower.com\\\/shop\\\/aqara-presence-multi-sensor-fp300\\\/\"]}]},{\"@type\":\"ImageObject\",\"inLanguage\":\"fr-FR\",\"@id\":\"https:\\\/\\\/planitpower.com\\\/shop\\\/aqara-presence-multi-sensor-fp300\\\/#primaryimage\",\"url\":\"https:\\\/\\\/i0.wp.com\\\/planitpower.com\\\/wp-content\\\/uploads\\\/2025\\\/12\\\/aqara-presence-multi-sensor-fp300-ps-s04d-2-1762438580923.webp?fit=1000%2C1000&ssl=1\",\"contentUrl\":\"https:\\\/\\\/i0.wp.com\\\/planitpower.com\\\/wp-content\\\/uploads\\\/2025\\\/12\\\/aqara-presence-multi-sensor-fp300-ps-s04d-2-1762438580923.webp?fit=1000%2C1000&ssl=1\",\"width\":1000,\"height\":1000,\"caption\":\"aqara Presence Multi-Sensor FP300 - planitpower - 1\"},{\"@type\":\"BreadcrumbList\",\"@id\":\"https:\\\/\\\/planitpower.com\\\/shop\\\/aqara-presence-multi-sensor-fp300\\\/#breadcrumb\",\"itemListElement\":[{\"@type\":\"ListItem\",\"position\":1,\"name\":\"Home\",\"item\":\"https:\\\/\\\/planitpower.com\\\/\"},{\"@type\":\"ListItem\",\"position\":2,\"name\":\"SHOP\",\"item\":\"https:\\\/\\\/planitpower.com\\\/shop\\\/\"},{\"@type\":\"ListItem\",\"position\":3,\"name\":\"Aqara Presence Multi-Sensor FP300\"}]},{\"@type\":\"WebSite\",\"@id\":\"https:\\\/\\\/planitpower.com\\\/#website\",\"url\":\"https:\\\/\\\/planitpower.com\\\/\",\"name\":\"Planitpower\",\"description\":\"Inspire energy\",\"publisher\":{\"@id\":\"https:\\\/\\\/planitpower.com\\\/#\\\/schema\\\/person\\\/b531587eda267b930b04174d12de6efa\"},\"potentialAction\":[{\"@type\":\"SearchAction\",\"target\":{\"@type\":\"EntryPoint\",\"urlTemplate\":\"https:\\\/\\\/planitpower.com\\\/?s={search_term_string}\"},\"query-input\":{\"@type\":\"PropertyValueSpecification\",\"valueRequired\":true,\"valueName\":\"search_term_string\"}}],\"inLanguage\":\"fr-FR\"},{\"@type\":[\"Person\",\"Organization\"],\"@id\":\"https:\\\/\\\/planitpower.com\\\/#\\\/schema\\\/person\\\/b531587eda267b930b04174d12de6efa\",\"name\":\"Editorial Team\",\"image\":{\"@type\":\"ImageObject\",\"inLanguage\":\"fr-FR\",\"@id\":\"https:\\\/\\\/i0.wp.com\\\/planitpower.com\\\/wp-content\\\/uploads\\\/2025\\\/12\\\/cropped-planitpower_circle_375x375.png?fit=512%2C512&ssl=1\",\"url\":\"https:\\\/\\\/i0.wp.com\\\/planitpower.com\\\/wp-content\\\/uploads\\\/2025\\\/12\\\/cropped-planitpower_circle_375x375.png?fit=512%2C512&ssl=1\",\"contentUrl\":\"https:\\\/\\\/i0.wp.com\\\/planitpower.com\\\/wp-content\\\/uploads\\\/2025\\\/12\\\/cropped-planitpower_circle_375x375.png?fit=512%2C512&ssl=1\",\"width\":512,\"height\":512,\"caption\":\"Editorial Team\"},\"logo\":{\"@id\":\"https:\\\/\\\/i0.wp.com\\\/planitpower.com\\\/wp-content\\\/uploads\\\/2025\\\/12\\\/cropped-planitpower_circle_375x375.png?fit=512%2C512&ssl=1\"},\"sameAs\":[\"https:\\\/\\\/Planitpower.com\"]}]}<\/script>\n<!-- \/ Yoast SEO plugin. -->","yoast_head_json":{"title":"Capteur multi-positions Aqara Presence FP300 - Planitpower","description":"Le capteur multi-positions Aqara Presence FP300 est un capteur domotique intelligent 5 en 1 avanc\u00e9 combinant radar \u00e0 ondes millim\u00e9triques, d\u00e9tection de mouvement PIR, de lumi\u00e8re, de temp\u00e9rature et d&#039;humidit\u00e9 pour une d\u00e9tection de pr\u00e9sence pr\u00e9cise et des automatisations intelligentes.","robots":{"index":"index","follow":"follow","max-snippet":"max-snippet:-1","max-image-preview":"max-image-preview:large","max-video-preview":"max-video-preview:-1"},"canonical":"https:\/\/planitpower.com\/fr\/boutique\/capteur-de-presence-multi-capteur-aqara-fp300\/","og_locale":"fr_FR","og_type":"article","og_title":"Aqara Presence Multi-Sensor FP300 - Planitpower","og_description":"The Aqara Presence Multi-Sensor FP300 is an advanced 5-in-1 smart home sensor combining mmWave radar, PIR motion, light, temperature, and humidity detection for precise presence sensing and intelligent automations.","og_url":"https:\/\/planitpower.com\/fr\/boutique\/capteur-de-presence-multi-capteur-aqara-fp300\/","og_site_name":"Planitpower","article_modified_time":"2025-12-25T21:37:47+00:00","og_image":[{"width":1000,"height":1000,"url":"https:\/\/i0.wp.com\/planitpower.com\/wp-content\/uploads\/2025\/12\/aqara-presence-multi-sensor-fp300-ps-s04d-2-1762438580923.webp?fit=1000%2C1000&ssl=1","type":"image\/webp"}],"twitter_card":"summary_large_image","twitter_misc":{"Dur\u00e9e de lecture estim\u00e9e":"2 minutes"},"schema":{"@context":"https:\/\/schema.org","@graph":[{"@type":"WebPage","@id":"https:\/\/planitpower.com\/shop\/aqara-presence-multi-sensor-fp300\/","url":"https:\/\/planitpower.com\/shop\/aqara-presence-multi-sensor-fp300\/","name":"Capteur multi-positions Aqara Presence FP300 - Planitpower","isPartOf":{"@id":"https:\/\/planitpower.com\/#website"},"primaryImageOfPage":{"@id":"https:\/\/planitpower.com\/shop\/aqara-presence-multi-sensor-fp300\/#primaryimage"},"image":{"@id":"https:\/\/planitpower.com\/shop\/aqara-presence-multi-sensor-fp300\/#primaryimage"},"thumbnailUrl":"https:\/\/i0.wp.com\/planitpower.com\/wp-content\/uploads\/2025\/12\/aqara-presence-multi-sensor-fp300-ps-s04d-2-1762438580923.webp?fit=1000%2C1000&ssl=1","datePublished":"2025-12-25T21:37:45+00:00","dateModified":"2025-12-25T21:37:47+00:00","description":"Le capteur multi-positions Aqara Presence FP300 est un capteur domotique intelligent 5 en 1 avanc\u00e9 combinant radar \u00e0 ondes millim\u00e9triques, d\u00e9tection de mouvement PIR, de lumi\u00e8re, de temp\u00e9rature et d&#039;humidit\u00e9 pour une d\u00e9tection de pr\u00e9sence pr\u00e9cise et des automatisations intelligentes.","breadcrumb":{"@id":"https:\/\/planitpower.com\/shop\/aqara-presence-multi-sensor-fp300\/#breadcrumb"},"inLanguage":"fr-FR","potentialAction":[{"@type":"ReadAction","target":["https:\/\/planitpower.com\/shop\/aqara-presence-multi-sensor-fp300\/"]}]},{"@type":"ImageObject","inLanguage":"fr-FR","@id":"https:\/\/planitpower.com\/shop\/aqara-presence-multi-sensor-fp300\/#primaryimage","url":"https:\/\/i0.wp.com\/planitpower.com\/wp-content\/uploads\/2025\/12\/aqara-presence-multi-sensor-fp300-ps-s04d-2-1762438580923.webp?fit=1000%2C1000&ssl=1","contentUrl":"https:\/\/i0.wp.com\/planitpower.com\/wp-content\/uploads\/2025\/12\/aqara-presence-multi-sensor-fp300-ps-s04d-2-1762438580923.webp?fit=1000%2C1000&ssl=1","width":1000,"height":1000,"caption":"aqara Presence Multi-Sensor FP300 - planitpower - 1"},{"@type":"BreadcrumbList","@id":"https:\/\/planitpower.com\/shop\/aqara-presence-multi-sensor-fp300\/#breadcrumb","itemListElement":[{"@type":"ListItem","position":1,"name":"Home","item":"https:\/\/planitpower.com\/"},{"@type":"ListItem","position":2,"name":"SHOP","item":"https:\/\/planitpower.com\/shop\/"},{"@type":"ListItem","position":3,"name":"Aqara Presence Multi-Sensor FP300"}]},{"@type":"WebSite","@id":"https:\/\/planitpower.com\/#website","url":"https:\/\/planitpower.com\/","name":"Planitpower","description":"Inspirons l'\u00e9nergie!","publisher":{"@id":"https:\/\/planitpower.com\/#\/schema\/person\/b531587eda267b930b04174d12de6efa"},"potentialAction":[{"@type":"SearchAction","target":{"@type":"EntryPoint","urlTemplate":"https:\/\/planitpower.com\/?s={search_term_string}"},"query-input":{"@type":"PropertyValueSpecification","valueRequired":true,"valueName":"search_term_string"}}],"inLanguage":"fr-FR"},{"@type":["Person","Organization"],"@id":"https:\/\/planitpower.com\/#\/schema\/person\/b531587eda267b930b04174d12de6efa","name":"Equipe \u00e9ditoriale","image":{"@type":"ImageObject","inLanguage":"fr-FR","@id":"https:\/\/i0.wp.com\/planitpower.com\/wp-content\/uploads\/2025\/12\/cropped-planitpower_circle_375x375.png?fit=512%2C512&ssl=1","url":"https:\/\/i0.wp.com\/planitpower.com\/wp-content\/uploads\/2025\/12\/cropped-planitpower_circle_375x375.png?fit=512%2C512&ssl=1","contentUrl":"https:\/\/i0.wp.com\/planitpower.com\/wp-content\/uploads\/2025\/12\/cropped-planitpower_circle_375x375.png?fit=512%2C512&ssl=1","width":512,"height":512,"caption":"Editorial Team"},"logo":{"@id":"https:\/\/i0.wp.com\/planitpower.com\/wp-content\/uploads\/2025\/12\/cropped-planitpower_circle_375x375.png?fit=512%2C512&ssl=1"},"sameAs":["https:\/\/Planitpower.com"]}]}},"jetpack_publicize_connections":[],"jetpack_likes_enabled":true,"jetpack_sharing_enabled":true,"jetpack-related-posts":[{"id":5208,"url":"https:\/\/planitpower.com\/fr\/boutique\/zendure-solarflow-2400-ac\/","url_meta":{"origin":5766,"position":0},"title":"Zendure SolarFlow 2400 AC","author":"Editorial Team","date":"28\/11\/2025","format":false,"excerpt":"Main features Syst\u00e8me de gestion intelligent AC-coupl\u00e9Contr\u00f4le automatiquement la charge et la d\u00e9charge des batteries AB3000X selon la production solaire, votre consommation et les horaires tarifaires. Compatible avec les micro-onduleursFonctionne avec les installations photovolta\u00efques AC jusqu\u2019\u00e0 2000 W, sans modifier l\u2019infrastructure existante. Puissance de sortie flexible800 W en mode plug-and-play\u2026","rel":"","context":"Article similaire","block_context":{"text":"Article similaire","link":""},"img":{"alt_text":"Zendure SolarFlow 2400 AC - planitpower","src":"https:\/\/i0.wp.com\/planitpower.com\/wp-content\/uploads\/2025\/11\/zendure-solarflow-2400-ac-seul.jpg?fit=500%2C500&ssl=1&resize=350%2C200","width":350,"height":200},"classes":[]}],"_links":{"self":[{"href":"https:\/\/planitpower.com\/fr\/wp-json\/wp\/v2\/product\/5766","targetHints":{"allow":["GET"]}}],"collection":[{"href":"https:\/\/planitpower.com\/fr\/wp-json\/wp\/v2\/product"}],"about":[{"href":"https:\/\/planitpower.com\/fr\/wp-json\/wp\/v2\/types\/product"}],"replies":[{"embeddable":true,"href":"https:\/\/planitpower.com\/fr\/wp-json\/wp\/v2\/comments?post=5766"}],"version-history":[{"count":0,"href":"https:\/\/planitpower.com\/fr\/wp-json\/wp\/v2\/product\/5766\/revisions"}],"wp:featuredmedia":[{"embeddable":true,"href":"https:\/\/planitpower.com\/fr\/wp-json\/wp\/v2\/media\/5767"}],"wp:attachment":[{"href":"https:\/\/planitpower.com\/fr\/wp-json\/wp\/v2\/media?parent=5766"}],"wp:term":[{"taxonomy":"product_brand","embeddable":true,"href":"https:\/\/planitpower.com\/fr\/wp-json\/wp\/v2\/product_brand?post=5766"},{"taxonomy":"product_cat","embeddable":true,"href":"https:\/\/planitpower.com\/fr\/wp-json\/wp\/v2\/product_cat?post=5766"},{"taxonomy":"product_tag","embeddable":true,"href":"https:\/\/planitpower.com\/fr\/wp-json\/wp\/v2\/product_tag?post=5766"}],"curies":[{"name":"wp","href":"https:\/\/api.w.org\/{rel}","templated":true}]}}