{"id":5942,"date":"2026-01-25T11:56:07","date_gmt":"2026-01-25T11:56:07","guid":{"rendered":"https:\/\/planitpower.com\/?post_type=product&#038;p=5942"},"modified":"2026-04-12T10:10:48","modified_gmt":"2026-04-12T10:10:48","slug":"douches-economisez-bleu","status":"publish","type":"product","link":"https:\/\/planitpower.com\/fr\/boutique\/douches-economisez-bleu\/","title":{"rendered":"Douches \u00e9conomisez bleu"},"content":{"rendered":"<h3 class=\"wp-block-heading\">Description<\/h3>\n\n\n\n<p>Le <strong>Douches \u00e9conomisez bleu<\/strong> Showersave Blue est un syst\u00e8me compact de r\u00e9cup\u00e9ration de chaleur pour canalisations de douche, con\u00e7u pour r\u00e9duire la consommation d&#039;\u00e9nergie li\u00e9e \u00e0 l&#039;eau chaude sanitaire. Install\u00e9 directement sous la douche, il capte la chaleur des eaux us\u00e9es et la transf\u00e8re \u00e0 l&#039;eau froide entrante avant qu&#039;elle n&#039;atteigne le mitigeur ou le chauffe-eau. Ce pr\u00e9chauffage intelligent diminue consid\u00e9rablement la consommation d&#039;\u00e9nergie tout en pr\u00e9servant un confort optimal sous la douche. Le Showersave Blue convient aussi bien aux constructions neuves qu&#039;aux r\u00e9novations et s&#039;int\u00e8gre facilement aux installations de plomberie standard.<\/p>\n\n\n\n<h3 class=\"wp-block-heading\">Sp\u00e9cifications techniques<\/h3>\n\n\n\n<figure class=\"wp-block-table\"><table class=\"has-fixed-layout\"><thead><tr><th>Sp\u00e9cifications<\/th><th>Valeur<\/th><\/tr><\/thead><tbody><tr><td>Type de syst\u00e8me<\/td><td>unit\u00e9 de r\u00e9cup\u00e9ration de chaleur du drain de douche<\/td><\/tr><tr><td>position d&#039;installation<\/td><td>Vertical (sous la douche)<\/td><\/tr><tr><td>mat\u00e9riau d&#039;\u00e9changeur de chaleur<\/td><td>Cuivre<\/td><\/tr><tr><td>Mat\u00e9riau du bo\u00eetier ext\u00e9rieur<\/td><td>Plastique<\/td><\/tr><tr><td>Diam\u00e8tre de raccordement<\/td><td>DN50<\/td><\/tr><tr><td>rendement typique de r\u00e9cup\u00e9ration de chaleur<\/td><td>Jusqu&#039;\u00e0 environ 40\u201345%<\/td><\/tr><tr><td>Principe de fonctionnement<\/td><td>\u00c9change de chaleur passif<\/td><\/tr><tr><td>Alimentation \u00e9lectrique<\/td><td>Non requis<\/td><\/tr><tr><td>Application<\/td><td>douches domestiques<\/td><\/tr><\/tbody><\/table><\/figure>","protected":false},"excerpt":{"rendered":"<h3 data-start=\"670\" data-end=\"689\">Caract\u00e9ristiques principales<\/h3>\n<ul data-start=\"690\" data-end=\"1058\">\n<li data-start=\"690\" data-end=\"752\">\n<p data-start=\"692\" data-end=\"752\">R\u00e9cup\u00e8re la chaleur des eaux us\u00e9es de la douche pour pr\u00e9chauffer l&#039;eau froide<\/p>\n<\/li>\n<li data-start=\"753\" data-end=\"806\">\n<p data-start=\"755\" data-end=\"806\">R\u00e9duit la consommation d&#039;\u00e9nergie pour l&#039;eau chaude sanitaire<\/p>\n<\/li>\n<li data-start=\"807\" data-end=\"859\">\n<p data-start=\"809\" data-end=\"859\">Conception compacte et discr\u00e8te pour une int\u00e9gration facile<\/p>\n<\/li>\n<li data-start=\"860\" data-end=\"905\">\n<p data-start=\"862\" data-end=\"905\">Fonctionne sans \u00e9lectricit\u00e9 ni pi\u00e8ces mobiles<\/p>\n<\/li>\n<li data-start=\"906\" data-end=\"955\">\n<p data-start=\"908\" data-end=\"955\">Compatible avec les installations de douche standard<\/p>\n<\/li>\n<li data-start=\"956\" data-end=\"1015\">\n<p data-start=\"958\" data-end=\"1015\">Construction durable con\u00e7ue pour une performance \u00e0 long terme<\/p>\n<\/li>\n<li data-start=\"1016\" data-end=\"1058\">\n<p data-start=\"1018\" data-end=\"1058\">Fonctionnement n\u00e9cessitant peu d&#039;entretien et hygi\u00e9nique<\/p>\n<\/li>\n<\/ul>","protected":false},"featured_media":5947,"comment_status":"open","ping_status":"closed","template":"","meta":{"jetpack_post_was_ever_published":false,"jetpack_publicize_message":"","jetpack_publicize_feature_enabled":true,"jetpack_social_post_already_shared":true,"jetpack_social_options":{"image_generator_settings":{"template":"highway","default_image_id":0,"font":"","enabled":false},"version":2}},"product_brand":[219],"product_cat":[221],"product_tag":[],"class_list":{"0":"post-5942","1":"product","2":"type-product","3":"status-publish","4":"has-post-thumbnail","6":"product_brand-q-blue","7":"product_cat-waste-water-heat-recovery","9":"first","10":"instock","11":"taxable","12":"shipping-taxable","13":"purchasable","14":"product-type-variable"},"yoast_head":"<!-- This site is optimized with the Yoast SEO plugin v27.4 - https:\/\/yoast.com\/product\/yoast-seo-wordpress\/ -->\n<title>Showersave Blue - Planitpower<\/title>\n<meta name=\"description\" content=\"Showersave Blue is an efficient shower heat recovery system that reduces hot water energy use by reclaiming heat from wastewater, without electricity or loss of comfort.\" \/>\n<meta name=\"robots\" content=\"index, follow, max-snippet:-1, max-image-preview:large, max-video-preview:-1\" \/>\n<link rel=\"canonical\" href=\"https:\/\/planitpower.com\/fr\/boutique\/douches-economisez-bleu\/\" \/>\n<meta property=\"og:locale\" content=\"fr_FR\" \/>\n<meta property=\"og:type\" content=\"article\" \/>\n<meta property=\"og:title\" content=\"Showersave Blue - Planitpower\" \/>\n<meta property=\"og:description\" content=\"Showersave Blue is an efficient shower heat recovery system that reduces hot water energy use by reclaiming heat from wastewater, without electricity or loss of comfort.\" \/>\n<meta property=\"og:url\" content=\"https:\/\/planitpower.com\/fr\/boutique\/douches-economisez-bleu\/\" \/>\n<meta property=\"og:site_name\" content=\"Planitpower\" \/>\n<meta property=\"article:modified_time\" content=\"2026-04-12T10:10:48+00:00\" \/>\n<meta property=\"og:image\" content=\"https:\/\/planitpower.com\/wp-content\/uploads\/2026\/01\/67ce992ac92bf146ae32e536_showersave-blue-mod.webp\" \/>\n\t<meta property=\"og:image:width\" content=\"300\" \/>\n\t<meta property=\"og:image:height\" content=\"300\" \/>\n\t<meta property=\"og:image:type\" content=\"image\/webp\" \/>\n<meta name=\"twitter:card\" content=\"summary_large_image\" \/>\n<meta name=\"twitter:label1\" content=\"Dur\u00e9e de lecture estim\u00e9e\" \/>\n\t<meta name=\"twitter:data1\" content=\"1 minute\" \/>\n<script type=\"application\/ld+json\" class=\"yoast-schema-graph\">{\"@context\":\"https:\\\/\\\/schema.org\",\"@graph\":[{\"@type\":\"WebPage\",\"@id\":\"https:\\\/\\\/planitpower.com\\\/shop\\\/showersave-blue\\\/\",\"url\":\"https:\\\/\\\/planitpower.com\\\/shop\\\/showersave-blue\\\/\",\"name\":\"Showersave Blue - Planitpower\",\"isPartOf\":{\"@id\":\"https:\\\/\\\/planitpower.com\\\/#website\"},\"primaryImageOfPage\":{\"@id\":\"https:\\\/\\\/planitpower.com\\\/shop\\\/showersave-blue\\\/#primaryimage\"},\"image\":{\"@id\":\"https:\\\/\\\/planitpower.com\\\/shop\\\/showersave-blue\\\/#primaryimage\"},\"thumbnailUrl\":\"https:\\\/\\\/i0.wp.com\\\/planitpower.com\\\/wp-content\\\/uploads\\\/2026\\\/01\\\/67ce992ac92bf146ae32e536_showersave-blue-mod.webp?fit=300%2C300&ssl=1\",\"datePublished\":\"2026-01-25T11:56:07+00:00\",\"dateModified\":\"2026-04-12T10:10:48+00:00\",\"description\":\"Showersave Blue is an efficient shower heat recovery system that reduces hot water energy use by reclaiming heat from wastewater, without electricity or loss of comfort.\",\"breadcrumb\":{\"@id\":\"https:\\\/\\\/planitpower.com\\\/shop\\\/showersave-blue\\\/#breadcrumb\"},\"inLanguage\":\"fr-FR\",\"potentialAction\":[{\"@type\":\"ReadAction\",\"target\":[\"https:\\\/\\\/planitpower.com\\\/shop\\\/showersave-blue\\\/\"]}]},{\"@type\":\"ImageObject\",\"inLanguage\":\"fr-FR\",\"@id\":\"https:\\\/\\\/planitpower.com\\\/shop\\\/showersave-blue\\\/#primaryimage\",\"url\":\"https:\\\/\\\/i0.wp.com\\\/planitpower.com\\\/wp-content\\\/uploads\\\/2026\\\/01\\\/67ce992ac92bf146ae32e536_showersave-blue-mod.webp?fit=300%2C300&ssl=1\",\"contentUrl\":\"https:\\\/\\\/i0.wp.com\\\/planitpower.com\\\/wp-content\\\/uploads\\\/2026\\\/01\\\/67ce992ac92bf146ae32e536_showersave-blue-mod.webp?fit=300%2C300&ssl=1\",\"width\":300,\"height\":300,\"caption\":\"Showersave Blue - Planitpower - 2\"},{\"@type\":\"BreadcrumbList\",\"@id\":\"https:\\\/\\\/planitpower.com\\\/shop\\\/showersave-blue\\\/#breadcrumb\",\"itemListElement\":[{\"@type\":\"ListItem\",\"position\":1,\"name\":\"Home\",\"item\":\"https:\\\/\\\/planitpower.com\\\/\"},{\"@type\":\"ListItem\",\"position\":2,\"name\":\"SHOP\",\"item\":\"https:\\\/\\\/planitpower.com\\\/shop\\\/\"},{\"@type\":\"ListItem\",\"position\":3,\"name\":\"Showersave Blue\"}]},{\"@type\":\"WebSite\",\"@id\":\"https:\\\/\\\/planitpower.com\\\/#website\",\"url\":\"https:\\\/\\\/planitpower.com\\\/\",\"name\":\"Planitpower\",\"description\":\"Inspire energy\",\"publisher\":{\"@id\":\"https:\\\/\\\/planitpower.com\\\/#\\\/schema\\\/person\\\/b531587eda267b930b04174d12de6efa\"},\"potentialAction\":[{\"@type\":\"SearchAction\",\"target\":{\"@type\":\"EntryPoint\",\"urlTemplate\":\"https:\\\/\\\/planitpower.com\\\/?s={search_term_string}\"},\"query-input\":{\"@type\":\"PropertyValueSpecification\",\"valueRequired\":true,\"valueName\":\"search_term_string\"}}],\"inLanguage\":\"fr-FR\"},{\"@type\":[\"Person\",\"Organization\"],\"@id\":\"https:\\\/\\\/planitpower.com\\\/#\\\/schema\\\/person\\\/b531587eda267b930b04174d12de6efa\",\"name\":\"Editorial Team\",\"image\":{\"@type\":\"ImageObject\",\"inLanguage\":\"fr-FR\",\"@id\":\"https:\\\/\\\/i0.wp.com\\\/planitpower.com\\\/wp-content\\\/uploads\\\/2025\\\/12\\\/cropped-planitpower_circle_375x375.png?fit=512%2C512&ssl=1\",\"url\":\"https:\\\/\\\/i0.wp.com\\\/planitpower.com\\\/wp-content\\\/uploads\\\/2025\\\/12\\\/cropped-planitpower_circle_375x375.png?fit=512%2C512&ssl=1\",\"contentUrl\":\"https:\\\/\\\/i0.wp.com\\\/planitpower.com\\\/wp-content\\\/uploads\\\/2025\\\/12\\\/cropped-planitpower_circle_375x375.png?fit=512%2C512&ssl=1\",\"width\":512,\"height\":512,\"caption\":\"Editorial Team\"},\"logo\":{\"@id\":\"https:\\\/\\\/i0.wp.com\\\/planitpower.com\\\/wp-content\\\/uploads\\\/2025\\\/12\\\/cropped-planitpower_circle_375x375.png?fit=512%2C512&ssl=1\"},\"sameAs\":[\"https:\\\/\\\/Planitpower.com\"]}]}<\/script>\n<!-- \/ Yoast SEO plugin. -->","yoast_head_json":{"title":"Showersave Bleu - Planitpower","description":"Showersave Blue est un syst\u00e8me de r\u00e9cup\u00e9ration de chaleur efficace pour la douche qui r\u00e9duit la consommation d&#039;\u00e9nergie li\u00e9e \u00e0 l&#039;eau chaude en r\u00e9cup\u00e9rant la chaleur des eaux us\u00e9es, sans \u00e9lectricit\u00e9 ni perte de confort.","robots":{"index":"index","follow":"follow","max-snippet":"max-snippet:-1","max-image-preview":"max-image-preview:large","max-video-preview":"max-video-preview:-1"},"canonical":"https:\/\/planitpower.com\/fr\/boutique\/douches-economisez-bleu\/","og_locale":"fr_FR","og_type":"article","og_title":"Showersave Blue - Planitpower","og_description":"Showersave Blue is an efficient shower heat recovery system that reduces hot water energy use by reclaiming heat from wastewater, without electricity or loss of comfort.","og_url":"https:\/\/planitpower.com\/fr\/boutique\/douches-economisez-bleu\/","og_site_name":"Planitpower","article_modified_time":"2026-04-12T10:10:48+00:00","og_image":[{"width":300,"height":300,"url":"https:\/\/planitpower.com\/wp-content\/uploads\/2026\/01\/67ce992ac92bf146ae32e536_showersave-blue-mod.webp","type":"image\/webp"}],"twitter_card":"summary_large_image","twitter_misc":{"Dur\u00e9e de lecture estim\u00e9e":"1 minute"},"schema":{"@context":"https:\/\/schema.org","@graph":[{"@type":"WebPage","@id":"https:\/\/planitpower.com\/shop\/showersave-blue\/","url":"https:\/\/planitpower.com\/shop\/showersave-blue\/","name":"Showersave Bleu - Planitpower","isPartOf":{"@id":"https:\/\/planitpower.com\/#website"},"primaryImageOfPage":{"@id":"https:\/\/planitpower.com\/shop\/showersave-blue\/#primaryimage"},"image":{"@id":"https:\/\/planitpower.com\/shop\/showersave-blue\/#primaryimage"},"thumbnailUrl":"https:\/\/i0.wp.com\/planitpower.com\/wp-content\/uploads\/2026\/01\/67ce992ac92bf146ae32e536_showersave-blue-mod.webp?fit=300%2C300&ssl=1","datePublished":"2026-01-25T11:56:07+00:00","dateModified":"2026-04-12T10:10:48+00:00","description":"Showersave Blue est un syst\u00e8me de r\u00e9cup\u00e9ration de chaleur efficace pour la douche qui r\u00e9duit la consommation d&#039;\u00e9nergie li\u00e9e \u00e0 l&#039;eau chaude en r\u00e9cup\u00e9rant la chaleur des eaux us\u00e9es, sans \u00e9lectricit\u00e9 ni perte de confort.","breadcrumb":{"@id":"https:\/\/planitpower.com\/shop\/showersave-blue\/#breadcrumb"},"inLanguage":"fr-FR","potentialAction":[{"@type":"ReadAction","target":["https:\/\/planitpower.com\/shop\/showersave-blue\/"]}]},{"@type":"ImageObject","inLanguage":"fr-FR","@id":"https:\/\/planitpower.com\/shop\/showersave-blue\/#primaryimage","url":"https:\/\/i0.wp.com\/planitpower.com\/wp-content\/uploads\/2026\/01\/67ce992ac92bf146ae32e536_showersave-blue-mod.webp?fit=300%2C300&ssl=1","contentUrl":"https:\/\/i0.wp.com\/planitpower.com\/wp-content\/uploads\/2026\/01\/67ce992ac92bf146ae32e536_showersave-blue-mod.webp?fit=300%2C300&ssl=1","width":300,"height":300,"caption":"Showersave Blue - Planitpower - 2"},{"@type":"BreadcrumbList","@id":"https:\/\/planitpower.com\/shop\/showersave-blue\/#breadcrumb","itemListElement":[{"@type":"ListItem","position":1,"name":"Home","item":"https:\/\/planitpower.com\/"},{"@type":"ListItem","position":2,"name":"SHOP","item":"https:\/\/planitpower.com\/shop\/"},{"@type":"ListItem","position":3,"name":"Showersave Blue"}]},{"@type":"WebSite","@id":"https:\/\/planitpower.com\/#website","url":"https:\/\/planitpower.com\/","name":"Planitpower","description":"Inspirons l'\u00e9nergie!","publisher":{"@id":"https:\/\/planitpower.com\/#\/schema\/person\/b531587eda267b930b04174d12de6efa"},"potentialAction":[{"@type":"SearchAction","target":{"@type":"EntryPoint","urlTemplate":"https:\/\/planitpower.com\/?s={search_term_string}"},"query-input":{"@type":"PropertyValueSpecification","valueRequired":true,"valueName":"search_term_string"}}],"inLanguage":"fr-FR"},{"@type":["Person","Organization"],"@id":"https:\/\/planitpower.com\/#\/schema\/person\/b531587eda267b930b04174d12de6efa","name":"Equipe \u00e9ditoriale","image":{"@type":"ImageObject","inLanguage":"fr-FR","@id":"https:\/\/i0.wp.com\/planitpower.com\/wp-content\/uploads\/2025\/12\/cropped-planitpower_circle_375x375.png?fit=512%2C512&ssl=1","url":"https:\/\/i0.wp.com\/planitpower.com\/wp-content\/uploads\/2025\/12\/cropped-planitpower_circle_375x375.png?fit=512%2C512&ssl=1","contentUrl":"https:\/\/i0.wp.com\/planitpower.com\/wp-content\/uploads\/2025\/12\/cropped-planitpower_circle_375x375.png?fit=512%2C512&ssl=1","width":512,"height":512,"caption":"Editorial Team"},"logo":{"@id":"https:\/\/i0.wp.com\/planitpower.com\/wp-content\/uploads\/2025\/12\/cropped-planitpower_circle_375x375.png?fit=512%2C512&ssl=1"},"sameAs":["https:\/\/Planitpower.com"]}]}},"jetpack_publicize_connections":[],"jetpack_likes_enabled":true,"jetpack_sharing_enabled":true,"jetpack-related-posts":[{"id":5952,"url":"https:\/\/planitpower.com\/fr\/boutique\/douches-sauver-bleu-il\/","url_meta":{"origin":5942,"position":0},"title":"Douchesave Bleu Haute efficacit\u00e9 HE","author":"Editorial Team","date":"25\/01\/2026","format":false,"excerpt":"Caract\u00e9ristiques principales : R\u00e9cup\u00e9ration de chaleur am\u00e9lior\u00e9e par rapport \u00e0 la version standard ; efficacit\u00e9 accrue gr\u00e2ce \u00e0 une conception optimis\u00e9e de l&#039;\u00e9changeur de chaleur ; r\u00e9duction suppl\u00e9mentaire de la consommation d&#039;\u00e9nergie pour l&#039;eau chaude sanitaire ; fonctionnement enti\u00e8rement passif, sans \u00e9lectricit\u00e9 ; construction robuste et durable pour une longue dur\u00e9e de vie ; compatible avec les syst\u00e8mes de douche et de plomberie courants ; contribue aux objectifs d&#039;efficacit\u00e9 \u00e9nerg\u00e9tique et de d\u00e9veloppement durable.","rel":"","context":"Article similaire","block_context":{"text":"Article similaire","link":""},"img":{"alt_text":"","src":"https:\/\/i0.wp.com\/planitpower.com\/wp-content\/uploads\/2026\/01\/67ce992ac92bf146ae32e536_showersave-blue-mod.webp?fit=300%2C300&ssl=1&resize=350%2C200","width":350,"height":200},"classes":[]},{"id":5957,"url":"https:\/\/planitpower.com\/fr\/boutique\/recuperation-de-chaleur-des-eaux-usees-au-sol\/","url_meta":{"origin":5942,"position":1},"title":"R\u00e9cup\u00e9ration de chaleur des eaux de drainage ReQup-FloorDrain \u2013 ReQup-Floor","author":"Editorial Team","date":"28\/01\/2026","format":false,"excerpt":"Caract\u00e9ristiques principales\u00a0: Haute efficacit\u00e9 de r\u00e9cup\u00e9ration de chaleur\u00a0: ReQup-Floor peut r\u00e9cup\u00e9rer jusqu\u2019\u00e0 431\u00a0TP3T de chaleur des eaux us\u00e9es de douche. L\u2019eau froide entrante est pr\u00e9chauff\u00e9e de mani\u00e8re significative avant d\u2019atteindre le syst\u00e8me d\u2019eau chaude, r\u00e9duisant ainsi la charge des chaudi\u00e8res, des pompes \u00e0 chaleur ou des chauffe-eau. Fonctionnement enti\u00e8rement passif\u00a0: Le syst\u00e8me fonctionne sans \u00e9lectricit\u00e9, sans pompes ni pi\u00e8ces mobiles.","rel":"","context":"Article similaire","block_context":{"text":"Article similaire","link":""},"img":{"alt_text":"ReQup-FloorDrain Water Heat Recovery - ReQup-Floor - Planitpower - 1","src":"https:\/\/i0.wp.com\/planitpower.com\/wp-content\/uploads\/2026\/01\/67cd9b20e3ca9f1f187e1d50_requp-floor-carrelage-cerif.webp?fit=1200%2C800&ssl=1&resize=350%2C200","width":350,"height":200,"srcset":"https:\/\/i0.wp.com\/planitpower.com\/wp-content\/uploads\/2026\/01\/67cd9b20e3ca9f1f187e1d50_requp-floor-carrelage-cerif.webp?fit=1200%2C800&ssl=1&resize=350%2C200 1x, https:\/\/i0.wp.com\/planitpower.com\/wp-content\/uploads\/2026\/01\/67cd9b20e3ca9f1f187e1d50_requp-floor-carrelage-cerif.webp?fit=1200%2C800&ssl=1&resize=525%2C300 1.5x, https:\/\/i0.wp.com\/planitpower.com\/wp-content\/uploads\/2026\/01\/67cd9b20e3ca9f1f187e1d50_requp-floor-carrelage-cerif.webp?fit=1200%2C800&ssl=1&resize=700%2C400 2x, https:\/\/i0.wp.com\/planitpower.com\/wp-content\/uploads\/2026\/01\/67cd9b20e3ca9f1f187e1d50_requp-floor-carrelage-cerif.webp?fit=1200%2C800&ssl=1&resize=1050%2C600 3x"},"classes":[]},{"id":5930,"url":"https:\/\/planitpower.com\/fr\/boutique\/requp-plus-qb1\/","url_meta":{"origin":5942,"position":2},"title":"ReQup-Plus QB1","author":"Editorial Team","date":"25\/01\/2026","format":false,"excerpt":"Caract\u00e9ristiques principales\u00a0: Haute efficacit\u00e9 de r\u00e9cup\u00e9ration de chaleur \u2013 R\u00e9cup\u00e8re jusqu\u2019\u00e0 environ 66\u00a0% de l\u2019\u00e9nergie thermique des eaux us\u00e9es, r\u00e9duisant consid\u00e9rablement la consommation d\u2019\u00e9nergie pour l\u2019eau chaude sanitaire. Fonctionnement enti\u00e8rement passif \u2013 Fonctionne sans \u00e9lectricit\u00e9, sans pompes ni pi\u00e8ces mobiles, garantissant un fonctionnement silencieux et une fiabilit\u00e9 \u00e0 long terme. Conception sans entretien \u2013 Sa construction robuste \u00e9limine tout besoin d\u2019entretien\u2026","rel":"","context":"Article similaire","block_context":{"text":"Article similaire","link":""},"img":{"alt_text":"ReQup-Plus QB1 - Planitpower- 1","src":"https:\/\/i0.wp.com\/planitpower.com\/wp-content\/uploads\/2026\/01\/Screenshot-2026-01-24-225813.webp?fit=398%2C377&ssl=1&resize=350%2C200","width":350,"height":200},"classes":[]},{"id":5875,"url":"https:\/\/planitpower.com\/fr\/boutique\/miroirs-infrarouges-freedam-400-w-800-w-900-w\/","url_meta":{"origin":5942,"position":3},"title":"Miroirs infrarouges Freedam","author":"Editorial Team","date":"18\/01\/2026","format":false,"excerpt":"Caract\u00e9ristiques principales : Design \u00e9l\u00e9gant et fonctionnel : La fa\u00e7ade miroir \u00e9pur\u00e9e fait \u00e9galement office de radiateur radiant, s&#039;int\u00e9grant harmonieusement \u00e0 tous les int\u00e9rieurs tout en diffusant une chaleur fiable. Chauffage infrarouge efficace : La technologie infrarouge chauffe directement les surfaces et les personnes pour un confort rapide et une consommation d&#039;\u00e9nergie r\u00e9duite. Contr\u00f4le de la condensation : Maintient les surfaces du miroir propres m\u00eame dans les environnements humides comme les salles de bains, \u00e9liminant ainsi\u2026","rel":"","context":"Article similaire","block_context":{"text":"Article similaire","link":""},"img":{"alt_text":"Freedam infraredmirrors - planitpower - 5","src":"https:\/\/i0.wp.com\/planitpower.com\/wp-content\/uploads\/2026\/01\/Miroir-infrarouge-500W_20231121848_medium.webp?fit=449%2C600&ssl=1&resize=350%2C200","width":350,"height":200},"classes":[]},{"id":3859,"url":"https:\/\/planitpower.com\/fr\/boutique\/adoucisseur-deau-ecosoft-rose-200-efree\/","url_meta":{"origin":5942,"position":4},"title":"Adoucisseur d&#039;eau Ecosoft Pink 200 eFree","author":"Editorial Team","date":"04\/01\/2026","format":false,"excerpt":"Caract\u00e9ristiques principales : Design compact et \u00e9l\u00e9gant \u2013 Faible encombrement et bo\u00eetier moderne s&#039;int\u00e9grant \u00e0 tous les int\u00e9rieurs et espaces d&#039;installation. R\u00e9g\u00e9n\u00e9ration ascendante efficace \u2013 R\u00e9duit la consommation d&#039;eau et de sel tout en maintenant des performances d&#039;adoucissement optimales. R\u00e9sine \u00e9changeuse d&#039;ions de qualit\u00e9 sup\u00e9rieure \u2013 Garantit une \u00e9limination sup\u00e9rieure du calcaire et des r\u00e9sultats constants dans le temps. Commande Clack\u00ae haute qualit\u00e9\u2026","rel":"","context":"Article similaire","block_context":{"text":"Article similaire","link":""},"img":{"alt_text":"Ecosoft Pink 200 eFree water softener - planitpower","src":"https:\/\/i0.wp.com\/planitpower.com\/wp-content\/uploads\/2025\/11\/FU1024CABDVUPEF_0.png.webp?fit=1000%2C1000&ssl=1&resize=350%2C200","width":350,"height":200,"srcset":"https:\/\/i0.wp.com\/planitpower.com\/wp-content\/uploads\/2025\/11\/FU1024CABDVUPEF_0.png.webp?fit=1000%2C1000&ssl=1&resize=350%2C200 1x, https:\/\/i0.wp.com\/planitpower.com\/wp-content\/uploads\/2025\/11\/FU1024CABDVUPEF_0.png.webp?fit=1000%2C1000&ssl=1&resize=525%2C300 1.5x, https:\/\/i0.wp.com\/planitpower.com\/wp-content\/uploads\/2025\/11\/FU1024CABDVUPEF_0.png.webp?fit=1000%2C1000&ssl=1&resize=700%2C400 2x"},"classes":[]},{"id":4700,"url":"https:\/\/planitpower.com\/fr\/boutique\/thermostat-de-chauffage-deau-agreable\/","url_meta":{"origin":5942,"position":5},"title":"Thermostat de chauffage d&#039;eau Nice","author":"Editorial Team","date":"18\/11\/2025","format":false,"excerpt":"Caract\u00e9ristiques principales : Int\u00e9gration \u00e0 la maison connect\u00e9e : Compatible avec le protocole sans fil Z-Wave s\u00e9rie 800 pour une connectivit\u00e9 robuste et fiable. Compatibilit\u00e9 : Fonctionne parfaitement avec les passerelles Yubii Home, Yubii Home Pro et FIBARO Home Center, ce qui le rend id\u00e9al pour les \u00e9cosyst\u00e8mes domotiques nouveaux et existants. Contr\u00f4le de la temp\u00e9rature : Plage de temp\u00e9rature r\u00e9glable de 5 \u00b0C \u00e0\u2026","rel":"","context":"Article similaire","block_context":{"text":"Article similaire","link":""},"img":{"alt_text":"Nice Water Heating Thermostat - planitpower -","src":"https:\/\/i0.wp.com\/planitpower.com\/wp-content\/uploads\/2025\/11\/5902701704018-1.jpg?fit=1200%2C1200&ssl=1&resize=350%2C200","width":350,"height":200,"srcset":"https:\/\/i0.wp.com\/planitpower.com\/wp-content\/uploads\/2025\/11\/5902701704018-1.jpg?fit=1200%2C1200&ssl=1&resize=350%2C200 1x, https:\/\/i0.wp.com\/planitpower.com\/wp-content\/uploads\/2025\/11\/5902701704018-1.jpg?fit=1200%2C1200&ssl=1&resize=525%2C300 1.5x, https:\/\/i0.wp.com\/planitpower.com\/wp-content\/uploads\/2025\/11\/5902701704018-1.jpg?fit=1200%2C1200&ssl=1&resize=700%2C400 2x, https:\/\/i0.wp.com\/planitpower.com\/wp-content\/uploads\/2025\/11\/5902701704018-1.jpg?fit=1200%2C1200&ssl=1&resize=1050%2C600 3x"},"classes":[]}],"_links":{"self":[{"href":"https:\/\/planitpower.com\/fr\/wp-json\/wp\/v2\/product\/5942","targetHints":{"allow":["GET"]}}],"collection":[{"href":"https:\/\/planitpower.com\/fr\/wp-json\/wp\/v2\/product"}],"about":[{"href":"https:\/\/planitpower.com\/fr\/wp-json\/wp\/v2\/types\/product"}],"replies":[{"embeddable":true,"href":"https:\/\/planitpower.com\/fr\/wp-json\/wp\/v2\/comments?post=5942"}],"version-history":[{"count":4,"href":"https:\/\/planitpower.com\/fr\/wp-json\/wp\/v2\/product\/5942\/revisions"}],"predecessor-version":[{"id":5951,"href":"https:\/\/planitpower.com\/fr\/wp-json\/wp\/v2\/product\/5942\/revisions\/5951"}],"wp:featuredmedia":[{"embeddable":true,"href":"https:\/\/planitpower.com\/fr\/wp-json\/wp\/v2\/media\/5947"}],"wp:attachment":[{"href":"https:\/\/planitpower.com\/fr\/wp-json\/wp\/v2\/media?parent=5942"}],"wp:term":[{"taxonomy":"product_brand","embeddable":true,"href":"https:\/\/planitpower.com\/fr\/wp-json\/wp\/v2\/product_brand?post=5942"},{"taxonomy":"product_cat","embeddable":true,"href":"https:\/\/planitpower.com\/fr\/wp-json\/wp\/v2\/product_cat?post=5942"},{"taxonomy":"product_tag","embeddable":true,"href":"https:\/\/planitpower.com\/fr\/wp-json\/wp\/v2\/product_tag?post=5942"}],"curies":[{"name":"wp","href":"https:\/\/api.w.org\/{rel}","templated":true}]}}