{"id":5957,"date":"2026-01-28T23:33:45","date_gmt":"2026-01-28T23:33:45","guid":{"rendered":"https:\/\/planitpower.com\/?post_type=product&#038;p=5957"},"modified":"2026-01-28T23:33:50","modified_gmt":"2026-01-28T23:33:50","slug":"recuperation-de-chaleur-des-eaux-usees-au-sol","status":"publish","type":"product","link":"https:\/\/planitpower.com\/fr\/boutique\/recuperation-de-chaleur-des-eaux-usees-au-sol\/","title":{"rendered":"R\u00e9cup\u00e9ration de chaleur des eaux de drainage ReQup-FloorDrain \u2013 ReQup-Floor"},"content":{"rendered":"<h2 class=\"wp-block-heading\">Description<\/h2>\n\n\n\n<p>Le <strong>ReQup-Floor<\/strong> est une solution performante <strong>syst\u00e8me de r\u00e9cup\u00e9ration de chaleur des eaux us\u00e9es<\/strong> Con\u00e7u pour r\u00e9cup\u00e9rer l&#039;\u00e9nergie thermique des eaux us\u00e9es de la douche et la r\u00e9utiliser pour pr\u00e9chauffer l&#039;eau froide entrante, ce syst\u00e8me passif, install\u00e9 horizontalement sous le plancher, capte la chaleur qui serait autrement perdue dans les canalisations et la transf\u00e8re \u00e0 l&#039;alimentation en eau froide avant qu&#039;elle n&#039;atteigne le mitigeur de douche ou le chauffe-eau.<\/p>\n\n\n\n<p>Gr\u00e2ce \u00e0 sa conception compacte et discr\u00e8te, ReQup-Floor est parfaitement adapt\u00e9 aux constructions neuves et aux projets de r\u00e9novation o\u00f9 l&#039;efficacit\u00e9 \u00e9nerg\u00e9tique et le confort sont primordiaux. En r\u00e9duisant la consommation d&#039;\u00e9nergie n\u00e9cessaire au chauffage de l&#039;eau chaude sanitaire, il contribue \u00e0 diminuer la consommation \u00e9nerg\u00e9tique, les co\u00fbts d&#039;exploitation et l&#039;impact environnemental, sans compromettre le confort des utilisateurs.<\/p>\n\n\n\n<h2 class=\"wp-block-heading\">Sp\u00e9cifications techniques<\/h2>\n\n\n\n<figure class=\"wp-block-table\"><table class=\"has-fixed-layout\"><thead><tr><th><strong>Sp\u00e9cifications<\/strong><\/th><th><strong>D\u00e9tails<\/strong><\/th><\/tr><\/thead><tbody><tr><td>Efficacit\u00e9 de r\u00e9cup\u00e9ration de chaleur<\/td><td>Jusqu&#039;\u00e0 <strong>43%<\/strong><\/td><\/tr><tr><td>Pr\u00e9chauffage de l&#039;eau froide<\/td><td>Environ 12 \u00b0C \u2192 plus de 25 \u00b0C<\/td><\/tr><tr><td>Type d&#039;installation<\/td><td>Horizontal, sous le plancher<\/td><\/tr><tr><td>Fonctionnement du syst\u00e8me<\/td><td>Enti\u00e8rement passif<\/td><\/tr><tr><td>Puissance \u00e9lectrique requise<\/td><td>Aucun<\/td><\/tr><tr><td>Types de sols compatibles<\/td><td>Sols carrel\u00e9s, sols flexibles, sous la baignoire<\/td><\/tr><tr><td>Principe d&#039;\u00e9change thermique<\/td><td>\u00c9changeur de chaleur \u00e0 contre-courant<\/td><\/tr><tr><td>Applications typiques<\/td><td>R\u00e9sidentiel, logements collectifs, commercial<\/td><\/tr><tr><td>Exigences de maintenance<\/td><td>Tr\u00e8s bas<\/td><\/tr><\/tbody><\/table><\/figure>\n\n\n\n<p><\/p>","protected":false},"excerpt":{"rendered":"<h2 data-start=\"1226\" data-end=\"1242\">Caract\u00e9ristiques principales<\/h2>\n<p data-start=\"1244\" data-end=\"1498\"><strong data-start=\"1244\" data-end=\"1277\">Haute efficacit\u00e9 de r\u00e9cup\u00e9ration de chaleur<\/strong><br data-start=\"1277\" data-end=\"1280\" \/>ReQup-Floor peut r\u00e9cup\u00e9rer jusqu&#039;\u00e0 <strong data-start=\"1310\" data-end=\"1329\">43% de la chaleur<\/strong> Les eaux us\u00e9es de la douche sont trait\u00e9es. L&#039;eau froide entrante est pr\u00e9chauff\u00e9e de mani\u00e8re significative avant d&#039;atteindre le syst\u00e8me d&#039;eau chaude, ce qui r\u00e9duit la charge sur les chaudi\u00e8res, les pompes \u00e0 chaleur ou les chauffe-eau.<\/p>\n<p data-start=\"1500\" data-end=\"1724\"><strong data-start=\"1500\" data-end=\"1527\">Fonctionnement enti\u00e8rement passif<\/strong><br data-start=\"1527\" data-end=\"1530\" \/>Le syst\u00e8me fonctionne sans \u00e9lectricit\u00e9, sans pompes ni pi\u00e8ces mobiles. Le transfert de chaleur s&#039;effectue gr\u00e2ce \u00e0 un \u00e9changeur de chaleur \u00e0 contre-courant \u00e0 haut rendement, garantissant un fonctionnement fiable et silencieux en toutes circonstances.<\/p>\n<p data-start=\"1726\" data-end=\"2001\"><strong data-start=\"1726\" data-end=\"1765\">Installation horizontale sous plancher<\/strong><br data-start=\"1765\" data-end=\"1768\" \/>Con\u00e7u sp\u00e9cifiquement pour une installation horizontale, ReQup-Floor s&#039;adapte sous les sols carrel\u00e9s ou souples et peut \u00e9galement \u00eatre install\u00e9 sous les baignoires. Il est ainsi id\u00e9al pour les salles de bains o\u00f9 les solutions de r\u00e9cup\u00e9ration de chaleur verticales ne sont pas envisageables.<\/p>\n<p data-start=\"2003\" data-end=\"2226\"><strong data-start=\"2003\" data-end=\"2040\">Faible entretien et longue dur\u00e9e de vie<\/strong><br data-start=\"2040\" data-end=\"2043\" \/>D\u00e9pourvu de composants m\u00e9caniques, ReQup-Floor n\u00e9cessite un entretien minimal et offre une durabilit\u00e9 exceptionnelle. Sa conception garantit des performances stables dans le temps, m\u00eame en cas d&#039;utilisation quotidienne fr\u00e9quente.<\/p>\n<p data-start=\"2228\" data-end=\"2411\"><strong data-start=\"2228\" data-end=\"2266\">Adapt\u00e9 \u00e0 de multiples applications<\/strong><br data-start=\"2266\" data-end=\"2269\" \/>Ce syst\u00e8me convient aux maisons individuelles, aux immeubles d&#039;appartements, aux h\u00f4tels, aux installations sportives et autres b\u00e2timents o\u00f9 l&#039;utilisation des douches est r\u00e9guli\u00e8re.<\/p>","protected":false},"featured_media":5960,"comment_status":"open","ping_status":"closed","template":"","meta":{"jetpack_post_was_ever_published":false,"jetpack_publicize_message":"","jetpack_publicize_feature_enabled":true,"jetpack_social_post_already_shared":true,"jetpack_social_options":{"image_generator_settings":{"template":"highway","default_image_id":0,"font":"","enabled":false},"version":2}},"product_brand":[222],"product_cat":[221],"product_tag":[],"class_list":{"0":"post-5957","1":"product","2":"type-product","3":"status-publish","4":"has-post-thumbnail","6":"product_brand-herwin-energie","7":"product_cat-waste-water-heat-recovery","9":"first","10":"instock","11":"taxable","12":"shipping-taxable","13":"purchasable","14":"product-type-variable"},"yoast_head":"<!-- This site is optimized with the Yoast SEO plugin v27.3 - https:\/\/yoast.com\/product\/yoast-seo-wordpress\/ -->\n<title>ReQup-FloorDrain Water Heat Recovery - ReQup-Floor - Planitpower<\/title>\n<meta name=\"description\" content=\"ReQup-Floor wastewater heat recovery system recovers up to 43% of shower heat to preheat cold water, reducing hot water energy use and improving bathroom energy efficiency.\" \/>\n<meta name=\"robots\" content=\"index, follow, max-snippet:-1, max-image-preview:large, max-video-preview:-1\" \/>\n<link rel=\"canonical\" href=\"https:\/\/planitpower.com\/fr\/boutique\/recuperation-de-chaleur-des-eaux-usees-au-sol\/\" \/>\n<meta property=\"og:locale\" content=\"fr_FR\" \/>\n<meta property=\"og:type\" content=\"article\" \/>\n<meta property=\"og:title\" content=\"ReQup-FloorDrain Water Heat Recovery - ReQup-Floor - Planitpower\" \/>\n<meta property=\"og:description\" content=\"ReQup-Floor wastewater heat recovery system recovers up to 43% of shower heat to preheat cold water, reducing hot water energy use and improving bathroom energy efficiency.\" \/>\n<meta property=\"og:url\" content=\"https:\/\/planitpower.com\/fr\/boutique\/recuperation-de-chaleur-des-eaux-usees-au-sol\/\" \/>\n<meta property=\"og:site_name\" content=\"Planitpower\" \/>\n<meta property=\"article:modified_time\" content=\"2026-01-28T23:33:50+00:00\" \/>\n<meta property=\"og:image\" content=\"https:\/\/i0.wp.com\/planitpower.com\/wp-content\/uploads\/2026\/01\/67cd9b20e3ca9f1f187e1d50_requp-floor-carrelage-cerif.webp?fit=1750%2C1166&ssl=1\" \/>\n\t<meta property=\"og:image:width\" content=\"1750\" \/>\n\t<meta property=\"og:image:height\" content=\"1166\" \/>\n\t<meta property=\"og:image:type\" content=\"image\/webp\" \/>\n<meta name=\"twitter:card\" content=\"summary_large_image\" \/>\n<meta name=\"twitter:label1\" content=\"Dur\u00e9e de lecture estim\u00e9e\" \/>\n\t<meta name=\"twitter:data1\" content=\"1 minute\" \/>\n<script type=\"application\/ld+json\" class=\"yoast-schema-graph\">{\"@context\":\"https:\\\/\\\/schema.org\",\"@graph\":[{\"@type\":\"WebPage\",\"@id\":\"https:\\\/\\\/planitpower.com\\\/shop\\\/requp-floor-wastewater-heat-recovery\\\/\",\"url\":\"https:\\\/\\\/planitpower.com\\\/shop\\\/requp-floor-wastewater-heat-recovery\\\/\",\"name\":\"ReQup-FloorDrain Water Heat Recovery - ReQup-Floor - Planitpower\",\"isPartOf\":{\"@id\":\"https:\\\/\\\/planitpower.com\\\/#website\"},\"primaryImageOfPage\":{\"@id\":\"https:\\\/\\\/planitpower.com\\\/shop\\\/requp-floor-wastewater-heat-recovery\\\/#primaryimage\"},\"image\":{\"@id\":\"https:\\\/\\\/planitpower.com\\\/shop\\\/requp-floor-wastewater-heat-recovery\\\/#primaryimage\"},\"thumbnailUrl\":\"https:\\\/\\\/i0.wp.com\\\/planitpower.com\\\/wp-content\\\/uploads\\\/2026\\\/01\\\/67cd9b20e3ca9f1f187e1d50_requp-floor-carrelage-cerif.webp?fit=1750%2C1166&ssl=1\",\"datePublished\":\"2026-01-28T23:33:45+00:00\",\"dateModified\":\"2026-01-28T23:33:50+00:00\",\"description\":\"ReQup-Floor wastewater heat recovery system recovers up to 43% of shower heat to preheat cold water, reducing hot water energy use and improving bathroom energy efficiency.\",\"breadcrumb\":{\"@id\":\"https:\\\/\\\/planitpower.com\\\/shop\\\/requp-floor-wastewater-heat-recovery\\\/#breadcrumb\"},\"inLanguage\":\"fr-FR\",\"potentialAction\":[{\"@type\":\"ReadAction\",\"target\":[\"https:\\\/\\\/planitpower.com\\\/shop\\\/requp-floor-wastewater-heat-recovery\\\/\"]}]},{\"@type\":\"ImageObject\",\"inLanguage\":\"fr-FR\",\"@id\":\"https:\\\/\\\/planitpower.com\\\/shop\\\/requp-floor-wastewater-heat-recovery\\\/#primaryimage\",\"url\":\"https:\\\/\\\/i0.wp.com\\\/planitpower.com\\\/wp-content\\\/uploads\\\/2026\\\/01\\\/67cd9b20e3ca9f1f187e1d50_requp-floor-carrelage-cerif.webp?fit=1750%2C1166&ssl=1\",\"contentUrl\":\"https:\\\/\\\/i0.wp.com\\\/planitpower.com\\\/wp-content\\\/uploads\\\/2026\\\/01\\\/67cd9b20e3ca9f1f187e1d50_requp-floor-carrelage-cerif.webp?fit=1750%2C1166&ssl=1\",\"width\":1750,\"height\":1166,\"caption\":\"ReQup-FloorDrain Water Heat Recovery - ReQup-Floor - Planitpower - 1\"},{\"@type\":\"BreadcrumbList\",\"@id\":\"https:\\\/\\\/planitpower.com\\\/shop\\\/requp-floor-wastewater-heat-recovery\\\/#breadcrumb\",\"itemListElement\":[{\"@type\":\"ListItem\",\"position\":1,\"name\":\"Home\",\"item\":\"https:\\\/\\\/planitpower.com\\\/\"},{\"@type\":\"ListItem\",\"position\":2,\"name\":\"SHOP\",\"item\":\"https:\\\/\\\/planitpower.com\\\/shop\\\/\"},{\"@type\":\"ListItem\",\"position\":3,\"name\":\"ReQup-FloorDrain Water Heat Recovery &#8211; ReQup-Floor\"}]},{\"@type\":\"WebSite\",\"@id\":\"https:\\\/\\\/planitpower.com\\\/#website\",\"url\":\"https:\\\/\\\/planitpower.com\\\/\",\"name\":\"Planitpower\",\"description\":\"Inspire energy\",\"publisher\":{\"@id\":\"https:\\\/\\\/planitpower.com\\\/#\\\/schema\\\/person\\\/b531587eda267b930b04174d12de6efa\"},\"potentialAction\":[{\"@type\":\"SearchAction\",\"target\":{\"@type\":\"EntryPoint\",\"urlTemplate\":\"https:\\\/\\\/planitpower.com\\\/?s={search_term_string}\"},\"query-input\":{\"@type\":\"PropertyValueSpecification\",\"valueRequired\":true,\"valueName\":\"search_term_string\"}}],\"inLanguage\":\"fr-FR\"},{\"@type\":[\"Person\",\"Organization\"],\"@id\":\"https:\\\/\\\/planitpower.com\\\/#\\\/schema\\\/person\\\/b531587eda267b930b04174d12de6efa\",\"name\":\"Editorial Team\",\"image\":{\"@type\":\"ImageObject\",\"inLanguage\":\"fr-FR\",\"@id\":\"https:\\\/\\\/i0.wp.com\\\/planitpower.com\\\/wp-content\\\/uploads\\\/2025\\\/12\\\/cropped-planitpower_circle_375x375.png?fit=512%2C512&ssl=1\",\"url\":\"https:\\\/\\\/i0.wp.com\\\/planitpower.com\\\/wp-content\\\/uploads\\\/2025\\\/12\\\/cropped-planitpower_circle_375x375.png?fit=512%2C512&ssl=1\",\"contentUrl\":\"https:\\\/\\\/i0.wp.com\\\/planitpower.com\\\/wp-content\\\/uploads\\\/2025\\\/12\\\/cropped-planitpower_circle_375x375.png?fit=512%2C512&ssl=1\",\"width\":512,\"height\":512,\"caption\":\"Editorial Team\"},\"logo\":{\"@id\":\"https:\\\/\\\/i0.wp.com\\\/planitpower.com\\\/wp-content\\\/uploads\\\/2025\\\/12\\\/cropped-planitpower_circle_375x375.png?fit=512%2C512&ssl=1\"},\"sameAs\":[\"https:\\\/\\\/Planitpower.com\"]}]}<\/script>\n<!-- \/ Yoast SEO plugin. -->","yoast_head_json":{"title":"R\u00e9cup\u00e9ration de chaleur des eaux de drainage ReQup-FloorDroor - ReQup-Floor - Planitpower","description":"Le syst\u00e8me de r\u00e9cup\u00e9ration de chaleur des eaux us\u00e9es ReQup-Floor r\u00e9cup\u00e8re jusqu&#039;\u00e0 43% de chaleur de douche pour pr\u00e9chauffer l&#039;eau froide, r\u00e9duisant ainsi la consommation d&#039;\u00e9nergie pour l&#039;eau chaude et am\u00e9liorant l&#039;efficacit\u00e9 \u00e9nerg\u00e9tique de la salle de bain.","robots":{"index":"index","follow":"follow","max-snippet":"max-snippet:-1","max-image-preview":"max-image-preview:large","max-video-preview":"max-video-preview:-1"},"canonical":"https:\/\/planitpower.com\/fr\/boutique\/recuperation-de-chaleur-des-eaux-usees-au-sol\/","og_locale":"fr_FR","og_type":"article","og_title":"ReQup-FloorDrain Water Heat Recovery - ReQup-Floor - Planitpower","og_description":"ReQup-Floor wastewater heat recovery system recovers up to 43% of shower heat to preheat cold water, reducing hot water energy use and improving bathroom energy efficiency.","og_url":"https:\/\/planitpower.com\/fr\/boutique\/recuperation-de-chaleur-des-eaux-usees-au-sol\/","og_site_name":"Planitpower","article_modified_time":"2026-01-28T23:33:50+00:00","og_image":[{"width":1750,"height":1166,"url":"https:\/\/i0.wp.com\/planitpower.com\/wp-content\/uploads\/2026\/01\/67cd9b20e3ca9f1f187e1d50_requp-floor-carrelage-cerif.webp?fit=1750%2C1166&ssl=1","type":"image\/webp"}],"twitter_card":"summary_large_image","twitter_misc":{"Dur\u00e9e de lecture estim\u00e9e":"1 minute"},"schema":{"@context":"https:\/\/schema.org","@graph":[{"@type":"WebPage","@id":"https:\/\/planitpower.com\/shop\/requp-floor-wastewater-heat-recovery\/","url":"https:\/\/planitpower.com\/shop\/requp-floor-wastewater-heat-recovery\/","name":"R\u00e9cup\u00e9ration de chaleur des eaux de drainage ReQup-FloorDroor - ReQup-Floor - Planitpower","isPartOf":{"@id":"https:\/\/planitpower.com\/#website"},"primaryImageOfPage":{"@id":"https:\/\/planitpower.com\/shop\/requp-floor-wastewater-heat-recovery\/#primaryimage"},"image":{"@id":"https:\/\/planitpower.com\/shop\/requp-floor-wastewater-heat-recovery\/#primaryimage"},"thumbnailUrl":"https:\/\/i0.wp.com\/planitpower.com\/wp-content\/uploads\/2026\/01\/67cd9b20e3ca9f1f187e1d50_requp-floor-carrelage-cerif.webp?fit=1750%2C1166&ssl=1","datePublished":"2026-01-28T23:33:45+00:00","dateModified":"2026-01-28T23:33:50+00:00","description":"Le syst\u00e8me de r\u00e9cup\u00e9ration de chaleur des eaux us\u00e9es ReQup-Floor r\u00e9cup\u00e8re jusqu&#039;\u00e0 43% de chaleur de douche pour pr\u00e9chauffer l&#039;eau froide, r\u00e9duisant ainsi la consommation d&#039;\u00e9nergie pour l&#039;eau chaude et am\u00e9liorant l&#039;efficacit\u00e9 \u00e9nerg\u00e9tique de la salle de bain.","breadcrumb":{"@id":"https:\/\/planitpower.com\/shop\/requp-floor-wastewater-heat-recovery\/#breadcrumb"},"inLanguage":"fr-FR","potentialAction":[{"@type":"ReadAction","target":["https:\/\/planitpower.com\/shop\/requp-floor-wastewater-heat-recovery\/"]}]},{"@type":"ImageObject","inLanguage":"fr-FR","@id":"https:\/\/planitpower.com\/shop\/requp-floor-wastewater-heat-recovery\/#primaryimage","url":"https:\/\/i0.wp.com\/planitpower.com\/wp-content\/uploads\/2026\/01\/67cd9b20e3ca9f1f187e1d50_requp-floor-carrelage-cerif.webp?fit=1750%2C1166&ssl=1","contentUrl":"https:\/\/i0.wp.com\/planitpower.com\/wp-content\/uploads\/2026\/01\/67cd9b20e3ca9f1f187e1d50_requp-floor-carrelage-cerif.webp?fit=1750%2C1166&ssl=1","width":1750,"height":1166,"caption":"ReQup-FloorDrain Water Heat Recovery - ReQup-Floor - Planitpower - 1"},{"@type":"BreadcrumbList","@id":"https:\/\/planitpower.com\/shop\/requp-floor-wastewater-heat-recovery\/#breadcrumb","itemListElement":[{"@type":"ListItem","position":1,"name":"Home","item":"https:\/\/planitpower.com\/"},{"@type":"ListItem","position":2,"name":"SHOP","item":"https:\/\/planitpower.com\/shop\/"},{"@type":"ListItem","position":3,"name":"ReQup-FloorDrain Water Heat Recovery &#8211; ReQup-Floor"}]},{"@type":"WebSite","@id":"https:\/\/planitpower.com\/#website","url":"https:\/\/planitpower.com\/","name":"Planitpower","description":"Inspirons l'\u00e9nergie!","publisher":{"@id":"https:\/\/planitpower.com\/#\/schema\/person\/b531587eda267b930b04174d12de6efa"},"potentialAction":[{"@type":"SearchAction","target":{"@type":"EntryPoint","urlTemplate":"https:\/\/planitpower.com\/?s={search_term_string}"},"query-input":{"@type":"PropertyValueSpecification","valueRequired":true,"valueName":"search_term_string"}}],"inLanguage":"fr-FR"},{"@type":["Person","Organization"],"@id":"https:\/\/planitpower.com\/#\/schema\/person\/b531587eda267b930b04174d12de6efa","name":"Equipe \u00e9ditoriale","image":{"@type":"ImageObject","inLanguage":"fr-FR","@id":"https:\/\/i0.wp.com\/planitpower.com\/wp-content\/uploads\/2025\/12\/cropped-planitpower_circle_375x375.png?fit=512%2C512&ssl=1","url":"https:\/\/i0.wp.com\/planitpower.com\/wp-content\/uploads\/2025\/12\/cropped-planitpower_circle_375x375.png?fit=512%2C512&ssl=1","contentUrl":"https:\/\/i0.wp.com\/planitpower.com\/wp-content\/uploads\/2025\/12\/cropped-planitpower_circle_375x375.png?fit=512%2C512&ssl=1","width":512,"height":512,"caption":"Editorial Team"},"logo":{"@id":"https:\/\/i0.wp.com\/planitpower.com\/wp-content\/uploads\/2025\/12\/cropped-planitpower_circle_375x375.png?fit=512%2C512&ssl=1"},"sameAs":["https:\/\/Planitpower.com"]}]}},"jetpack_publicize_connections":[],"jetpack_likes_enabled":true,"jetpack_sharing_enabled":true,"jetpack-related-posts":[{"id":5930,"url":"https:\/\/planitpower.com\/fr\/boutique\/requp-plus-qb1\/","url_meta":{"origin":5957,"position":0},"title":"ReQup-Plus QB1","author":"Editorial Team","date":"25\/01\/2026","format":false,"excerpt":"Caract\u00e9ristiques principales\u00a0: Haute efficacit\u00e9 de r\u00e9cup\u00e9ration de chaleur \u2013 R\u00e9cup\u00e8re jusqu\u2019\u00e0 environ 66\u00a0% de l\u2019\u00e9nergie thermique des eaux us\u00e9es, r\u00e9duisant consid\u00e9rablement la consommation d\u2019\u00e9nergie pour l\u2019eau chaude sanitaire. Fonctionnement enti\u00e8rement passif \u2013 Fonctionne sans \u00e9lectricit\u00e9, sans pompes ni pi\u00e8ces mobiles, garantissant un fonctionnement silencieux et une fiabilit\u00e9 \u00e0 long terme. Conception sans entretien \u2013 Sa construction robuste \u00e9limine tout besoin d\u2019entretien\u2026","rel":"","context":"Article similaire","block_context":{"text":"Article similaire","link":""},"img":{"alt_text":"ReQup-Plus QB1 - Planitpower- 1","src":"https:\/\/i0.wp.com\/planitpower.com\/wp-content\/uploads\/2026\/01\/Screenshot-2026-01-24-225813.webp?fit=398%2C377&ssl=1&resize=350%2C200","width":350,"height":200},"classes":[]},{"id":5942,"url":"https:\/\/planitpower.com\/fr\/boutique\/douches-economisez-bleu\/","url_meta":{"origin":5957,"position":1},"title":"Douches \u00e9conomisez bleu","author":"Editorial Team","date":"25\/01\/2026","format":false,"excerpt":"Main Features Recovers heat from shower wastewater to preheat cold water Reduces energy consumption for domestic hot water Compact and discreet design for easy integration Works without electricity or moving parts Compatible with standard shower installations Durable construction designed for long-term performance Low maintenance and hygienic operation","rel":"","context":"Article similaire","block_context":{"text":"Article similaire","link":""},"img":{"alt_text":"","src":"https:\/\/i0.wp.com\/planitpower.com\/wp-content\/uploads\/2026\/01\/67ce992ac92bf146ae32e536_showersave-blue-mod.webp?fit=300%2C300&ssl=1&resize=350%2C200","width":350,"height":200},"classes":[]},{"id":5952,"url":"https:\/\/planitpower.com\/fr\/boutique\/douches-sauver-bleu-il\/","url_meta":{"origin":5957,"position":2},"title":"Douchesave Bleu Haute efficacit\u00e9 HE","author":"Editorial Team","date":"25\/01\/2026","format":false,"excerpt":"Caract\u00e9ristiques principales : R\u00e9cup\u00e9ration de chaleur am\u00e9lior\u00e9e par rapport \u00e0 la version standard ; efficacit\u00e9 accrue gr\u00e2ce \u00e0 une conception optimis\u00e9e de l&#039;\u00e9changeur de chaleur ; r\u00e9duction suppl\u00e9mentaire de la consommation d&#039;\u00e9nergie pour l&#039;eau chaude sanitaire ; fonctionnement enti\u00e8rement passif, sans \u00e9lectricit\u00e9 ; construction robuste et durable pour une longue dur\u00e9e de vie ; compatible avec les syst\u00e8mes de douche et de plomberie courants ; contribue aux objectifs d&#039;efficacit\u00e9 \u00e9nerg\u00e9tique et de d\u00e9veloppement durable.","rel":"","context":"Article similaire","block_context":{"text":"Article similaire","link":""},"img":{"alt_text":"","src":"https:\/\/i0.wp.com\/planitpower.com\/wp-content\/uploads\/2026\/01\/67ce992ac92bf146ae32e536_showersave-blue-mod.webp?fit=300%2C300&ssl=1&resize=350%2C200","width":350,"height":200},"classes":[]},{"id":4343,"url":"https:\/\/planitpower.com\/fr\/boutique\/thermostat-de-chauffage-au-sol-aqara-w500\/","url_meta":{"origin":5957,"position":3},"title":"Thermostat de chauffage au sol Aqara W500","author":"Editorial Team","date":"25\/12\/2025","format":false,"excerpt":"Main Features Smart Control and Automation \u2013 Manage your floor heating remotely through the Aqara Home app, Apple Home, Alexa, or Google Assistant. Supports automations and scenes for effortless temperature control. Matter Compatibility \u2013 Fully compatible with Matter over Wi-Fi, enabling integration with major smart home ecosystems such as Apple\u2026","rel":"","context":"Article similaire","block_context":{"text":"Article similaire","link":""},"img":{"alt_text":"Floor Heating Thermostat W500 - planitpower - 3","src":"https:\/\/i0.wp.com\/planitpower.com\/wp-content\/uploads\/2025\/11\/6975833357901-1.png?fit=1200%2C1200&ssl=1&resize=350%2C200","width":350,"height":200,"srcset":"https:\/\/i0.wp.com\/planitpower.com\/wp-content\/uploads\/2025\/11\/6975833357901-1.png?fit=1200%2C1200&ssl=1&resize=350%2C200 1x, https:\/\/i0.wp.com\/planitpower.com\/wp-content\/uploads\/2025\/11\/6975833357901-1.png?fit=1200%2C1200&ssl=1&resize=525%2C300 1.5x, https:\/\/i0.wp.com\/planitpower.com\/wp-content\/uploads\/2025\/11\/6975833357901-1.png?fit=1200%2C1200&ssl=1&resize=700%2C400 2x, https:\/\/i0.wp.com\/planitpower.com\/wp-content\/uploads\/2025\/11\/6975833357901-1.png?fit=1200%2C1200&ssl=1&resize=1050%2C600 3x"},"classes":[]},{"id":4708,"url":"https:\/\/planitpower.com\/fr\/boutique\/thermostat-heatit-wi-fi-6\/","url_meta":{"origin":5957,"position":4},"title":"Thermostat Heatit WiFi6","author":"Editorial Team","date":"19\/11\/2025","format":false,"excerpt":"Main Features Smart thermostat with Wi-Fi 2.4GHz and Bluetooth Low Energy connectivity Can be controlled via mobile app or directly on the front panel Supports local API communication for integration without cloud access Three operating modes: Heat, Cool and Eco Built-in room sensor plus support for external NTC temperature and\u2026","rel":"","context":"Article similaire","block_context":{"text":"Article similaire","link":""},"img":{"alt_text":"","src":"","width":0,"height":0},"classes":[]},{"id":4737,"url":"https:\/\/planitpower.com\/fr\/boutique\/thermostat-de-chauffage-electrique-domestique-mco-avec-capteur-dhumidite\/","url_meta":{"origin":5957,"position":5},"title":"Thermostat de chauffage \u00e9lectrique domestique MCO avec capteur d&#039;humidit\u00e9, version 2","author":"Editorial Team","date":"19\/11\/2025","format":false,"excerpt":"Main Features Z-Wave thermostat for electrical heating systems, compatible with leading smart home gateways. Integrated temperature and humidity sensors for accurate climate monitoring. Capacitive touch glass panel, offering a premium, modern interface. Multiple heating modes, including manual, energy-saving, and programmable schedules. Built-in overload and safety protection for reliable operation. LED\u2026","rel":"","context":"Article similaire","block_context":{"text":"Article similaire","link":""},"img":{"alt_text":"MCO Home Electrical Heating Thermostat with humidity sensor Version 2 - planitpower","src":"https:\/\/i0.wp.com\/planitpower.com\/wp-content\/uploads\/2025\/11\/MH7-WH.jpg?fit=423%2C423&ssl=1&resize=350%2C200","width":350,"height":200},"classes":[]}],"_links":{"self":[{"href":"https:\/\/planitpower.com\/fr\/wp-json\/wp\/v2\/product\/5957","targetHints":{"allow":["GET"]}}],"collection":[{"href":"https:\/\/planitpower.com\/fr\/wp-json\/wp\/v2\/product"}],"about":[{"href":"https:\/\/planitpower.com\/fr\/wp-json\/wp\/v2\/types\/product"}],"replies":[{"embeddable":true,"href":"https:\/\/planitpower.com\/fr\/wp-json\/wp\/v2\/comments?post=5957"}],"version-history":[{"count":4,"href":"https:\/\/planitpower.com\/fr\/wp-json\/wp\/v2\/product\/5957\/revisions"}],"predecessor-version":[{"id":5971,"href":"https:\/\/planitpower.com\/fr\/wp-json\/wp\/v2\/product\/5957\/revisions\/5971"}],"wp:featuredmedia":[{"embeddable":true,"href":"https:\/\/planitpower.com\/fr\/wp-json\/wp\/v2\/media\/5960"}],"wp:attachment":[{"href":"https:\/\/planitpower.com\/fr\/wp-json\/wp\/v2\/media?parent=5957"}],"wp:term":[{"taxonomy":"product_brand","embeddable":true,"href":"https:\/\/planitpower.com\/fr\/wp-json\/wp\/v2\/product_brand?post=5957"},{"taxonomy":"product_cat","embeddable":true,"href":"https:\/\/planitpower.com\/fr\/wp-json\/wp\/v2\/product_cat?post=5957"},{"taxonomy":"product_tag","embeddable":true,"href":"https:\/\/planitpower.com\/fr\/wp-json\/wp\/v2\/product_tag?post=5957"}],"curies":[{"name":"wp","href":"https:\/\/api.w.org\/{rel}","templated":true}]}}